{"id":45193,"date":"2026-04-20T12:39:12","date_gmt":"2026-04-20T12:39:12","guid":{"rendered":"https:\/\/singuli.wpress.me\/index.php\/proizvod\/toshiba-cink-baterije-r14-c-2-kom\/"},"modified":"2026-04-20T12:39:12","modified_gmt":"2026-04-20T12:39:12","slug":"toshiba-cink-baterije-r14-c-2-kom","status":"publish","type":"product","link":"https:\/\/singuli.wpress.me\/index.php\/proizvod\/toshiba-cink-baterije-r14-c-2-kom\/","title":{"rendered":"TOSHIBA, cink baterije, R14 C, 2\u00a0kom"},"content":{"rendered":"<p>Toshiba Cink baterije mogu se prona\u0107i u razli\u010ditim oblicima kao \u0161to su AA, AAA, C, D, 9V te su kao takve prigodne za ure\u0111aje koji tro\u0161e manje energije; poput ru\u010dnih svjetiljki, alarma, radio ure\u0111aja te daljinskih upravlja\u010da. <\/p>\n","protected":false},"excerpt":{"rendered":"<p>Razli\u010diti oblici baterija<br \/>\nPrigodne za ure\u0111aje koji tro\u0161e manje energije<br \/>\nJedan paket sadr\u017ei 2 komada<\/p>\n","protected":false},"featured_media":45194,"template":"","meta":{"_seopress_robots_primary_cat":"","_seopress_titles_title":"","_seopress_titles_desc":"","_seopress_robots_index":"","iawp_total_views":0},"product_brand":[379],"product_cat":[274,238],"product_tag":[],"class_list":{"0":"post-45193","1":"product","2":"type-product","3":"status-publish","4":"has-post-thumbnail","6":"product_brand-toshiba","7":"product_cat-kucanski-pribor-238","8":"product_cat-sve-za-dom","10":"first","11":"outofstock","12":"shipping-taxable","13":"purchasable","14":"product-type-simple"},"_links":{"self":[{"href":"https:\/\/singuli.wpress.me\/index.php\/wp-json\/wp\/v2\/product\/45193","targetHints":{"allow":["GET"]}}],"collection":[{"href":"https:\/\/singuli.wpress.me\/index.php\/wp-json\/wp\/v2\/product"}],"about":[{"href":"https:\/\/singuli.wpress.me\/index.php\/wp-json\/wp\/v2\/types\/product"}],"version-history":[{"count":0,"href":"https:\/\/singuli.wpress.me\/index.php\/wp-json\/wp\/v2\/product\/45193\/revisions"}],"wp:featuredmedia":[{"embeddable":true,"href":"https:\/\/singuli.wpress.me\/index.php\/wp-json\/wp\/v2\/media\/45194"}],"wp:attachment":[{"href":"https:\/\/singuli.wpress.me\/index.php\/wp-json\/wp\/v2\/media?parent=45193"}],"wp:term":[{"taxonomy":"product_brand","embeddable":true,"href":"https:\/\/singuli.wpress.me\/index.php\/wp-json\/wp\/v2\/product_brand?post=45193"},{"taxonomy":"product_cat","embeddable":true,"href":"https:\/\/singuli.wpress.me\/index.php\/wp-json\/wp\/v2\/product_cat?post=45193"},{"taxonomy":"product_tag","embeddable":true,"href":"https:\/\/singuli.wpress.me\/index.php\/wp-json\/wp\/v2\/product_tag?post=45193"}],"curies":[{"name":"wp","href":"https:\/\/api.w.org\/{rel}","templated":true}]}}