{"id":45195,"date":"2026-04-20T12:39:12","date_gmt":"2026-04-20T12:39:12","guid":{"rendered":"https:\/\/singuli.wpress.me\/index.php\/proizvod\/glade-osvjezivac-zraka-u-gelu-lavanda-150-g-2\/"},"modified":"2026-04-20T12:39:12","modified_gmt":"2026-04-20T12:39:12","slug":"glade-osvjezivac-zraka-u-gelu-lavanda-150-g-2","status":"publish","type":"product","link":"https:\/\/singuli.wpress.me\/index.php\/proizvod\/glade-osvjezivac-zraka-u-gelu-lavanda-150-g-2\/","title":{"rendered":"GLADE, osvje\u017eiva\u010d zraka u gelu, lavanda, 150\u00a0g"},"content":{"rendered":"<p>Glade\u00ae Gel Lavanda osvje\u017eiva\u010d je prostora u gelu koji upija i odstranjuje sve neugodne mirise te ih zamjenjuje diskretnim i ugodnim mirisom lavande, ugodno osvje\u017eavaju\u0107i prostor. <\/p>\n<p>Potrebno je odlijepiti naljepnicu s proizvoda kako biste oslobodili miris, a Glade\u00ae gel Lavanda osvje\u017eiva\u010d prostora u gelu uklanjat \u0107e neugodne mirise i do 30 dana. <\/p>\n<p>Prikladan je za kori\u0161tenje kod ku\u0107e i u uredu.<\/p>\n","protected":false},"excerpt":{"rendered":"<p>Osvje\u017eiva\u010d zraka u gelu<br \/>\nDiskretni i ugodni miris lavande<br \/>\nUklanja neugodne mirise i do 30 dana<\/p>\n","protected":false},"featured_media":45196,"template":"","meta":{"_seopress_robots_primary_cat":"","_seopress_titles_title":"","_seopress_titles_desc":"","_seopress_robots_index":"","iawp_total_views":0},"product_brand":[405],"product_cat":[268,278],"product_tag":[],"class_list":{"0":"post-45195","1":"product","2":"type-product","3":"status-publish","4":"has-post-thumbnail","6":"product_brand-glade","7":"product_cat-kozmetika-2","8":"product_cat-njega-tijela-268","10":"first","11":"outofstock","12":"shipping-taxable","13":"purchasable","14":"product-type-simple"},"_links":{"self":[{"href":"https:\/\/singuli.wpress.me\/index.php\/wp-json\/wp\/v2\/product\/45195","targetHints":{"allow":["GET"]}}],"collection":[{"href":"https:\/\/singuli.wpress.me\/index.php\/wp-json\/wp\/v2\/product"}],"about":[{"href":"https:\/\/singuli.wpress.me\/index.php\/wp-json\/wp\/v2\/types\/product"}],"version-history":[{"count":0,"href":"https:\/\/singuli.wpress.me\/index.php\/wp-json\/wp\/v2\/product\/45195\/revisions"}],"wp:featuredmedia":[{"embeddable":true,"href":"https:\/\/singuli.wpress.me\/index.php\/wp-json\/wp\/v2\/media\/45196"}],"wp:attachment":[{"href":"https:\/\/singuli.wpress.me\/index.php\/wp-json\/wp\/v2\/media?parent=45195"}],"wp:term":[{"taxonomy":"product_brand","embeddable":true,"href":"https:\/\/singuli.wpress.me\/index.php\/wp-json\/wp\/v2\/product_brand?post=45195"},{"taxonomy":"product_cat","embeddable":true,"href":"https:\/\/singuli.wpress.me\/index.php\/wp-json\/wp\/v2\/product_cat?post=45195"},{"taxonomy":"product_tag","embeddable":true,"href":"https:\/\/singuli.wpress.me\/index.php\/wp-json\/wp\/v2\/product_tag?post=45195"}],"curies":[{"name":"wp","href":"https:\/\/api.w.org\/{rel}","templated":true}]}}