{"id":45200,"date":"2026-04-20T12:39:13","date_gmt":"2026-04-20T12:39:13","guid":{"rendered":"https:\/\/singuli.wpress.me\/index.php\/proizvod\/dash-allin1-touch-of-lenor-amber-kapsule-za-pranje-rublja-38-pranja\/"},"modified":"2026-04-20T12:39:13","modified_gmt":"2026-04-20T12:39:13","slug":"dash-allin1-touch-of-lenor-amber-kapsule-za-pranje-rublja-38-pranja","status":"publish","type":"product","link":"https:\/\/singuli.wpress.me\/index.php\/proizvod\/dash-allin1-touch-of-lenor-amber-kapsule-za-pranje-rublja-38-pranja\/","title":{"rendered":"DASH Allin1 Touch Of Lenor Amber, kapsule za pranje rublja, 38 pranja"},"content":{"rendered":"<p>Izvanredna snaga \u010di\u0161\u0107enja u jednoj maloj kapsuli. Deterd\u017eent Dash Allin1 Pods Touch of Lenor na va\u0161oj odje\u0107i ostavlja nevjerojatnu mirisnu svje\u017einu lavande. <\/p>\n<p>Kapsule deterd\u017eenta Dash imaju jedinstven dizajn s odvojenim odjeljcima koji omogu\u0107uje da sastojci ostanu stabilni i odvojeni sve dok ne zapo\u010dne pranje kako bi mogli pru\u017eiti superkoncentriranu snagu \u010di\u0161\u0107enja. Inovativni film Dashovih kapsula u potpunosti se otapa u kontaktu s vodom te tako osloba\u0111a napredne tehnologije koje mogu ukloniti najrazli\u010ditije mrlje, pru\u017eaju\u0107i vam najbolje rezultate teku\u0107eg Dasha, s najprikladnijom dozom deterd\u017eenta. <\/p>\n<p>Za dodatnu meko\u0107u i svje\u017einu koristite ove kapsule u kombinaciji s nekim od omek\u0161iva\u010da Lenor i mirisnim perlicama Lenor Unstoppables. <\/p>\n","protected":false},"excerpt":{"rendered":"<p>Dubinsko \u010di\u0161\u0107enje, svje\u017eina, meko\u0107a, blistavost<br \/>\nIzvanredna snaga \u010di\u0161\u0107enja u jednoj kapsuli<br \/>\nJednostavna upotreba<\/p>\n","protected":false},"featured_media":45201,"template":"","meta":{"_seopress_robots_primary_cat":"","_seopress_titles_title":"","_seopress_titles_desc":"","_seopress_robots_index":"","iawp_total_views":0},"product_brand":[762],"product_cat":[283,238],"product_tag":[],"class_list":{"0":"post-45200","1":"product","2":"type-product","3":"status-publish","4":"has-post-thumbnail","6":"product_brand-dash","7":"product_cat-pranje-rublja-238","8":"product_cat-sve-za-dom","10":"first","11":"outofstock","12":"shipping-taxable","13":"purchasable","14":"product-type-simple"},"_links":{"self":[{"href":"https:\/\/singuli.wpress.me\/index.php\/wp-json\/wp\/v2\/product\/45200","targetHints":{"allow":["GET"]}}],"collection":[{"href":"https:\/\/singuli.wpress.me\/index.php\/wp-json\/wp\/v2\/product"}],"about":[{"href":"https:\/\/singuli.wpress.me\/index.php\/wp-json\/wp\/v2\/types\/product"}],"version-history":[{"count":0,"href":"https:\/\/singuli.wpress.me\/index.php\/wp-json\/wp\/v2\/product\/45200\/revisions"}],"wp:featuredmedia":[{"embeddable":true,"href":"https:\/\/singuli.wpress.me\/index.php\/wp-json\/wp\/v2\/media\/45201"}],"wp:attachment":[{"href":"https:\/\/singuli.wpress.me\/index.php\/wp-json\/wp\/v2\/media?parent=45200"}],"wp:term":[{"taxonomy":"product_brand","embeddable":true,"href":"https:\/\/singuli.wpress.me\/index.php\/wp-json\/wp\/v2\/product_brand?post=45200"},{"taxonomy":"product_cat","embeddable":true,"href":"https:\/\/singuli.wpress.me\/index.php\/wp-json\/wp\/v2\/product_cat?post=45200"},{"taxonomy":"product_tag","embeddable":true,"href":"https:\/\/singuli.wpress.me\/index.php\/wp-json\/wp\/v2\/product_tag?post=45200"}],"curies":[{"name":"wp","href":"https:\/\/api.w.org\/{rel}","templated":true}]}}