{"id":45202,"date":"2026-04-20T12:39:17","date_gmt":"2026-04-20T12:39:17","guid":{"rendered":"https:\/\/singuli.wpress.me\/index.php\/proizvod\/medex-propolis-defense-apf-30-kapi-na-vodenoj-osnovi-30-ml\/"},"modified":"2026-04-20T12:39:17","modified_gmt":"2026-04-20T12:39:17","slug":"medex-propolis-defense-apf-30-kapi-na-vodenoj-osnovi-30-ml","status":"publish","type":"product","link":"https:\/\/singuli.wpress.me\/index.php\/proizvod\/medex-propolis-defense-apf-30-kapi-na-vodenoj-osnovi-30-ml\/","title":{"rendered":"MEDEX, Propolis defense APF 30 kapi na vodenoj osnovi, 30\u00a0ml"},"content":{"rendered":"<p><span style=\"font-weight: bold\">Medex Propolis Defense APF 30 na vodenoj osnov<\/span>i s kapaljkom je bezalkoholni  teku\u0107i dodatak prehrani s flavonoidima iz propolisa. Propolis na bazi vode, ali sa snagom klasi\u010dnog alkoholnog propolisa. Za ubla\u017eavanje upale grla i \u017edrijela, za za\u0161titu usne sluznice, zuba i desni.  Ne boji zube, ne sadr\u017ei alkohol, a pogodan je i za trudnice, dojilje i djecu stariju od 12. godine. 100% prirodan, bez konzervansa, bez polietilen glikola i propilen glikola. Jedno pakiranje je dovoljno za 20 dana.<\/p>\n<p>Ja\u010dina Medexovih proizvoda Propolis Defense standardizirana je s APF\u00ae faktorom (Active Propolis Flavonoids).<br \/>\nAPF\u00ae 30 zna\u010di da je koncentracija flavonoida iz propolisa minimalno APF 30 mg\/ml.To je najja\u010di propolis na bazi vode na tr\u017ei\u0161tu, s trostrukom standardizacijom. Minimalna koncentracija flavonoida propolisa je 30 mg\/ml. Preporu\u010dena dnevna doza je 45 mg flavonoida. Ne nadra\u017euje sluznicu. Ne ostavlja mrlje na zubnoj caklini. Izvrstan okus prikriva gor\u010dinu propolisa. Standardizirani propolis s APF\u00ae faktorom (aktivni propolis flavonoidi), specificiranje koncentracija flavonoida u proizvodu. Osigurana visoka kvaliteta i ponovljivi u\u010dinak proizvoda.<\/p>\n<p>U dnevnoj dozi (1,5 ml) nalazi se 45 mg flavonoidi iz propolisa.<\/p>\n<p><span style=\"font-weight: bold\">Na\u010din primjene:<\/span><br \/>\nPreporu\u010dena dnevna doza za odrasle i adolescente 12+ je 0,75 ml 2 puta dnevno. Dozirati ga u proizvoljnu teku\u0107inu ili nakapati na \u017elicu meda i konzumirati. Za primjenu u usnoj \u0161upljini 2 puta dnevno, dodajte 0,75 ml otopine propolisa u oko 20 ml vode, ispirite usta pola minute i zatim mo\u017eete progutati.<\/p>\n","protected":false},"excerpt":{"rendered":"<p>Bezalkoholni  teku\u0107i dodatak prehrani s flavonoidima iz propolisa<br \/>\nJa\u010dina Medexovih proizvoda Propolis Defense standardizirana je s APF\u00ae faktorom (Active Propolis Flavonoids)<br \/>\nU dnevnoj dozi (1,5 ml) nalazi se 45 mg flavonoidi iz propolisa<\/p>\n","protected":false},"featured_media":45203,"template":"","meta":{"_seopress_robots_primary_cat":"","_seopress_titles_title":"","_seopress_titles_desc":"","_seopress_robots_index":"","iawp_total_views":0},"product_brand":[415],"product_cat":[268,269],"product_tag":[],"class_list":{"0":"post-45202","1":"product","2":"type-product","3":"status-publish","4":"has-post-thumbnail","6":"product_brand-medex","7":"product_cat-kozmetika-2","8":"product_cat-zastita-koze-268","10":"first","11":"outofstock","12":"shipping-taxable","13":"purchasable","14":"product-type-simple"},"_links":{"self":[{"href":"https:\/\/singuli.wpress.me\/index.php\/wp-json\/wp\/v2\/product\/45202","targetHints":{"allow":["GET"]}}],"collection":[{"href":"https:\/\/singuli.wpress.me\/index.php\/wp-json\/wp\/v2\/product"}],"about":[{"href":"https:\/\/singuli.wpress.me\/index.php\/wp-json\/wp\/v2\/types\/product"}],"version-history":[{"count":0,"href":"https:\/\/singuli.wpress.me\/index.php\/wp-json\/wp\/v2\/product\/45202\/revisions"}],"wp:featuredmedia":[{"embeddable":true,"href":"https:\/\/singuli.wpress.me\/index.php\/wp-json\/wp\/v2\/media\/45203"}],"wp:attachment":[{"href":"https:\/\/singuli.wpress.me\/index.php\/wp-json\/wp\/v2\/media?parent=45202"}],"wp:term":[{"taxonomy":"product_brand","embeddable":true,"href":"https:\/\/singuli.wpress.me\/index.php\/wp-json\/wp\/v2\/product_brand?post=45202"},{"taxonomy":"product_cat","embeddable":true,"href":"https:\/\/singuli.wpress.me\/index.php\/wp-json\/wp\/v2\/product_cat?post=45202"},{"taxonomy":"product_tag","embeddable":true,"href":"https:\/\/singuli.wpress.me\/index.php\/wp-json\/wp\/v2\/product_tag?post=45202"}],"curies":[{"name":"wp","href":"https:\/\/api.w.org\/{rel}","templated":true}]}}