{"id":45208,"date":"2026-04-20T12:39:19","date_gmt":"2026-04-20T12:39:19","guid":{"rendered":"https:\/\/singuli.wpress.me\/index.php\/proizvod\/domo-do9195c-big-croque-toster\/"},"modified":"2026-04-20T12:39:19","modified_gmt":"2026-04-20T12:39:19","slug":"domo-do9195c-big-croque-toster","status":"publish","type":"product","link":"https:\/\/singuli.wpress.me\/index.php\/proizvod\/domo-do9195c-big-croque-toster\/","title":{"rendered":"DOMO DO9195C Big Croque, toster"},"content":{"rendered":"<p>Domo Croque DO9195C je visokokvalitetni toster dizajniran za pripremu ukusnih i hrskavih sendvi\u010da i drugih jela na \u017earu. S dvije velike plo\u010de za pe\u010denje mo\u017eete pripremiti do 2 sendvi\u010da do 13&#215;15,5 cm veli\u010dine istovremeno ili 1 velikih do 26,5&#215;15,5 cm.<br \/>\nTanjuri su oblo\u017eeni neprianjaju\u0107im premazom koji osigurava da se hrana ne\u0107e lijepiti za njih. Osim toga, s podesivim termostatom mo\u017eete jednostavno podesiti temperaturu za savr\u0161eno pe\u010denje i hrskavost.<br \/>\nDomo Croque DO9195C ima robusno i elegantno ku\u0107i\u0161te od nehr\u0111aju\u0107eg \u010delika koje se lako \u010disti vla\u017enom krpom. Uz bolju izolaciju vanjskog omota\u010da posti\u017ee se maksimalna sigurnost tijekom kori\u0161tenja, a svi vanjski dijelovi ure\u0111aja (osim posuda za pe\u010denje) uvijek su samo malo zagrijani. Toplina ne izlazi iz ure\u0111aja u okolinu. Aparat za sendvi\u010de tako \u0161tedi energiju i sprje\u010dava mogu\u0107nost opeklina ruku ili o\u0161te\u0107enja kuhinjskog pulta.<br \/>\nStoga je Domo Croque DO9195C odli\u010dan izbor za sve koji \u017eele ukusne i hrskave sendvi\u010de i druga jela s ro\u0161tilja koja se mogu pripremiti brzo, jednostavno i bez problema.<\/p>\n","protected":false},"excerpt":{"rendered":"<p>Premaz protiv lijepljenja<br \/>\nMo\u017ee se pohraniti uspravno, \u0161to \u0161tedi prostor<br \/>\nNoge protiv klizanja i spremi\u0161te za kabele<\/p>\n","protected":false},"featured_media":45209,"template":"","meta":{"_seopress_robots_primary_cat":"","_seopress_titles_title":"","_seopress_titles_desc":"","_seopress_robots_index":"","iawp_total_views":0},"product_brand":[255],"product_cat":[266,265,160],"product_tag":[],"class_list":{"0":"post-45208","1":"product","2":"type-product","3":"status-publish","4":"has-post-thumbnail","6":"product_brand-domo","7":"product_cat-aparati-za-kuhanje-265","8":"product_cat-kuhinjski-aparati-160","9":"product_cat-mali-kucanski-aparati","11":"first","12":"instock","13":"shipping-taxable","14":"purchasable","15":"product-type-simple"},"_links":{"self":[{"href":"https:\/\/singuli.wpress.me\/index.php\/wp-json\/wp\/v2\/product\/45208","targetHints":{"allow":["GET"]}}],"collection":[{"href":"https:\/\/singuli.wpress.me\/index.php\/wp-json\/wp\/v2\/product"}],"about":[{"href":"https:\/\/singuli.wpress.me\/index.php\/wp-json\/wp\/v2\/types\/product"}],"version-history":[{"count":0,"href":"https:\/\/singuli.wpress.me\/index.php\/wp-json\/wp\/v2\/product\/45208\/revisions"}],"wp:featuredmedia":[{"embeddable":true,"href":"https:\/\/singuli.wpress.me\/index.php\/wp-json\/wp\/v2\/media\/45209"}],"wp:attachment":[{"href":"https:\/\/singuli.wpress.me\/index.php\/wp-json\/wp\/v2\/media?parent=45208"}],"wp:term":[{"taxonomy":"product_brand","embeddable":true,"href":"https:\/\/singuli.wpress.me\/index.php\/wp-json\/wp\/v2\/product_brand?post=45208"},{"taxonomy":"product_cat","embeddable":true,"href":"https:\/\/singuli.wpress.me\/index.php\/wp-json\/wp\/v2\/product_cat?post=45208"},{"taxonomy":"product_tag","embeddable":true,"href":"https:\/\/singuli.wpress.me\/index.php\/wp-json\/wp\/v2\/product_tag?post=45208"}],"curies":[{"name":"wp","href":"https:\/\/api.w.org\/{rel}","templated":true}]}}