{"id":45218,"date":"2026-04-20T12:39:22","date_gmt":"2026-04-20T12:39:22","guid":{"rendered":"https:\/\/singuli.wpress.me\/index.php\/proizvod\/bee-smart-aluminijska-folija-10m\/"},"modified":"2026-04-21T00:27:29","modified_gmt":"2026-04-21T00:27:29","slug":"bee-smart-aluminijska-folija-10m","status":"publish","type":"product","link":"https:\/\/singuli.wpress.me\/index.php\/proizvod\/bee-smart-aluminijska-folija-10m\/","title":{"rendered":"BEE SMART, aluminijska folija, 10m"},"content":{"rendered":"<p>Aluminijska folija za svakodnevno kuhanje, \u010duvanje i preno\u0161enje hrane te odr\u017eavanje topline obroka. \u010cuva hranu svje\u017eom istovremeno je \u0161tite\u010di od svjetlosti i neugodnih mirisa. Prigodna za upotrebu u zamrziva\u010du i pe\u010dnici, na temperaturi  do 200\u00b0 C. Mo\u017ee se koristiti sa obje strane (mat i sjajna).<\/p>\n","protected":false},"excerpt":{"rendered":"<p>Aluminijska folija za svakodnevno kuhanje, \u010duvanje i preno\u0161enje hrane te odr\u017eavanje topline obroka<br \/>\n\u010cuva hranu svje\u017eom te \u0161titi od neugodnih mirisa<br \/>\nPrigodna za upotrebu u zamrziva\u010du i pe\u010dnic<\/p>\n","protected":false},"featured_media":45219,"template":"","meta":{"_seopress_robots_primary_cat":"","_seopress_titles_title":"","_seopress_titles_desc":"","_seopress_robots_index":"","iawp_total_views":0},"product_brand":[862],"product_cat":[274,238],"product_tag":[],"class_list":{"0":"post-45218","1":"product","2":"type-product","3":"status-publish","4":"has-post-thumbnail","6":"product_brand-bee-smart","7":"product_cat-kucanski-pribor-238","8":"product_cat-sve-za-dom","10":"first","11":"instock","12":"shipping-taxable","13":"purchasable","14":"product-type-simple"},"_links":{"self":[{"href":"https:\/\/singuli.wpress.me\/index.php\/wp-json\/wp\/v2\/product\/45218","targetHints":{"allow":["GET"]}}],"collection":[{"href":"https:\/\/singuli.wpress.me\/index.php\/wp-json\/wp\/v2\/product"}],"about":[{"href":"https:\/\/singuli.wpress.me\/index.php\/wp-json\/wp\/v2\/types\/product"}],"version-history":[{"count":0,"href":"https:\/\/singuli.wpress.me\/index.php\/wp-json\/wp\/v2\/product\/45218\/revisions"}],"wp:featuredmedia":[{"embeddable":true,"href":"https:\/\/singuli.wpress.me\/index.php\/wp-json\/wp\/v2\/media\/45219"}],"wp:attachment":[{"href":"https:\/\/singuli.wpress.me\/index.php\/wp-json\/wp\/v2\/media?parent=45218"}],"wp:term":[{"taxonomy":"product_brand","embeddable":true,"href":"https:\/\/singuli.wpress.me\/index.php\/wp-json\/wp\/v2\/product_brand?post=45218"},{"taxonomy":"product_cat","embeddable":true,"href":"https:\/\/singuli.wpress.me\/index.php\/wp-json\/wp\/v2\/product_cat?post=45218"},{"taxonomy":"product_tag","embeddable":true,"href":"https:\/\/singuli.wpress.me\/index.php\/wp-json\/wp\/v2\/product_tag?post=45218"}],"curies":[{"name":"wp","href":"https:\/\/api.w.org\/{rel}","templated":true}]}}