{"id":45223,"date":"2026-04-20T12:39:23","date_gmt":"2026-04-20T12:39:23","guid":{"rendered":"https:\/\/singuli.wpress.me\/index.php\/proizvod\/laica-1068-digitalna-vaga-bijela\/"},"modified":"2026-04-20T12:39:23","modified_gmt":"2026-04-20T12:39:23","slug":"laica-1068-digitalna-vaga-bijela","status":"publish","type":"product","link":"https:\/\/singuli.wpress.me\/index.php\/proizvod\/laica-1068-digitalna-vaga-bijela\/","title":{"rendered":"LAICA 1068, digitalna vaga, bijela"},"content":{"rendered":"<p>Laica digitalna vaga 1068 je napravljena od kvalitetnog\u00a0kaljenog stakla\u00a0i\u00a0prikladna je za maksimalno optere\u0107enje\u00a0do 150\u00a0kg. Precizna je jer daje samo\u00a0100\u00a0g\u00a0odstupanja od izmjerene mase. Odu\u0161evit \u0107e vas modernim dizajnom, s\u00a0kojim \u0107e obogatiti prostor va\u0161eg doma. Ima LCD zaslon, za napajanje je prilo\u017eena baterija CR2032.<\/p>\n","protected":false},"excerpt":{"rendered":"<p>Od kvalitetnog\u00a0kaljenog stakla\u00a0<br \/>\nPrikladna je za maksimalno optere\u0107enje\u00a0do 150\u00a0kg<br \/>\nDo 100\u00a0g\u00a0odstupanja od izmjerene mase<\/p>\n","protected":false},"featured_media":45224,"template":"","meta":{"_seopress_robots_primary_cat":"","_seopress_titles_title":"","_seopress_titles_desc":"","_seopress_robots_index":"","iawp_total_views":0},"product_brand":[148],"product_cat":[266,265,160],"product_tag":[],"class_list":{"0":"post-45223","1":"product","2":"type-product","3":"status-publish","4":"has-post-thumbnail","6":"product_brand-laica","7":"product_cat-aparati-za-kuhanje-265","8":"product_cat-kuhinjski-aparati-160","9":"product_cat-mali-kucanski-aparati","11":"first","12":"instock","13":"shipping-taxable","14":"purchasable","15":"product-type-simple"},"_links":{"self":[{"href":"https:\/\/singuli.wpress.me\/index.php\/wp-json\/wp\/v2\/product\/45223","targetHints":{"allow":["GET"]}}],"collection":[{"href":"https:\/\/singuli.wpress.me\/index.php\/wp-json\/wp\/v2\/product"}],"about":[{"href":"https:\/\/singuli.wpress.me\/index.php\/wp-json\/wp\/v2\/types\/product"}],"version-history":[{"count":0,"href":"https:\/\/singuli.wpress.me\/index.php\/wp-json\/wp\/v2\/product\/45223\/revisions"}],"wp:featuredmedia":[{"embeddable":true,"href":"https:\/\/singuli.wpress.me\/index.php\/wp-json\/wp\/v2\/media\/45224"}],"wp:attachment":[{"href":"https:\/\/singuli.wpress.me\/index.php\/wp-json\/wp\/v2\/media?parent=45223"}],"wp:term":[{"taxonomy":"product_brand","embeddable":true,"href":"https:\/\/singuli.wpress.me\/index.php\/wp-json\/wp\/v2\/product_brand?post=45223"},{"taxonomy":"product_cat","embeddable":true,"href":"https:\/\/singuli.wpress.me\/index.php\/wp-json\/wp\/v2\/product_cat?post=45223"},{"taxonomy":"product_tag","embeddable":true,"href":"https:\/\/singuli.wpress.me\/index.php\/wp-json\/wp\/v2\/product_tag?post=45223"}],"curies":[{"name":"wp","href":"https:\/\/api.w.org\/{rel}","templated":true}]}}