{"id":45229,"date":"2026-04-20T12:39:26","date_gmt":"2026-04-20T12:39:26","guid":{"rendered":"https:\/\/singuli.wpress.me\/index.php\/proizvod\/old-spice-whitewater-poklon-paket\/"},"modified":"2026-04-21T00:27:29","modified_gmt":"2026-04-21T00:27:29","slug":"old-spice-whitewater-poklon-paket","status":"publish","type":"product","link":"https:\/\/singuli.wpress.me\/index.php\/proizvod\/old-spice-whitewater-poklon-paket\/","title":{"rendered":"OLD SPICE Whitewater, poklon paket"},"content":{"rendered":"<p>Miri\u0161i kao mu\u0161karac, \u010dovje\u010de! Nanesi Old Spice Whitewater jer neki ka\u017eu da je njegov supergenijalni miris izgubljena karika prema \u010distoj mu\u017eevnosti. Bilo to to\u010dno ili ne, jedna stvar je sigurna: taj izuzetno svje\u017e miris pomo\u0107i \u0107e ti da se rije\u0161i\u0161 neugodnih tjelesnih mirisa i pratit \u0107e te cijelog dana. <span style=\"font-weight: bold\">Darovni komplet sadr\u017ei gel za tu\u0161iranje 250ml + stick 50ml.<\/span> Pa \u0107e\u0161 dobro mirisati i sebi i drugima. \u0160to \u010deka\u0161? Zgrabi stik Old Spice Whitewater i u\u0111i u legendu.<\/p>\n","protected":false},"excerpt":{"rendered":"<p>Darovni kompleti Old Spice za mu\u0161karce<br \/>\nPaket sadr\u017ei gel za tu\u0161iranje 250ml + stick 50ml<br \/>\nNeodoljivi mu\u0161ki miris<\/p>\n","protected":false},"featured_media":45230,"template":"","meta":{"_seopress_robots_primary_cat":"","_seopress_titles_title":"","_seopress_titles_desc":"","_seopress_robots_index":"","iawp_total_views":0},"product_brand":[448],"product_cat":[261,277],"product_tag":[],"class_list":{"0":"post-45229","1":"product","2":"type-product","3":"status-publish","4":"has-post-thumbnail","6":"product_brand-old-spice","7":"product_cat-hrana-i-pice","8":"product_cat-slatkisi-i-grickalice-261","10":"first","11":"outofstock","12":"shipping-taxable","13":"purchasable","14":"product-type-simple"},"_links":{"self":[{"href":"https:\/\/singuli.wpress.me\/index.php\/wp-json\/wp\/v2\/product\/45229","targetHints":{"allow":["GET"]}}],"collection":[{"href":"https:\/\/singuli.wpress.me\/index.php\/wp-json\/wp\/v2\/product"}],"about":[{"href":"https:\/\/singuli.wpress.me\/index.php\/wp-json\/wp\/v2\/types\/product"}],"version-history":[{"count":0,"href":"https:\/\/singuli.wpress.me\/index.php\/wp-json\/wp\/v2\/product\/45229\/revisions"}],"wp:featuredmedia":[{"embeddable":true,"href":"https:\/\/singuli.wpress.me\/index.php\/wp-json\/wp\/v2\/media\/45230"}],"wp:attachment":[{"href":"https:\/\/singuli.wpress.me\/index.php\/wp-json\/wp\/v2\/media?parent=45229"}],"wp:term":[{"taxonomy":"product_brand","embeddable":true,"href":"https:\/\/singuli.wpress.me\/index.php\/wp-json\/wp\/v2\/product_brand?post=45229"},{"taxonomy":"product_cat","embeddable":true,"href":"https:\/\/singuli.wpress.me\/index.php\/wp-json\/wp\/v2\/product_cat?post=45229"},{"taxonomy":"product_tag","embeddable":true,"href":"https:\/\/singuli.wpress.me\/index.php\/wp-json\/wp\/v2\/product_tag?post=45229"}],"curies":[{"name":"wp","href":"https:\/\/api.w.org\/{rel}","templated":true}]}}