{"id":45234,"date":"2026-04-20T12:39:28","date_gmt":"2026-04-20T12:39:28","guid":{"rendered":"https:\/\/singuli.wpress.me\/index.php\/proizvod\/uni-fortune-rmz-autic-omjer-164\/"},"modified":"2026-04-23T00:28:07","modified_gmt":"2026-04-23T00:28:07","slug":"uni-fortune-rmz-autic-omjer-164","status":"publish","type":"product","link":"https:\/\/singuli.wpress.me\/proizvod\/uni-fortune-rmz-autic-omjer-164\/","title":{"rendered":"UNI-FORTUNE RMZ, auti\u0107, omjer 1:64"},"content":{"rendered":"<p>Kvalitetni modeli vrhunskih marki automobila, pokretni kota\u010di, metalni i plasti\u010dni dijelovi.<\/p>\n<p>Dob: 3+ godine<\/p>\n<p>Auti\u0107i se prodaju pojedina\u010dno.<\/p>\n<p>Igra\u010dka dolazi u vi\u0161e razli\u010ditih modela, a isporuka ovisi o njihovoj trenutnoj raspolo\u017eivosti. <\/p>\n","protected":false},"excerpt":{"rendered":"<p>Kvalitetni modeli vrhunskih marki<br \/>\nAuti\u0107i se prodaju pojedina\u010dno<br \/>\nDob: 3+god<\/p>\n","protected":false},"featured_media":45235,"template":"","meta":{"_seopress_robots_primary_cat":"","_seopress_titles_title":"","_seopress_titles_desc":"","_seopress_robots_index":"","iawp_total_views":0},"product_brand":[747],"product_cat":[243,273],"product_tag":[],"class_list":{"0":"post-45234","1":"product","2":"type-product","3":"status-publish","4":"has-post-thumbnail","6":"product_brand-uni-fortune","7":"product_cat-automobili-i-motori","8":"product_cat-njega-vozila-243","10":"first","11":"instock","12":"shipping-taxable","13":"purchasable","14":"product-type-simple"},"_links":{"self":[{"href":"https:\/\/singuli.wpress.me\/wp-json\/wp\/v2\/product\/45234","targetHints":{"allow":["GET"]}}],"collection":[{"href":"https:\/\/singuli.wpress.me\/wp-json\/wp\/v2\/product"}],"about":[{"href":"https:\/\/singuli.wpress.me\/wp-json\/wp\/v2\/types\/product"}],"version-history":[{"count":0,"href":"https:\/\/singuli.wpress.me\/wp-json\/wp\/v2\/product\/45234\/revisions"}],"wp:featuredmedia":[{"embeddable":true,"href":"https:\/\/singuli.wpress.me\/wp-json\/wp\/v2\/media\/45235"}],"wp:attachment":[{"href":"https:\/\/singuli.wpress.me\/wp-json\/wp\/v2\/media?parent=45234"}],"wp:term":[{"taxonomy":"product_brand","embeddable":true,"href":"https:\/\/singuli.wpress.me\/wp-json\/wp\/v2\/product_brand?post=45234"},{"taxonomy":"product_cat","embeddable":true,"href":"https:\/\/singuli.wpress.me\/wp-json\/wp\/v2\/product_cat?post=45234"},{"taxonomy":"product_tag","embeddable":true,"href":"https:\/\/singuli.wpress.me\/wp-json\/wp\/v2\/product_tag?post=45234"}],"curies":[{"name":"wp","href":"https:\/\/api.w.org\/{rel}","templated":true}]}}