{"id":45244,"date":"2026-04-20T12:39:31","date_gmt":"2026-04-20T12:39:31","guid":{"rendered":"https:\/\/singuli.wpress.me\/index.php\/proizvod\/dolce-gusto-kapsule-cremoso-16x128g\/"},"modified":"2026-04-20T12:39:31","modified_gmt":"2026-04-20T12:39:31","slug":"dolce-gusto-kapsule-cremoso-16x128g","status":"publish","type":"product","link":"https:\/\/singuli.wpress.me\/index.php\/proizvod\/dolce-gusto-kapsule-cremoso-16x128g\/","title":{"rendered":"DOLCE GUSTO, kapsule, Cremoso, 16x128g"},"content":{"rendered":"<p>DGC Espresso Cremoso Centralno-ju\u017enoameri\u010dka Arabica kava i azijska Robusta kava koje je stru\u010dno izmije\u0161ala Lavazza stvaraju espresso sna\u017enog i punog mirisa. Proces pr\u017eenja daje mu slastan okus \u010dokolade i su\u0161enog vo\u0107a. Okusite svu kremoznost pravog Espresso SASTAV Arabica &amp; Robusta<br \/>\nIntenzitet: 7\/13<br \/>\nAroma: \u010cokolada, Suho vo\u0107e<br \/>\nPe\u010denje: Tamno<\/p>\n","protected":false},"excerpt":{"rendered":"<p>Arabica i Robusta<br \/>\nIntenzitet: 7\/13<br \/>\nAroma: \u010dokolada i \u0161umsko vo\u0107e<\/p>\n","protected":false},"featured_media":45245,"template":"","meta":{"_seopress_robots_primary_cat":"","_seopress_titles_title":"","_seopress_titles_desc":"","_seopress_robots_index":"","iawp_total_views":0},"product_brand":[900],"product_cat":[211,289],"product_tag":[],"class_list":{"0":"post-45244","1":"product","2":"type-product","3":"status-publish","4":"has-post-thumbnail","6":"product_brand-dolce-gusto","7":"product_cat-njega-majke-i-djeteta","8":"product_cat-trudnoca-i-vitamini-211","10":"first","11":"instock","12":"shipping-taxable","13":"purchasable","14":"product-type-simple"},"_links":{"self":[{"href":"https:\/\/singuli.wpress.me\/index.php\/wp-json\/wp\/v2\/product\/45244","targetHints":{"allow":["GET"]}}],"collection":[{"href":"https:\/\/singuli.wpress.me\/index.php\/wp-json\/wp\/v2\/product"}],"about":[{"href":"https:\/\/singuli.wpress.me\/index.php\/wp-json\/wp\/v2\/types\/product"}],"version-history":[{"count":0,"href":"https:\/\/singuli.wpress.me\/index.php\/wp-json\/wp\/v2\/product\/45244\/revisions"}],"wp:featuredmedia":[{"embeddable":true,"href":"https:\/\/singuli.wpress.me\/index.php\/wp-json\/wp\/v2\/media\/45245"}],"wp:attachment":[{"href":"https:\/\/singuli.wpress.me\/index.php\/wp-json\/wp\/v2\/media?parent=45244"}],"wp:term":[{"taxonomy":"product_brand","embeddable":true,"href":"https:\/\/singuli.wpress.me\/index.php\/wp-json\/wp\/v2\/product_brand?post=45244"},{"taxonomy":"product_cat","embeddable":true,"href":"https:\/\/singuli.wpress.me\/index.php\/wp-json\/wp\/v2\/product_cat?post=45244"},{"taxonomy":"product_tag","embeddable":true,"href":"https:\/\/singuli.wpress.me\/index.php\/wp-json\/wp\/v2\/product_tag?post=45244"}],"curies":[{"name":"wp","href":"https:\/\/api.w.org\/{rel}","templated":true}]}}