{"id":45247,"date":"2026-04-20T12:39:32","date_gmt":"2026-04-20T12:39:32","guid":{"rendered":"https:\/\/singuli.wpress.me\/index.php\/proizvod\/dr-oetker-gustin-200-g\/"},"modified":"2026-04-20T12:39:32","modified_gmt":"2026-04-20T12:39:32","slug":"dr-oetker-gustin-200-g","status":"publish","type":"product","link":"https:\/\/singuli.wpress.me\/index.php\/proizvod\/dr-oetker-gustin-200-g\/","title":{"rendered":"DR. OETKER, gustin, 200\u00a0g"},"content":{"rendered":"<p>Od samog po\u010detka davne 1898. godine pa sve do danas Dr. Oetker Gustin fini jestivi \u0161krob je provjeren dodatak pri kuhanju i pe\u010denju kola\u010da. Gustin je fini kukuruzni \u0161krob koji se svestrano koristi u raznim jelima; slu\u017ei za vezivanje krem juha i raznih umaka ili za jo\u0161 finije tijesto kola\u010da, keksa, torta. Gustin je proizvod koji ne sadr\u017ei gluten.<\/p>\n","protected":false},"excerpt":{"rendered":"<p>Jestivi \u0161krob<br \/>\nKukuruzni \u0161krob koji se koristi u raznim jelima<br \/>\nza vezivanje krem juha i umaka<\/p>\n","protected":false},"featured_media":45248,"template":"","meta":{"_seopress_robots_primary_cat":"","_seopress_titles_title":"","_seopress_titles_desc":"","_seopress_robots_index":"","iawp_total_views":0},"product_brand":[328],"product_cat":[261,270],"product_tag":[],"class_list":{"0":"post-45247","1":"product","2":"type-product","3":"status-publish","4":"has-post-thumbnail","6":"product_brand-dr-oetker","7":"product_cat-hrana-i-pice","8":"product_cat-slasticarstvo-261","10":"first","11":"outofstock","12":"shipping-taxable","13":"purchasable","14":"product-type-simple"},"_links":{"self":[{"href":"https:\/\/singuli.wpress.me\/index.php\/wp-json\/wp\/v2\/product\/45247","targetHints":{"allow":["GET"]}}],"collection":[{"href":"https:\/\/singuli.wpress.me\/index.php\/wp-json\/wp\/v2\/product"}],"about":[{"href":"https:\/\/singuli.wpress.me\/index.php\/wp-json\/wp\/v2\/types\/product"}],"version-history":[{"count":0,"href":"https:\/\/singuli.wpress.me\/index.php\/wp-json\/wp\/v2\/product\/45247\/revisions"}],"wp:featuredmedia":[{"embeddable":true,"href":"https:\/\/singuli.wpress.me\/index.php\/wp-json\/wp\/v2\/media\/45248"}],"wp:attachment":[{"href":"https:\/\/singuli.wpress.me\/index.php\/wp-json\/wp\/v2\/media?parent=45247"}],"wp:term":[{"taxonomy":"product_brand","embeddable":true,"href":"https:\/\/singuli.wpress.me\/index.php\/wp-json\/wp\/v2\/product_brand?post=45247"},{"taxonomy":"product_cat","embeddable":true,"href":"https:\/\/singuli.wpress.me\/index.php\/wp-json\/wp\/v2\/product_cat?post=45247"},{"taxonomy":"product_tag","embeddable":true,"href":"https:\/\/singuli.wpress.me\/index.php\/wp-json\/wp\/v2\/product_tag?post=45247"}],"curies":[{"name":"wp","href":"https:\/\/api.w.org\/{rel}","templated":true}]}}