{"id":45252,"date":"2026-04-20T12:39:33","date_gmt":"2026-04-20T12:39:33","guid":{"rendered":"https:\/\/singuli.wpress.me\/index.php\/proizvod\/telemach-start-paket-sim2go-m\/"},"modified":"2026-04-21T00:27:29","modified_gmt":"2026-04-21T00:27:29","slug":"telemach-start-paket-sim2go-m","status":"publish","type":"product","link":"https:\/\/singuli.wpress.me\/index.php\/proizvod\/telemach-start-paket-sim2go-m\/","title":{"rendered":"TELEMACH, start paket, Sim2Go M"},"content":{"rendered":"<p>SIM kartica s novim brojem za kori\u0161tenje.<\/p>\n<p><span style=\"font-weight: bold\">Uklju\u010deno:<\/span><br \/>\n4 GB (mogu\u0107nost kori\u0161tenja u EU)<br \/>\n500 minuta<br \/>\n500 SMS<br \/>\nTrajanje 30 dana<\/p>\n<p>U\u017eitak kori\u0161tenje Telemach paketa zapo\u010dinje umetanjem SIM kartice u ure\u0111aj.<\/p>\n<p>Gigabajti, minute i SMS-ovi mogu\u0107e je koristiti<br \/>\n30 dana.<br \/>\nNakon potro\u0161enih GB i\/ili nakon isteka 30 dana korisnik mo\u017ee kupiti bon i nastaviti koristiti<br \/>\nnavedeni paket.<\/p>\n<p>SIM kartica za kori\u0161tenje u HR i EU !<\/p>\n","protected":false},"excerpt":{"rendered":"<p>4 GB (mogu\u0107nost kori\u0161tenja u EU)<br \/>\n500 min + 500 SMS<br \/>\nTrajanje 30 dana<\/p>\n","protected":false},"featured_media":45253,"template":"","meta":{"_seopress_robots_primary_cat":"","_seopress_titles_title":"","_seopress_titles_desc":"","_seopress_robots_index":"","iawp_total_views":0},"product_brand":[476],"product_cat":[274,238],"product_tag":[],"class_list":{"0":"post-45252","1":"product","2":"type-product","3":"status-publish","4":"has-post-thumbnail","6":"product_brand-telemach","7":"product_cat-kucanski-pribor-238","8":"product_cat-sve-za-dom","10":"first","11":"instock","12":"shipping-taxable","13":"purchasable","14":"product-type-simple"},"_links":{"self":[{"href":"https:\/\/singuli.wpress.me\/index.php\/wp-json\/wp\/v2\/product\/45252","targetHints":{"allow":["GET"]}}],"collection":[{"href":"https:\/\/singuli.wpress.me\/index.php\/wp-json\/wp\/v2\/product"}],"about":[{"href":"https:\/\/singuli.wpress.me\/index.php\/wp-json\/wp\/v2\/types\/product"}],"version-history":[{"count":0,"href":"https:\/\/singuli.wpress.me\/index.php\/wp-json\/wp\/v2\/product\/45252\/revisions"}],"wp:featuredmedia":[{"embeddable":true,"href":"https:\/\/singuli.wpress.me\/index.php\/wp-json\/wp\/v2\/media\/45253"}],"wp:attachment":[{"href":"https:\/\/singuli.wpress.me\/index.php\/wp-json\/wp\/v2\/media?parent=45252"}],"wp:term":[{"taxonomy":"product_brand","embeddable":true,"href":"https:\/\/singuli.wpress.me\/index.php\/wp-json\/wp\/v2\/product_brand?post=45252"},{"taxonomy":"product_cat","embeddable":true,"href":"https:\/\/singuli.wpress.me\/index.php\/wp-json\/wp\/v2\/product_cat?post=45252"},{"taxonomy":"product_tag","embeddable":true,"href":"https:\/\/singuli.wpress.me\/index.php\/wp-json\/wp\/v2\/product_tag?post=45252"}],"curies":[{"name":"wp","href":"https:\/\/api.w.org\/{rel}","templated":true}]}}