{"id":45261,"date":"2026-04-20T12:39:36","date_gmt":"2026-04-20T12:39:36","guid":{"rendered":"https:\/\/singuli.wpress.me\/index.php\/proizvod\/dana-josip-liker-pelinkovac-28-0-04-l\/"},"modified":"2026-04-20T12:39:36","modified_gmt":"2026-04-20T12:39:36","slug":"dana-josip-liker-pelinkovac-28-0-04-l","status":"publish","type":"product","link":"https:\/\/singuli.wpress.me\/index.php\/proizvod\/dana-josip-liker-pelinkovac-28-0-04-l\/","title":{"rendered":"DANA Josip, liker, Pelinkovac 28%, 0.04\u00a0l"},"content":{"rendered":"<p>Pelin. Nekad ljekovit, a danas i \u010daroban. Pogotovo kada od njega pripremamo vrlo popularno \u017eestoko pi\u0107e \u2013 Pelinkovac s prirodnim ekstraktom biljke gorkog pelina. Nastao na slovenskom tlu, s toliko intenzivnim i ugodno mekanim okusom i mirisom da \u0107e vam odmah postati jasno za\u0161to je omiljen jo\u0161 od doba starih Egip\u0107ana.<\/p>\n","protected":false},"excerpt":{"rendered":"<p>Vrlo popularno \u017eestoko pi\u0107e<br \/>\nIntenzivan i ugodno mekani miris i okus<br \/>\nNastao na slovenskom tlu<\/p>\n","protected":false},"featured_media":45262,"template":"","meta":{"_seopress_robots_primary_cat":"","_seopress_titles_title":"","_seopress_titles_desc":"","_seopress_robots_index":"","iawp_total_views":0},"product_brand":[485],"product_cat":[298,261],"product_tag":[],"class_list":{"0":"post-45261","1":"product","2":"type-product","3":"status-publish","4":"has-post-thumbnail","6":"product_brand-dana","7":"product_cat-alkoholna-pica-261","8":"product_cat-hrana-i-pice","10":"first","11":"outofstock","12":"shipping-taxable","13":"purchasable","14":"product-type-simple"},"_links":{"self":[{"href":"https:\/\/singuli.wpress.me\/index.php\/wp-json\/wp\/v2\/product\/45261","targetHints":{"allow":["GET"]}}],"collection":[{"href":"https:\/\/singuli.wpress.me\/index.php\/wp-json\/wp\/v2\/product"}],"about":[{"href":"https:\/\/singuli.wpress.me\/index.php\/wp-json\/wp\/v2\/types\/product"}],"version-history":[{"count":0,"href":"https:\/\/singuli.wpress.me\/index.php\/wp-json\/wp\/v2\/product\/45261\/revisions"}],"wp:featuredmedia":[{"embeddable":true,"href":"https:\/\/singuli.wpress.me\/index.php\/wp-json\/wp\/v2\/media\/45262"}],"wp:attachment":[{"href":"https:\/\/singuli.wpress.me\/index.php\/wp-json\/wp\/v2\/media?parent=45261"}],"wp:term":[{"taxonomy":"product_brand","embeddable":true,"href":"https:\/\/singuli.wpress.me\/index.php\/wp-json\/wp\/v2\/product_brand?post=45261"},{"taxonomy":"product_cat","embeddable":true,"href":"https:\/\/singuli.wpress.me\/index.php\/wp-json\/wp\/v2\/product_cat?post=45261"},{"taxonomy":"product_tag","embeddable":true,"href":"https:\/\/singuli.wpress.me\/index.php\/wp-json\/wp\/v2\/product_tag?post=45261"}],"curies":[{"name":"wp","href":"https:\/\/api.w.org\/{rel}","templated":true}]}}