{"id":45263,"date":"2026-04-20T12:39:37","date_gmt":"2026-04-20T12:39:37","guid":{"rendered":"https:\/\/singuli.wpress.me\/index.php\/proizvod\/lavazza-mljevena-kava-crema-e-gusto-duo-pack-500-g\/"},"modified":"2026-04-20T12:39:37","modified_gmt":"2026-04-20T12:39:37","slug":"lavazza-mljevena-kava-crema-e-gusto-duo-pack-500-g","status":"publish","type":"product","link":"https:\/\/singuli.wpress.me\/index.php\/proizvod\/lavazza-mljevena-kava-crema-e-gusto-duo-pack-500-g\/","title":{"rendered":"LAVAZZA, mljevena kava, Crema e Gusto duo pack, 500\u00a0g"},"content":{"rendered":"<p>Lavazza Crema e Gusto je kava karakteristi\u010dnog karaktera: savr\u0161ena kombinacija intenzivne arome i punog okusa.<\/p>\n<p>Sastoji se od izbora kvalitetnih Arabica i Robusta zrna mirisnog okusa i ugodne \u010dokoladne zavr\u0161nice.<\/p>\n<p>Idealno za one koji \u017eele u\u017eivati u intenzivnom do\u017eivljaju okusa u bilo koje doba dana.<\/p>\n<p>Sastav: Arabica i Robusta<br \/>\nIntenzitet: 8\/10<br \/>\nProfil okusa (aroma): Za\u010dini<br \/>\nPr\u017eenje: Ja\u010de<\/p>\n","protected":false},"excerpt":{"rendered":"<p>Arabica i Robusta<br \/>\nIntenzitet: 8\/10<br \/>\nAroma: za\u010dini<\/p>\n","protected":false},"featured_media":45264,"template":"","meta":{"_seopress_robots_primary_cat":"","_seopress_titles_title":"","_seopress_titles_desc":"","_seopress_robots_index":"","iawp_total_views":0},"product_brand":[393],"product_cat":[261,275],"product_tag":[],"class_list":{"0":"post-45263","1":"product","2":"type-product","3":"status-publish","4":"has-post-thumbnail","6":"product_brand-lavazza","7":"product_cat-hrana-i-pice","8":"product_cat-kava-i-cajevi-261","10":"first","11":"instock","12":"shipping-taxable","13":"purchasable","14":"product-type-simple"},"_links":{"self":[{"href":"https:\/\/singuli.wpress.me\/index.php\/wp-json\/wp\/v2\/product\/45263","targetHints":{"allow":["GET"]}}],"collection":[{"href":"https:\/\/singuli.wpress.me\/index.php\/wp-json\/wp\/v2\/product"}],"about":[{"href":"https:\/\/singuli.wpress.me\/index.php\/wp-json\/wp\/v2\/types\/product"}],"version-history":[{"count":0,"href":"https:\/\/singuli.wpress.me\/index.php\/wp-json\/wp\/v2\/product\/45263\/revisions"}],"wp:featuredmedia":[{"embeddable":true,"href":"https:\/\/singuli.wpress.me\/index.php\/wp-json\/wp\/v2\/media\/45264"}],"wp:attachment":[{"href":"https:\/\/singuli.wpress.me\/index.php\/wp-json\/wp\/v2\/media?parent=45263"}],"wp:term":[{"taxonomy":"product_brand","embeddable":true,"href":"https:\/\/singuli.wpress.me\/index.php\/wp-json\/wp\/v2\/product_brand?post=45263"},{"taxonomy":"product_cat","embeddable":true,"href":"https:\/\/singuli.wpress.me\/index.php\/wp-json\/wp\/v2\/product_cat?post=45263"},{"taxonomy":"product_tag","embeddable":true,"href":"https:\/\/singuli.wpress.me\/index.php\/wp-json\/wp\/v2\/product_tag?post=45263"}],"curies":[{"name":"wp","href":"https:\/\/api.w.org\/{rel}","templated":true}]}}