{"id":45272,"date":"2026-04-20T12:39:39","date_gmt":"2026-04-20T12:39:39","guid":{"rendered":"https:\/\/singuli.wpress.me\/index.php\/proizvod\/domo-do9177pz-my-express-pekac\/"},"modified":"2026-04-21T00:27:29","modified_gmt":"2026-04-21T00:27:29","slug":"domo-do9177pz-my-express-pekac","status":"publish","type":"product","link":"https:\/\/singuli.wpress.me\/index.php\/proizvod\/domo-do9177pz-my-express-pekac\/","title":{"rendered":"DOMO DO9177PZ My Express, peka\u010d"},"content":{"rendered":"<p>Svestrani kuhinjski aparat idealan je za pripremu svje\u017ee pizze, smrznute pizze, omleta, pala\u010dinki, tortilja i jo\u0161 mnogo toga. Ostavite li poklopac aparata otvorenim, donju plo\u010du mo\u017eete koristiti kao pleh za pe\u010denje. Budu\u0107i da ima neprijanjaju\u0107i premaz, lako se \u010disti.<\/p>\n","protected":false},"excerpt":{"rendered":"<p>Pe\u010de pizzu za 12 minuta<br \/>\nVisokokvalitetni neljepljivi premaz<br \/>\n2 grija\u0107a elementa osiguravaju pravilnu raspodjelu topline<\/p>\n","protected":false},"featured_media":45273,"template":"","meta":{"_seopress_robots_primary_cat":"","_seopress_titles_title":"","_seopress_titles_desc":"","_seopress_robots_index":"","iawp_total_views":0},"product_brand":[255],"product_cat":[266,265,160],"product_tag":[],"class_list":{"0":"post-45272","1":"product","2":"type-product","3":"status-publish","4":"has-post-thumbnail","6":"product_brand-domo","7":"product_cat-aparati-za-kuhanje-265","8":"product_cat-kuhinjski-aparati-160","9":"product_cat-mali-kucanski-aparati","11":"first","12":"outofstock","13":"shipping-taxable","14":"purchasable","15":"product-type-simple"},"_links":{"self":[{"href":"https:\/\/singuli.wpress.me\/index.php\/wp-json\/wp\/v2\/product\/45272","targetHints":{"allow":["GET"]}}],"collection":[{"href":"https:\/\/singuli.wpress.me\/index.php\/wp-json\/wp\/v2\/product"}],"about":[{"href":"https:\/\/singuli.wpress.me\/index.php\/wp-json\/wp\/v2\/types\/product"}],"version-history":[{"count":0,"href":"https:\/\/singuli.wpress.me\/index.php\/wp-json\/wp\/v2\/product\/45272\/revisions"}],"wp:featuredmedia":[{"embeddable":true,"href":"https:\/\/singuli.wpress.me\/index.php\/wp-json\/wp\/v2\/media\/45273"}],"wp:attachment":[{"href":"https:\/\/singuli.wpress.me\/index.php\/wp-json\/wp\/v2\/media?parent=45272"}],"wp:term":[{"taxonomy":"product_brand","embeddable":true,"href":"https:\/\/singuli.wpress.me\/index.php\/wp-json\/wp\/v2\/product_brand?post=45272"},{"taxonomy":"product_cat","embeddable":true,"href":"https:\/\/singuli.wpress.me\/index.php\/wp-json\/wp\/v2\/product_cat?post=45272"},{"taxonomy":"product_tag","embeddable":true,"href":"https:\/\/singuli.wpress.me\/index.php\/wp-json\/wp\/v2\/product_tag?post=45272"}],"curies":[{"name":"wp","href":"https:\/\/api.w.org\/{rel}","templated":true}]}}