{"id":45284,"date":"2026-04-20T12:39:42","date_gmt":"2026-04-20T12:39:42","guid":{"rendered":"https:\/\/singuli.wpress.me\/index.php\/proizvod\/raid-sprej-protiv-osa-i-strsljena-400-ml\/"},"modified":"2026-04-21T00:27:29","modified_gmt":"2026-04-21T00:27:29","slug":"raid-sprej-protiv-osa-i-strsljena-400-ml","status":"publish","type":"product","link":"https:\/\/singuli.wpress.me\/index.php\/proizvod\/raid-sprej-protiv-osa-i-strsljena-400-ml\/","title":{"rendered":"RAID, sprej, protiv osa i str\u0161ljena, 400\u00a0ml"},"content":{"rendered":"<p><span style=\"font-weight: bold\">Raid\u00ae Sprej protiv osa i str\u0161ljena<\/span>, zahvaljuju\u0107i svojoj formuli u sekundi eliminira ose i str\u0161ljene izravnim prskanjem te pru\u017ea za\u0161titu vama iva\u0161oj obitelji. <\/p>\n<p>Mo\u017ee se koristiti u razli\u010ditim okru\u017eenjima ku\u0107e kao \u0161to su dnevni boravak, kuhinja i kupaonica.<\/p>\n<p>Upute za uporabu: Dobro protresite prije uporabe. Usmjerite mlaz daleko od lica i pritisnite raspr\u0161iva\u010d, dr\u017ee\u0107i sprej \u0161to uspravnije. Nije potrebno usmjeriti mlaz direkto prema insektima, sprej u zraku ubit \u0107e ih. Zatvorite sva vrata i prozore. Za prostoriju standardne veli\u010dine (30m3), raspr\u0161ujte 8-10 sekundi, po\u010dev\u0161i od sredine prostorije prema vratima usporenim pokretima, usmjeravau\u0107i sprej prema svim dijelovima prostorije. <\/p>\n<p>Koristite proizvod 1 metar dalje od tapeta, unutarnjih zidova i predmeta. Ne zadr\u017eavajte se u prostoriji. Dr\u017eite prostoriju zatvorenu 15 minuta te ju dobro prozra\u010dite prije ponovne uporabe. Za brzo djelovanje, raspr\u0161ite direktno prema insektu 1 metar dalje od tapeta, unutarnjih zidova i predmeta. Raspr\u0161ite direktno prema osama, str\u0161ljenima i \u017eutim osama koje u\u0111u u prostoriju. <\/p>\n<p>Za suzbijanje ostataka insekata, raspr\u0161ite s udaljenosti od oko \u00bd metra, oko vrata i prozora gdje kukci ulaze u ku\u0107u. <\/p>\n<p>Prije uporabe, preporu\u010duje se provjeriti mogu\u0107nost potencijalnog bojenja i \u0161tete na nekom neprimjetnom mjestu.<\/p>\n","protected":false},"excerpt":{"rendered":"<p>Protiv osa i str\u0161ljena<br \/>\nTrenutno djelovanje<br \/>\nBrza za\u0161tita<\/p>\n","protected":false},"featured_media":45285,"template":"","meta":{"_seopress_robots_primary_cat":"","_seopress_titles_title":"","_seopress_titles_desc":"","_seopress_robots_index":"","iawp_total_views":0},"product_brand":[457],"product_cat":[268,300],"product_tag":[],"class_list":{"0":"post-45284","1":"product","2":"type-product","3":"status-publish","4":"has-post-thumbnail","6":"product_brand-raid","7":"product_cat-kozmetika-2","8":"product_cat-njega-kose-268","10":"first","11":"instock","12":"shipping-taxable","13":"purchasable","14":"product-type-simple"},"_links":{"self":[{"href":"https:\/\/singuli.wpress.me\/index.php\/wp-json\/wp\/v2\/product\/45284","targetHints":{"allow":["GET"]}}],"collection":[{"href":"https:\/\/singuli.wpress.me\/index.php\/wp-json\/wp\/v2\/product"}],"about":[{"href":"https:\/\/singuli.wpress.me\/index.php\/wp-json\/wp\/v2\/types\/product"}],"version-history":[{"count":0,"href":"https:\/\/singuli.wpress.me\/index.php\/wp-json\/wp\/v2\/product\/45284\/revisions"}],"wp:featuredmedia":[{"embeddable":true,"href":"https:\/\/singuli.wpress.me\/index.php\/wp-json\/wp\/v2\/media\/45285"}],"wp:attachment":[{"href":"https:\/\/singuli.wpress.me\/index.php\/wp-json\/wp\/v2\/media?parent=45284"}],"wp:term":[{"taxonomy":"product_brand","embeddable":true,"href":"https:\/\/singuli.wpress.me\/index.php\/wp-json\/wp\/v2\/product_brand?post=45284"},{"taxonomy":"product_cat","embeddable":true,"href":"https:\/\/singuli.wpress.me\/index.php\/wp-json\/wp\/v2\/product_cat?post=45284"},{"taxonomy":"product_tag","embeddable":true,"href":"https:\/\/singuli.wpress.me\/index.php\/wp-json\/wp\/v2\/product_tag?post=45284"}],"curies":[{"name":"wp","href":"https:\/\/api.w.org\/{rel}","templated":true}]}}