{"id":45292,"date":"2026-04-20T12:39:46","date_gmt":"2026-04-20T12:39:46","guid":{"rendered":"https:\/\/singuli.wpress.me\/index.php\/proizvod\/autan-anti-tick-repelent-protiv-krpelja-100-ml\/"},"modified":"2026-04-20T12:39:46","modified_gmt":"2026-04-20T12:39:46","slug":"autan-anti-tick-repelent-protiv-krpelja-100-ml","status":"publish","type":"product","link":"https:\/\/singuli.wpress.me\/index.php\/proizvod\/autan-anti-tick-repelent-protiv-krpelja-100-ml\/","title":{"rendered":"AUTAN Anti Tick, repelent, protiv krpelja, 100\u00a0ml"},"content":{"rendered":"<p><span style=\"font-weight: bold\">Anti Tick <\/span>najefikasniji je repelent iz Autan\u00ae linije. <\/p>\n<p>Ovaj repelent pru\u017ea dugotrajnu <span style=\"font-weight: bold\">za\u0161titu od krpelja do \u010dak 12 sati<\/span>. Idealan je za svakodnevnu upotrebu i pogodan je kao <span style=\"font-weight: bold\">prevencija lajmske bolesti<\/span>. <\/p>\n<p><span style=\"font-weight: bold\">Autan\u00ae Anti Tick<\/span> \u0161titi od uboda komarca do 10 sati, a od obada do 3 sata. <\/p>\n<p>Ako volite provoditi vrijeme u prirodi i u\u017eivate u aktivnostima na otvorenom, ovo je proizvod za vas.<\/p>\n<p><span style=\"font-weight: bold\">Upute:<\/span> Raspr\u0161iva\u010dem nanesite proizvod na izlo\u017eenu ko\u017eu i ravnomjerno ga rasporedite rukama (oko 6-7 pokreta \u0161ake \/ ~ 1 ml po podlaktici). Za nano\u0161enje na lice odrasle osobe ili djeteta: poprskajte proizvod na dlan odrasle osobe i nanesite tanak sloj na lice, izbjegavaju\u0107i o\u010di i usta. Kada primijetite gubitak u\u010dinkovitosti, ponovite postupak. Za lice: raspr\u0161iti na ruku odrasle osobe i tanko nanesite na lice odrasle osobe ili djeteta. Za djecu stariju od 2 godinene koristiti vi\u0161e od jednom dnevno. Za odrasle ponovno nanesite kada u\u010dinkovitost prestane, ali nemojte koristiti vi\u0161e od 4 putadnevno. Koristite samo prema uputama. Ne koristiti kod djece mla\u0111e od 2 godine. Ne nanositi na dje\u010dje dlanove. Nemojte prskati po licu \u2013 poprskajte po rukama i nanesite na lice. Ne nanositi na ko\u017eu s jakim opeklinama od sunca, upaljenu ili ispucalu ko\u017eu. Prekinite kori\u0161tenje u slu\u010daju iritacije.<\/p>\n","protected":false},"excerpt":{"rendered":"<p>\u0160titi od krpelja do 12 sati<br \/>\n\u0160titi od komaraca do 10 sati<br \/>\n\u0160titi od obada do 3 sata<\/p>\n","protected":false},"featured_media":45293,"template":"","meta":{"_seopress_robots_primary_cat":"","_seopress_titles_title":"","_seopress_titles_desc":"","_seopress_robots_index":"","iawp_total_views":0},"product_brand":[821],"product_cat":[268,278],"product_tag":[],"class_list":{"0":"post-45292","1":"product","2":"type-product","3":"status-publish","4":"has-post-thumbnail","6":"product_brand-autan","7":"product_cat-kozmetika-2","8":"product_cat-njega-tijela-268","10":"first","11":"instock","12":"shipping-taxable","13":"purchasable","14":"product-type-simple"},"_links":{"self":[{"href":"https:\/\/singuli.wpress.me\/index.php\/wp-json\/wp\/v2\/product\/45292","targetHints":{"allow":["GET"]}}],"collection":[{"href":"https:\/\/singuli.wpress.me\/index.php\/wp-json\/wp\/v2\/product"}],"about":[{"href":"https:\/\/singuli.wpress.me\/index.php\/wp-json\/wp\/v2\/types\/product"}],"version-history":[{"count":0,"href":"https:\/\/singuli.wpress.me\/index.php\/wp-json\/wp\/v2\/product\/45292\/revisions"}],"wp:featuredmedia":[{"embeddable":true,"href":"https:\/\/singuli.wpress.me\/index.php\/wp-json\/wp\/v2\/media\/45293"}],"wp:attachment":[{"href":"https:\/\/singuli.wpress.me\/index.php\/wp-json\/wp\/v2\/media?parent=45292"}],"wp:term":[{"taxonomy":"product_brand","embeddable":true,"href":"https:\/\/singuli.wpress.me\/index.php\/wp-json\/wp\/v2\/product_brand?post=45292"},{"taxonomy":"product_cat","embeddable":true,"href":"https:\/\/singuli.wpress.me\/index.php\/wp-json\/wp\/v2\/product_cat?post=45292"},{"taxonomy":"product_tag","embeddable":true,"href":"https:\/\/singuli.wpress.me\/index.php\/wp-json\/wp\/v2\/product_tag?post=45292"}],"curies":[{"name":"wp","href":"https:\/\/api.w.org\/{rel}","templated":true}]}}