{"id":45305,"date":"2026-04-20T12:39:49","date_gmt":"2026-04-20T12:39:49","guid":{"rendered":"https:\/\/singuli.wpress.me\/index.php\/proizvod\/always-normal-fresh-protect-dnevni-ulosci\/"},"modified":"2026-04-20T12:39:49","modified_gmt":"2026-04-20T12:39:49","slug":"always-normal-fresh-protect-dnevni-ulosci","status":"publish","type":"product","link":"https:\/\/singuli.wpress.me\/index.php\/proizvod\/always-normal-fresh-protect-dnevni-ulosci\/","title":{"rendered":"ALWAYS Normal Fresh &amp; Protect, dnevni ulo\u0161ci"},"content":{"rendered":"<p>Zadr\u017eite svje\u017einu tratin\u010dice cijeli dan s dnevnim ulo\u0161cima Always Dailies Normal Fresh &amp; Protect s osvje\u017eavaju\u0107im mirisom. Predstavljaju savr\u0161enu kombinaciju udobnosti i za\u0161tite tako da se mo\u017eete pouzdati u njih svaki dan, a uz to ih ne\u0107ete ni osjetiti. Idealni za vaginalni iscjedak, kao dodatna za\u0161tita za neredovite i slabe mjese\u010dnice ili za svaki slabi iscjedak.<\/p>\n","protected":false},"excerpt":{"rendered":"<p>Savr\u0161ena kombinaciju udobnosti i za\u0161tite<br \/>\nS osvje\u017eavaju\u0107im mirisom<br \/>\nDodatna za\u0161tita za neredovite i slabe mjese\u010dnice<\/p>\n","protected":false},"featured_media":45306,"template":"","meta":{"_seopress_robots_primary_cat":"","_seopress_titles_title":"","_seopress_titles_desc":"","_seopress_robots_index":"","iawp_total_views":0},"product_brand":[449],"product_cat":[211,288],"product_tag":[],"class_list":{"0":"post-45305","1":"product","2":"type-product","3":"status-publish","4":"has-post-thumbnail","6":"product_brand-always","7":"product_cat-njega-majke-i-djeteta","8":"product_cat-zenska-higijena-211","10":"first","11":"instock","12":"shipping-taxable","13":"purchasable","14":"product-type-simple"},"_links":{"self":[{"href":"https:\/\/singuli.wpress.me\/index.php\/wp-json\/wp\/v2\/product\/45305","targetHints":{"allow":["GET"]}}],"collection":[{"href":"https:\/\/singuli.wpress.me\/index.php\/wp-json\/wp\/v2\/product"}],"about":[{"href":"https:\/\/singuli.wpress.me\/index.php\/wp-json\/wp\/v2\/types\/product"}],"version-history":[{"count":0,"href":"https:\/\/singuli.wpress.me\/index.php\/wp-json\/wp\/v2\/product\/45305\/revisions"}],"wp:featuredmedia":[{"embeddable":true,"href":"https:\/\/singuli.wpress.me\/index.php\/wp-json\/wp\/v2\/media\/45306"}],"wp:attachment":[{"href":"https:\/\/singuli.wpress.me\/index.php\/wp-json\/wp\/v2\/media?parent=45305"}],"wp:term":[{"taxonomy":"product_brand","embeddable":true,"href":"https:\/\/singuli.wpress.me\/index.php\/wp-json\/wp\/v2\/product_brand?post=45305"},{"taxonomy":"product_cat","embeddable":true,"href":"https:\/\/singuli.wpress.me\/index.php\/wp-json\/wp\/v2\/product_cat?post=45305"},{"taxonomy":"product_tag","embeddable":true,"href":"https:\/\/singuli.wpress.me\/index.php\/wp-json\/wp\/v2\/product_tag?post=45305"}],"curies":[{"name":"wp","href":"https:\/\/api.w.org\/{rel}","templated":true}]}}