{"id":45310,"date":"2026-04-20T12:39:50","date_gmt":"2026-04-20T12:39:50","guid":{"rendered":"https:\/\/singuli.wpress.me\/index.php\/proizvod\/ecover-tekuci-deterdzent-za-pranje-rublja-za-osjetljivo-rublje-750-ml\/"},"modified":"2026-04-20T12:39:50","modified_gmt":"2026-04-20T12:39:50","slug":"ecover-tekuci-deterdzent-za-pranje-rublja-za-osjetljivo-rublje-750-ml","status":"publish","type":"product","link":"https:\/\/singuli.wpress.me\/index.php\/proizvod\/ecover-tekuci-deterdzent-za-pranje-rublja-za-osjetljivo-rublje-750-ml\/","title":{"rendered":"ECOVER, teku\u0107i deterd\u017eent za pranje rublja, za osjetljivo rublje, 750\u00a0ml"},"content":{"rendered":"<p>ECOVER\u00ae Teku\u0107i deterd\u017eent za osjetljivo rublje posjeduje nje\u017enu formulu oboga\u0107enu aktivnim sastojcima na biljnoj bazi te poma\u017ee da va\u0161a vunena i svilena odje\u0107a traje du\u017ee. <\/p>\n<p>Temeljito \u010disti i uklanja jake mrlje. <\/p>\n<p>Aktivno \u0161titi i poma\u017ee odr\u017eavanju \u010dvrsto\u0107e vlakana. <\/p>\n<p>Pogodno za osjetljivo rublje.<\/p>\n<p>Ne izlijevati izravno na odje\u0107u.<\/p>\n<p>Prije uporabe provjeriti upute za pranje va\u0161e odje\u0107e. <\/p>\n<p>Pogodno za pranje na 30-40\u00b0C. Ne nama\u010dite i ne perite vatrootpornu odje\u0107u iznad 50\u02d9C.<\/p>\n<p>Miris lopo\u010da i dinje s blagim tonovima krastavca, sun\u010danom slatko\u0107om dinje i nje\u017enim lopo\u010dem.<\/p>\n","protected":false},"excerpt":{"rendered":"<p>Za osjetljivo rublje<br \/>\nBiorazgradivi sastojci na biljnoj bazi<br \/>\nUklanja mrlje i odr\u017eava tkaninu \u010dvr\u0161\u0107om<\/p>\n","protected":false},"featured_media":45311,"template":"","meta":{"_seopress_robots_primary_cat":"","_seopress_titles_title":"","_seopress_titles_desc":"","_seopress_robots_index":"","iawp_total_views":0},"product_brand":[790],"product_cat":[284,238],"product_tag":[],"class_list":{"0":"post-45310","1":"product","2":"type-product","3":"status-publish","4":"has-post-thumbnail","6":"product_brand-ecover","7":"product_cat-sredstva-za-ciscenje-238","8":"product_cat-sve-za-dom","10":"first","11":"outofstock","12":"shipping-taxable","13":"purchasable","14":"product-type-simple"},"_links":{"self":[{"href":"https:\/\/singuli.wpress.me\/index.php\/wp-json\/wp\/v2\/product\/45310","targetHints":{"allow":["GET"]}}],"collection":[{"href":"https:\/\/singuli.wpress.me\/index.php\/wp-json\/wp\/v2\/product"}],"about":[{"href":"https:\/\/singuli.wpress.me\/index.php\/wp-json\/wp\/v2\/types\/product"}],"version-history":[{"count":0,"href":"https:\/\/singuli.wpress.me\/index.php\/wp-json\/wp\/v2\/product\/45310\/revisions"}],"wp:featuredmedia":[{"embeddable":true,"href":"https:\/\/singuli.wpress.me\/index.php\/wp-json\/wp\/v2\/media\/45311"}],"wp:attachment":[{"href":"https:\/\/singuli.wpress.me\/index.php\/wp-json\/wp\/v2\/media?parent=45310"}],"wp:term":[{"taxonomy":"product_brand","embeddable":true,"href":"https:\/\/singuli.wpress.me\/index.php\/wp-json\/wp\/v2\/product_brand?post=45310"},{"taxonomy":"product_cat","embeddable":true,"href":"https:\/\/singuli.wpress.me\/index.php\/wp-json\/wp\/v2\/product_cat?post=45310"},{"taxonomy":"product_tag","embeddable":true,"href":"https:\/\/singuli.wpress.me\/index.php\/wp-json\/wp\/v2\/product_tag?post=45310"}],"curies":[{"name":"wp","href":"https:\/\/api.w.org\/{rel}","templated":true}]}}