{"id":45313,"date":"2026-04-20T12:39:50","date_gmt":"2026-04-20T12:39:50","guid":{"rendered":"https:\/\/singuli.wpress.me\/index.php\/proizvod\/ariel-color-tekuci-deterdzent-za-pranje-rublja-3-85l-70-pranja\/"},"modified":"2026-04-20T12:39:50","modified_gmt":"2026-04-20T12:39:50","slug":"ariel-color-tekuci-deterdzent-za-pranje-rublja-3-85l-70-pranja","status":"publish","type":"product","link":"https:\/\/singuli.wpress.me\/index.php\/proizvod\/ariel-color-tekuci-deterdzent-za-pranje-rublja-3-85l-70-pranja\/","title":{"rendered":"ARIEL Color, teku\u0107i deterd\u017eent za pranje rublja, 3.85l, 70\u00a0pranja"},"content":{"rendered":"<p>Teku\u0107i deterd\u017eent za pranje rublja Ariel Color pru\u017ea izvanrednu \u010disto\u0107u u 1 pranju, \u010dak i pri ni\u017eim temperaturama. Njegova je formula, uklju\u010duju\u0107i tehnologiju COOL CLEAN, posebno osmi\u0161ljena za pranje na ni\u017eim temperaturama. I premda je nemilosrdan prema mrljama, istodobno je nje\u017ean prema tkaninama i \u010duva blistavost boja. <\/p>\n<p>Osim toga, teku\u0107i deterd\u017eent Ariel dolazi u pakiranju koje se mo\u017ee reciklirati. Tvrdokorne mrlje prije pranja tretirajte teku\u0107im deterd\u017eentom Ariel Color i njegovim zelenim \u010depom, a zatim operite rublje u perilici. <\/p>\n<p>Za najbolje rezultate \u010dep s deterd\u017eentom stavite izravno u bubanj perilice rublja. Iz ekolo\u0161kih razloga na neke boce ne stavljamo \u010dep s mjericom. Takav je \u010dep besplatno dostupan na internetskoj stranici ariel.info.<\/p>\n","protected":false},"excerpt":{"rendered":"<p>Pru\u017ea izvanrednu \u010disto\u0107u u 1 pranju<br \/>\nJedinstvena tehnologija Cool Clean za pranje na ni\u017eim temperaturama<br \/>\nPakiranje se mo\u017ee reciklirati<\/p>\n","protected":false},"featured_media":45314,"template":"","meta":{"_seopress_robots_primary_cat":"","_seopress_titles_title":"","_seopress_titles_desc":"","_seopress_robots_index":"","iawp_total_views":0},"product_brand":[427],"product_cat":[283,238],"product_tag":[],"class_list":{"0":"post-45313","1":"product","2":"type-product","3":"status-publish","4":"has-post-thumbnail","6":"product_brand-ariel","7":"product_cat-pranje-rublja-238","8":"product_cat-sve-za-dom","10":"first","11":"outofstock","12":"shipping-taxable","13":"purchasable","14":"product-type-simple"},"_links":{"self":[{"href":"https:\/\/singuli.wpress.me\/index.php\/wp-json\/wp\/v2\/product\/45313","targetHints":{"allow":["GET"]}}],"collection":[{"href":"https:\/\/singuli.wpress.me\/index.php\/wp-json\/wp\/v2\/product"}],"about":[{"href":"https:\/\/singuli.wpress.me\/index.php\/wp-json\/wp\/v2\/types\/product"}],"version-history":[{"count":0,"href":"https:\/\/singuli.wpress.me\/index.php\/wp-json\/wp\/v2\/product\/45313\/revisions"}],"wp:featuredmedia":[{"embeddable":true,"href":"https:\/\/singuli.wpress.me\/index.php\/wp-json\/wp\/v2\/media\/45314"}],"wp:attachment":[{"href":"https:\/\/singuli.wpress.me\/index.php\/wp-json\/wp\/v2\/media?parent=45313"}],"wp:term":[{"taxonomy":"product_brand","embeddable":true,"href":"https:\/\/singuli.wpress.me\/index.php\/wp-json\/wp\/v2\/product_brand?post=45313"},{"taxonomy":"product_cat","embeddable":true,"href":"https:\/\/singuli.wpress.me\/index.php\/wp-json\/wp\/v2\/product_cat?post=45313"},{"taxonomy":"product_tag","embeddable":true,"href":"https:\/\/singuli.wpress.me\/index.php\/wp-json\/wp\/v2\/product_tag?post=45313"}],"curies":[{"name":"wp","href":"https:\/\/api.w.org\/{rel}","templated":true}]}}