{"id":45323,"date":"2026-04-20T12:39:54","date_gmt":"2026-04-20T12:39:54","guid":{"rendered":"https:\/\/singuli.wpress.me\/index.php\/proizvod\/cartamundi-fundels-edukativne-kartice-mnozenje\/"},"modified":"2026-04-20T12:39:54","modified_gmt":"2026-04-20T12:39:54","slug":"cartamundi-fundels-edukativne-kartice-mnozenje","status":"publish","type":"product","link":"https:\/\/singuli.wpress.me\/index.php\/proizvod\/cartamundi-fundels-edukativne-kartice-mnozenje\/","title":{"rendered":"CARTAMUNDI Fundels, edukativne kartice, mno\u017eenje"},"content":{"rendered":"<p>Nau\u010di mno\u017eenje na jednostavan i zabavan na\u010din uz Fundels edukativne kartice!<br \/>\nSvaka kartica dvostrano je oslikana \u2013 s prednje strane nalazi se zadatak, a na stra\u017enjoj rje\u0161enje. U prakti\u010dnoj kutiji nalazi se \u010dak 55 kartica i upute na nizozemskom jeziku.<\/p>\n<p>Idealan alat za djecu od 6 godina i stariju, koji kroz igru i vizualnu stimulaciju u\u010de tablicu mno\u017eenja bez stresa i dosade. Bilo da u\u010de samostalno ili u paru, ove kartice pretvaraju matematiku u igru!<\/p>\n","protected":false},"excerpt":{"rendered":"<p>Mno\u017eenje na jednostavan i zabavan na\u010din<br \/>\nSvaka kartica dvostrano je oslikana<br \/>\nDob: 6+ god<\/p>\n","protected":false},"featured_media":45324,"template":"","meta":{"_seopress_robots_primary_cat":"","_seopress_titles_title":"","_seopress_titles_desc":"","_seopress_robots_index":"","iawp_total_views":0},"product_brand":[864],"product_cat":[290,221],"product_tag":[],"class_list":{"0":"post-45323","1":"product","2":"type-product","3":"status-publish","4":"has-post-thumbnail","6":"product_brand-cartamundi","7":"product_cat-drustvene-igre-221","8":"product_cat-igracke","10":"first","11":"outofstock","12":"shipping-taxable","13":"purchasable","14":"product-type-simple"},"_links":{"self":[{"href":"https:\/\/singuli.wpress.me\/index.php\/wp-json\/wp\/v2\/product\/45323","targetHints":{"allow":["GET"]}}],"collection":[{"href":"https:\/\/singuli.wpress.me\/index.php\/wp-json\/wp\/v2\/product"}],"about":[{"href":"https:\/\/singuli.wpress.me\/index.php\/wp-json\/wp\/v2\/types\/product"}],"version-history":[{"count":0,"href":"https:\/\/singuli.wpress.me\/index.php\/wp-json\/wp\/v2\/product\/45323\/revisions"}],"wp:featuredmedia":[{"embeddable":true,"href":"https:\/\/singuli.wpress.me\/index.php\/wp-json\/wp\/v2\/media\/45324"}],"wp:attachment":[{"href":"https:\/\/singuli.wpress.me\/index.php\/wp-json\/wp\/v2\/media?parent=45323"}],"wp:term":[{"taxonomy":"product_brand","embeddable":true,"href":"https:\/\/singuli.wpress.me\/index.php\/wp-json\/wp\/v2\/product_brand?post=45323"},{"taxonomy":"product_cat","embeddable":true,"href":"https:\/\/singuli.wpress.me\/index.php\/wp-json\/wp\/v2\/product_cat?post=45323"},{"taxonomy":"product_tag","embeddable":true,"href":"https:\/\/singuli.wpress.me\/index.php\/wp-json\/wp\/v2\/product_tag?post=45323"}],"curies":[{"name":"wp","href":"https:\/\/api.w.org\/{rel}","templated":true}]}}