{"id":45331,"date":"2026-04-20T12:39:57","date_gmt":"2026-04-20T12:39:57","guid":{"rendered":"https:\/\/singuli.wpress.me\/index.php\/proizvod\/tellus-s2-m-32-hidraulicko-ulje-209-l\/"},"modified":"2026-04-20T12:39:57","modified_gmt":"2026-04-20T12:39:57","slug":"tellus-s2-m-32-hidraulicko-ulje-209-l","status":"publish","type":"product","link":"https:\/\/singuli.wpress.me\/index.php\/proizvod\/tellus-s2-m-32-hidraulicko-ulje-209-l\/","title":{"rendered":"TELLUS S2 M 32, hidrauli\u010dko ulje, 209\u00a0l"},"content":{"rendered":"<p>Hidrauli\u010dka ulja visokih performansi koja koriste Shellovu jedinstvenu i patentiranu tehnologiju koja pru\u017ea izvanrednu za\u0161titu i performanse u ve\u0107ini proizvodne i mobilne opreme. Otporna su na propadanje uslijed visokih temperatura i mehani\u010dkih optere\u0107enja te poma\u017eu u sprje\u010davanju stvaranja taloga \u0161to mo\u017ee smanjiti u\u010dinkovitost hidrauli\u010dkog sustava. Zahvaljuju\u0107i svemu navedenom produljuje se interval odr\u017eavanja opreme, bolja pouzdanost i \u010disto\u0107a sustava. Shell Tellus ulja stabilna su u prisutnosti vode \u0161to produljuje vijek trajanja ulja te smanjuje rizik korozije i hr\u0111anja \u010dak i u vrlo vla\u017enim uvjetima. Jedinstveni paket aditiva u Shell Tellus S2 M uljima u kombinaciji sa vrhunskom \u010disto\u0107om svje\u017eeg proizvoda (dostignut zahtjev ISO 4406 21\/19\/16). Shell Tellus ulja dizajnirana su za brzo otpu\u0161tanje zraka bez pretjeranog pjenjenja kako bi se pove\u0107ala u\u010dinkovitost prijenosa snage hidrauli\u010dkog sustava i smanjio utjecaj kavitacijom inducirane oksidacije ulja.<\/p>\n<p>Specifikacija: Denison Hydraulics (HF-0, HF-1, HF-2), Eaton Vickers (bro\u0161ura 694), ulja su navedena u: Bosch Rexroth RD 90220-01 (2011) ISO 22-100, ISO 11158 (HM teku\u0107ine), ASTM D6158-05 (HM teku\u0107ine), DIN 51524 Dio 2 HLP tip, \u0161vedski standard SS 15 54 34 AM, GB 11181-1-94 (HM teku\u0107ine), Cincinnati Machine P-68 (ISO 32).<\/p>\n","protected":false},"excerpt":{"rendered":"<p>Hidrauli\u010dko ulje<br \/>\nStabilno u prisutnosti vode<br \/>\nDizajnirana za brzo otpu\u0161tanje zraka<\/p>\n","protected":false},"featured_media":45332,"template":"","meta":{"_seopress_robots_primary_cat":"","_seopress_titles_title":"","_seopress_titles_desc":"","_seopress_robots_index":"","iawp_total_views":0},"product_brand":[414],"product_cat":[243,276],"product_tag":[],"class_list":{"0":"post-45331","1":"product","2":"type-product","3":"status-publish","4":"has-post-thumbnail","6":"product_brand-tellus","7":"product_cat-automobili-i-motori","8":"product_cat-industrijska-i-specijalna-ulja-243","10":"first","11":"instock","12":"shipping-taxable","13":"purchasable","14":"product-type-simple"},"_links":{"self":[{"href":"https:\/\/singuli.wpress.me\/index.php\/wp-json\/wp\/v2\/product\/45331","targetHints":{"allow":["GET"]}}],"collection":[{"href":"https:\/\/singuli.wpress.me\/index.php\/wp-json\/wp\/v2\/product"}],"about":[{"href":"https:\/\/singuli.wpress.me\/index.php\/wp-json\/wp\/v2\/types\/product"}],"version-history":[{"count":0,"href":"https:\/\/singuli.wpress.me\/index.php\/wp-json\/wp\/v2\/product\/45331\/revisions"}],"wp:featuredmedia":[{"embeddable":true,"href":"https:\/\/singuli.wpress.me\/index.php\/wp-json\/wp\/v2\/media\/45332"}],"wp:attachment":[{"href":"https:\/\/singuli.wpress.me\/index.php\/wp-json\/wp\/v2\/media?parent=45331"}],"wp:term":[{"taxonomy":"product_brand","embeddable":true,"href":"https:\/\/singuli.wpress.me\/index.php\/wp-json\/wp\/v2\/product_brand?post=45331"},{"taxonomy":"product_cat","embeddable":true,"href":"https:\/\/singuli.wpress.me\/index.php\/wp-json\/wp\/v2\/product_cat?post=45331"},{"taxonomy":"product_tag","embeddable":true,"href":"https:\/\/singuli.wpress.me\/index.php\/wp-json\/wp\/v2\/product_tag?post=45331"}],"curies":[{"name":"wp","href":"https:\/\/api.w.org\/{rel}","templated":true}]}}