{"id":45342,"date":"2026-04-20T12:40:00","date_gmt":"2026-04-20T12:40:00","guid":{"rendered":"https:\/\/singuli.wpress.me\/index.php\/proizvod\/laica-uredaj-za-aerosolnu-terapiju-kompresorski-inhalator-ne2013\/"},"modified":"2026-04-20T12:40:00","modified_gmt":"2026-04-20T12:40:00","slug":"laica-uredaj-za-aerosolnu-terapiju-kompresorski-inhalator-ne2013","status":"publish","type":"product","link":"https:\/\/singuli.wpress.me\/index.php\/proizvod\/laica-uredaj-za-aerosolnu-terapiju-kompresorski-inhalator-ne2013\/","title":{"rendered":"LAICA, ure\u0111aj za aerosolnu terapiju, kompresorski inhalator NE2013"},"content":{"rendered":"<p><span style=\"font-weight: bold\">Kompresorski ure\u0111aj za aerosolnu terapiju<\/span> pogodan je za kori\u0161tenje s bilo kojim lijekom, uklju\u010duju\u0107i masne proizvode poput kortizona, esencijalnih ulja i suspenzija. <\/p>\n<p>Inhaliranje pomo\u0107u inhalatora raspr\u0161iva\u010da je jedan od najboljih na\u010dina lije\u010denja ka\u0161lja, bronhitisa i astme. <\/p>\n<p>Poma\u017ee kod te\u0161kog produktivnog ka\u0161lja, gdje je iska\u0161ljavanje naporno i isrcpljuju\u0107e zbog gustog sekreta. <\/p>\n<p>Pakiranje uklju\u010duje: masku za odrasle, dje\u010dju masku, nastavak za nos, posuda za lijek, cijev za zrak, nastavak za usta, 3 filtera<\/p>\n","protected":false},"excerpt":{"rendered":"<p>Pogodan za kori\u0161tenje s bilo kojim lijekom<br \/>\nPoma\u017ee kod te\u0161kog produktivnog ka\u0161lja<br \/>\nJednostavan za kori\u0161tenje<\/p>\n","protected":false},"featured_media":45343,"template":"","meta":{"_seopress_robots_primary_cat":"","_seopress_titles_title":"","_seopress_titles_desc":"","_seopress_robots_index":"","iawp_total_views":0},"product_brand":[148],"product_cat":[192,267],"product_tag":[],"class_list":{"0":"post-45342","1":"product","2":"type-product","3":"status-publish","4":"has-post-thumbnail","6":"product_brand-laica","7":"product_cat-aparati-za-osobnu-njegu","8":"product_cat-zdravstveni-uredaji-192","10":"first","11":"outofstock","12":"shipping-taxable","13":"purchasable","14":"product-type-simple"},"_links":{"self":[{"href":"https:\/\/singuli.wpress.me\/index.php\/wp-json\/wp\/v2\/product\/45342","targetHints":{"allow":["GET"]}}],"collection":[{"href":"https:\/\/singuli.wpress.me\/index.php\/wp-json\/wp\/v2\/product"}],"about":[{"href":"https:\/\/singuli.wpress.me\/index.php\/wp-json\/wp\/v2\/types\/product"}],"version-history":[{"count":0,"href":"https:\/\/singuli.wpress.me\/index.php\/wp-json\/wp\/v2\/product\/45342\/revisions"}],"wp:featuredmedia":[{"embeddable":true,"href":"https:\/\/singuli.wpress.me\/index.php\/wp-json\/wp\/v2\/media\/45343"}],"wp:attachment":[{"href":"https:\/\/singuli.wpress.me\/index.php\/wp-json\/wp\/v2\/media?parent=45342"}],"wp:term":[{"taxonomy":"product_brand","embeddable":true,"href":"https:\/\/singuli.wpress.me\/index.php\/wp-json\/wp\/v2\/product_brand?post=45342"},{"taxonomy":"product_cat","embeddable":true,"href":"https:\/\/singuli.wpress.me\/index.php\/wp-json\/wp\/v2\/product_cat?post=45342"},{"taxonomy":"product_tag","embeddable":true,"href":"https:\/\/singuli.wpress.me\/index.php\/wp-json\/wp\/v2\/product_tag?post=45342"}],"curies":[{"name":"wp","href":"https:\/\/api.w.org\/{rel}","templated":true}]}}