{"id":45350,"date":"2026-04-20T12:40:02","date_gmt":"2026-04-20T12:40:02","guid":{"rendered":"https:\/\/singuli.wpress.me\/index.php\/proizvod\/dana-koktel-blue-lagoon-4-5-0-33-l-3\/"},"modified":"2026-04-20T12:40:02","modified_gmt":"2026-04-20T12:40:02","slug":"dana-koktel-blue-lagoon-4-5-0-33-l-3","status":"publish","type":"product","link":"https:\/\/singuli.wpress.me\/index.php\/proizvod\/dana-koktel-blue-lagoon-4-5-0-33-l-3\/","title":{"rendered":"DANA, koktel, Blue Lagoon 4.5%, 0.33\u00a0l"},"content":{"rendered":"<p>Plavo, sjajno more, sunce, pla\u017ea&#8230; Upravo vas na takvo mjesto vodi ma\u0161ta dok se prepu\u0161tate osvje\u017eavaju\u0107em gutljaju zadivljuju\u0107eg koktela Blue lagoon.<\/p>\n<p>Poslu\u017eite ohla\u0111eno s puno drobljenog leda i ukrasite bilo kojim citrusom i tre\u0161njom.<\/p>\n","protected":false},"excerpt":{"rendered":"<p>Alkoholno pi\u0107e s vo\u0107nim sokom<br \/>\nOkus citrusa<br \/>\n4.5% alkohola<\/p>\n","protected":false},"featured_media":45351,"template":"","meta":{"_seopress_robots_primary_cat":"","_seopress_titles_title":"","_seopress_titles_desc":"","_seopress_robots_index":"","iawp_total_views":0},"product_brand":[485],"product_cat":[298,261],"product_tag":[],"class_list":{"0":"post-45350","1":"product","2":"type-product","3":"status-publish","4":"has-post-thumbnail","6":"product_brand-dana","7":"product_cat-alkoholna-pica-261","8":"product_cat-hrana-i-pice","10":"first","11":"outofstock","12":"shipping-taxable","13":"purchasable","14":"product-type-simple"},"_links":{"self":[{"href":"https:\/\/singuli.wpress.me\/index.php\/wp-json\/wp\/v2\/product\/45350","targetHints":{"allow":["GET"]}}],"collection":[{"href":"https:\/\/singuli.wpress.me\/index.php\/wp-json\/wp\/v2\/product"}],"about":[{"href":"https:\/\/singuli.wpress.me\/index.php\/wp-json\/wp\/v2\/types\/product"}],"version-history":[{"count":0,"href":"https:\/\/singuli.wpress.me\/index.php\/wp-json\/wp\/v2\/product\/45350\/revisions"}],"wp:featuredmedia":[{"embeddable":true,"href":"https:\/\/singuli.wpress.me\/index.php\/wp-json\/wp\/v2\/media\/45351"}],"wp:attachment":[{"href":"https:\/\/singuli.wpress.me\/index.php\/wp-json\/wp\/v2\/media?parent=45350"}],"wp:term":[{"taxonomy":"product_brand","embeddable":true,"href":"https:\/\/singuli.wpress.me\/index.php\/wp-json\/wp\/v2\/product_brand?post=45350"},{"taxonomy":"product_cat","embeddable":true,"href":"https:\/\/singuli.wpress.me\/index.php\/wp-json\/wp\/v2\/product_cat?post=45350"},{"taxonomy":"product_tag","embeddable":true,"href":"https:\/\/singuli.wpress.me\/index.php\/wp-json\/wp\/v2\/product_tag?post=45350"}],"curies":[{"name":"wp","href":"https:\/\/api.w.org\/{rel}","templated":true}]}}