{"id":45361,"date":"2026-04-20T12:40:05","date_gmt":"2026-04-20T12:40:05","guid":{"rendered":"https:\/\/singuli.wpress.me\/index.php\/proizvod\/gillette-poklon-paket-mach-3-brijac-red-series-gel-za-brijanje-200ml-old-spice-gel-za-tusiranje-white-water-200ml\/"},"modified":"2026-04-20T12:40:05","modified_gmt":"2026-04-20T12:40:05","slug":"gillette-poklon-paket-mach-3-brijac-red-series-gel-za-brijanje-200ml-old-spice-gel-za-tusiranje-white-water-200ml","status":"publish","type":"product","link":"https:\/\/singuli.wpress.me\/index.php\/proizvod\/gillette-poklon-paket-mach-3-brijac-red-series-gel-za-brijanje-200ml-old-spice-gel-za-tusiranje-white-water-200ml\/","title":{"rendered":"GILLETTE, poklon paket, Mach 3 brija\u010d red + Series gel za brijanje 200ml + Old Spice gel za tu\u0161iranje White Water 200ml"},"content":{"rendered":"<p>Kada imate osjetljivu ko\u017eu, izuzetno je va\u017eno koje preparate za brijanje koristite. Trebate odabrati one koji i olak\u0161avaju klizanje brija\u010da i umiruju ko\u017eu. Takav je gel za brijanje Gillette Series Sensitive, oboga\u0107en aloa verom. Njegova formula blagog je mirisa i ima trostruko djelovanje: poma\u017ee za\u0161tititi ko\u017eu od iritacija, pru\u017ea joj potrebnu hidrataciju i umiruje ju nakon prelaska o\u0161trica. Za svje\u017e i ugodan po\u010detak dana. Gel za brijanje Gillette Series.<\/p>\n<p>Miri\u0161i kao mu\u0161karac, \u010dovje\u010de! Nanesi Old Spice Whitewater jer neki ka\u017eu da je njegov supergenijalni miris izgubljena karika prema \u010distoj mu\u017eevnosti. Bilo to to\u010dno ili ne, jedna stvar je sigurna: taj izuzetno svje\u017e miris pomo\u0107i \u0107e ti da se rije\u0161i\u0161 neugodnih tjelesnih mirisa i pratit \u0107e te cijelog dana. Pa \u0107e\u0161 dobro mirisati i sebi i drugima. \u0160to \u010deka\u0161? Zgrabi stik Old Spice Whitewater i u\u0111i u legendu.<\/p>\n","protected":false},"excerpt":{"rendered":"<p>Kada imate osjetljivu ko\u017eu, izuzetno je va\u017eno koje preparate za brijanje koristite. Trebate odabrati one koji i olak\u0161avaju klizanje brija\u010da<\/p>\n","protected":false},"featured_media":45362,"template":"","meta":{"_seopress_robots_primary_cat":"","_seopress_titles_title":"","_seopress_titles_desc":"","_seopress_robots_index":"","iawp_total_views":0},"product_brand":[323],"product_cat":[261,277],"product_tag":[],"class_list":{"0":"post-45361","1":"product","2":"type-product","3":"status-publish","4":"has-post-thumbnail","6":"product_brand-gillette","7":"product_cat-hrana-i-pice","8":"product_cat-slatkisi-i-grickalice-261","10":"first","11":"outofstock","12":"shipping-taxable","13":"purchasable","14":"product-type-simple"},"_links":{"self":[{"href":"https:\/\/singuli.wpress.me\/index.php\/wp-json\/wp\/v2\/product\/45361","targetHints":{"allow":["GET"]}}],"collection":[{"href":"https:\/\/singuli.wpress.me\/index.php\/wp-json\/wp\/v2\/product"}],"about":[{"href":"https:\/\/singuli.wpress.me\/index.php\/wp-json\/wp\/v2\/types\/product"}],"version-history":[{"count":0,"href":"https:\/\/singuli.wpress.me\/index.php\/wp-json\/wp\/v2\/product\/45361\/revisions"}],"wp:featuredmedia":[{"embeddable":true,"href":"https:\/\/singuli.wpress.me\/index.php\/wp-json\/wp\/v2\/media\/45362"}],"wp:attachment":[{"href":"https:\/\/singuli.wpress.me\/index.php\/wp-json\/wp\/v2\/media?parent=45361"}],"wp:term":[{"taxonomy":"product_brand","embeddable":true,"href":"https:\/\/singuli.wpress.me\/index.php\/wp-json\/wp\/v2\/product_brand?post=45361"},{"taxonomy":"product_cat","embeddable":true,"href":"https:\/\/singuli.wpress.me\/index.php\/wp-json\/wp\/v2\/product_cat?post=45361"},{"taxonomy":"product_tag","embeddable":true,"href":"https:\/\/singuli.wpress.me\/index.php\/wp-json\/wp\/v2\/product_tag?post=45361"}],"curies":[{"name":"wp","href":"https:\/\/api.w.org\/{rel}","templated":true}]}}