{"id":45367,"date":"2026-04-20T12:40:14","date_gmt":"2026-04-20T12:40:14","guid":{"rendered":"https:\/\/singuli.wpress.me\/index.php\/proizvod\/becutan-tekuci-deterdzent-za-pranje-rublja-1-l\/"},"modified":"2026-04-20T12:40:14","modified_gmt":"2026-04-20T12:40:14","slug":"becutan-tekuci-deterdzent-za-pranje-rublja-1-l","status":"publish","type":"product","link":"https:\/\/singuli.wpress.me\/index.php\/proizvod\/becutan-tekuci-deterdzent-za-pranje-rublja-1-l\/","title":{"rendered":"BECUTAN, teku\u0107i deterd\u017eent za pranje rublja, 1\u00a0l"},"content":{"rendered":"<p>Becutan teku\u0107i deterd\u017eent kombinira snagu \u010di\u0161\u0107enja s iznimnom nje\u017eno\u0161\u0107u prema dje\u010djoj ko\u017ei. Njegova lagana formula oboga\u0107ena je enzimima koji u\u010dinkovito uklanjaju mrlje i ne\u010disto\u0107e s odje\u0107e, dok istovremeno \u0161tite osjetljivu ko\u017eu. Namijenjen je za ru\u010dno i strojno pranje u \u0161irokom rasponu temperatura, od 30 do 90\u00b0C. Dermatolo\u0161ki testiran, ovaj je deterd\u017eent siguran odabir za bebe, djecu te odrasle s osjetljivom ko\u017eom, osiguravaju\u0107i besprijekornu \u010disto\u0107u uz maksimalnu za\u0161titu.<\/p>\n","protected":false},"excerpt":{"rendered":"<p>U\u010dinkovito uklanja tvrdokorne mrlje i ne\u010disto\u0107e bez naru\u0161avanja strukture tkanine<br \/>\nPrikladan za pranje na temperaturama od 30 do 90\u00b0C, bilo da se radi o strojnom ili ru\u010dnom pranju<br \/>\nPrilago\u0111eno osobama s najosjetljivijom ko\u017eom, pru\u017eaju\u0107i \u010diste i sigurne rezultate bez iritacija<\/p>\n","protected":false},"featured_media":45368,"template":"","meta":{"_seopress_robots_primary_cat":"","_seopress_titles_title":"","_seopress_titles_desc":"","_seopress_robots_index":"","iawp_total_views":0},"product_brand":[803],"product_cat":[283,238],"product_tag":[],"class_list":{"0":"post-45367","1":"product","2":"type-product","3":"status-publish","4":"has-post-thumbnail","6":"product_brand-becutan","7":"product_cat-pranje-rublja-238","8":"product_cat-sve-za-dom","10":"first","11":"instock","12":"shipping-taxable","13":"purchasable","14":"product-type-simple"},"_links":{"self":[{"href":"https:\/\/singuli.wpress.me\/index.php\/wp-json\/wp\/v2\/product\/45367","targetHints":{"allow":["GET"]}}],"collection":[{"href":"https:\/\/singuli.wpress.me\/index.php\/wp-json\/wp\/v2\/product"}],"about":[{"href":"https:\/\/singuli.wpress.me\/index.php\/wp-json\/wp\/v2\/types\/product"}],"version-history":[{"count":0,"href":"https:\/\/singuli.wpress.me\/index.php\/wp-json\/wp\/v2\/product\/45367\/revisions"}],"wp:featuredmedia":[{"embeddable":true,"href":"https:\/\/singuli.wpress.me\/index.php\/wp-json\/wp\/v2\/media\/45368"}],"wp:attachment":[{"href":"https:\/\/singuli.wpress.me\/index.php\/wp-json\/wp\/v2\/media?parent=45367"}],"wp:term":[{"taxonomy":"product_brand","embeddable":true,"href":"https:\/\/singuli.wpress.me\/index.php\/wp-json\/wp\/v2\/product_brand?post=45367"},{"taxonomy":"product_cat","embeddable":true,"href":"https:\/\/singuli.wpress.me\/index.php\/wp-json\/wp\/v2\/product_cat?post=45367"},{"taxonomy":"product_tag","embeddable":true,"href":"https:\/\/singuli.wpress.me\/index.php\/wp-json\/wp\/v2\/product_tag?post=45367"}],"curies":[{"name":"wp","href":"https:\/\/api.w.org\/{rel}","templated":true}]}}