{"id":45369,"date":"2026-04-20T12:40:14","date_gmt":"2026-04-20T12:40:14","guid":{"rendered":"https:\/\/singuli.wpress.me\/index.php\/proizvod\/domo-do8708w-elektricni-wok\/"},"modified":"2026-04-20T12:40:14","modified_gmt":"2026-04-20T12:40:14","slug":"domo-do8708w-elektricni-wok","status":"publish","type":"product","link":"https:\/\/singuli.wpress.me\/index.php\/proizvod\/domo-do8708w-elektricni-wok\/","title":{"rendered":"DOMO DO8708W, elektri\u010dni wok"},"content":{"rendered":"<p>Ukoliko ste ljubitelj ukusnih azijskih jela, svakako ne smijete propustiti pametnog pomo\u0107nika u obliku mo\u0107ne elektri\u010dne Wok Domo tave koja \u0107e kuhanje u\u010diniti lakim i brzim. Domo DO8708W je elektri\u010dni wok od lijevanog aluminija zapremine 5 litara. Unutra\u0161njost woka presvu\u010dena je neljepljivim premazom za jednostavno \u010di\u0161\u0107enje. Wok i poklopac mo\u017eete prati \u010dak i u perilici posu\u0111a.<\/p>\n","protected":false},"excerpt":{"rendered":"<p>Elektri\u010dni wok od lijevanog aluminija<br \/>\nPremaz protiv lijepljenja<br \/>\nErgonomski dizajnirane ru\u010dke<\/p>\n","protected":false},"featured_media":45370,"template":"","meta":{"_seopress_robots_primary_cat":"","_seopress_titles_title":"","_seopress_titles_desc":"","_seopress_robots_index":"","iawp_total_views":0},"product_brand":[255],"product_cat":[266,265,160],"product_tag":[],"class_list":{"0":"post-45369","1":"product","2":"type-product","3":"status-publish","4":"has-post-thumbnail","6":"product_brand-domo","7":"product_cat-aparati-za-kuhanje-265","8":"product_cat-kuhinjski-aparati-160","9":"product_cat-mali-kucanski-aparati","11":"first","12":"outofstock","13":"shipping-taxable","14":"purchasable","15":"product-type-simple"},"_links":{"self":[{"href":"https:\/\/singuli.wpress.me\/index.php\/wp-json\/wp\/v2\/product\/45369","targetHints":{"allow":["GET"]}}],"collection":[{"href":"https:\/\/singuli.wpress.me\/index.php\/wp-json\/wp\/v2\/product"}],"about":[{"href":"https:\/\/singuli.wpress.me\/index.php\/wp-json\/wp\/v2\/types\/product"}],"version-history":[{"count":0,"href":"https:\/\/singuli.wpress.me\/index.php\/wp-json\/wp\/v2\/product\/45369\/revisions"}],"wp:featuredmedia":[{"embeddable":true,"href":"https:\/\/singuli.wpress.me\/index.php\/wp-json\/wp\/v2\/media\/45370"}],"wp:attachment":[{"href":"https:\/\/singuli.wpress.me\/index.php\/wp-json\/wp\/v2\/media?parent=45369"}],"wp:term":[{"taxonomy":"product_brand","embeddable":true,"href":"https:\/\/singuli.wpress.me\/index.php\/wp-json\/wp\/v2\/product_brand?post=45369"},{"taxonomy":"product_cat","embeddable":true,"href":"https:\/\/singuli.wpress.me\/index.php\/wp-json\/wp\/v2\/product_cat?post=45369"},{"taxonomy":"product_tag","embeddable":true,"href":"https:\/\/singuli.wpress.me\/index.php\/wp-json\/wp\/v2\/product_tag?post=45369"}],"curies":[{"name":"wp","href":"https:\/\/api.w.org\/{rel}","templated":true}]}}