{"id":45378,"date":"2026-04-20T12:40:18","date_gmt":"2026-04-20T12:40:18","guid":{"rendered":"https:\/\/singuli.wpress.me\/index.php\/proizvod\/barbie-lutka-budi-sto-zelis\/"},"modified":"2026-04-21T00:27:30","modified_gmt":"2026-04-21T00:27:30","slug":"barbie-lutka-budi-sto-zelis","status":"publish","type":"product","link":"https:\/\/singuli.wpress.me\/index.php\/proizvod\/barbie-lutka-budi-sto-zelis\/","title":{"rendered":"BARBIE, lutka, Budi \u0161to \u017eeli\u0161"},"content":{"rendered":"<p>Barbie Budi \u0161to \u017eeli\u0161 lutke, inspiriraju djevoj\u010dice da sanjaju velike snove!<\/p>\n<p>Kada se djevoj\u010dica igra s Barbie, ona zami\u0161lja \u0161to sve mo\u017ee postati kad naraste.<\/p>\n<p>U asortimanu su lutke balerine, spasiteljice i medicinske sestre. S Barbie budi \u0161to \u017eeli\u0161.<\/p>\n<p>Lutka ne mo\u017ee samostalno stajati.<\/p>\n<p>Boje i dekoracije mogu se razlikovati.<\/p>\n<p>Igra\u010dka dolazi u vi\u0161e razli\u010ditih modela, a isporuka ovisi o njihovoj trenutnoj raspolo\u017eivosti.<\/p>\n","protected":false},"excerpt":{"rendered":"<p>Lutka inspirira djevoj\u010dice da sanjaju velike snov<br \/>\nU asortimanu su lutke balerine, spasiteljice i medicinske sestre<br \/>\nBoje i dekoracije mogu se razlikovati<\/p>\n","protected":false},"featured_media":45379,"template":"","meta":{"_seopress_robots_primary_cat":"","_seopress_titles_title":"","_seopress_titles_desc":"","_seopress_robots_index":"","iawp_total_views":0},"product_brand":[324],"product_cat":[221,291],"product_tag":[],"class_list":{"0":"post-45378","1":"product","2":"type-product","3":"status-publish","4":"has-post-thumbnail","6":"product_brand-barbie","7":"product_cat-igracke","8":"product_cat-igracke-za-djecu-221","10":"first","11":"instock","12":"shipping-taxable","13":"purchasable","14":"product-type-simple"},"_links":{"self":[{"href":"https:\/\/singuli.wpress.me\/index.php\/wp-json\/wp\/v2\/product\/45378","targetHints":{"allow":["GET"]}}],"collection":[{"href":"https:\/\/singuli.wpress.me\/index.php\/wp-json\/wp\/v2\/product"}],"about":[{"href":"https:\/\/singuli.wpress.me\/index.php\/wp-json\/wp\/v2\/types\/product"}],"version-history":[{"count":0,"href":"https:\/\/singuli.wpress.me\/index.php\/wp-json\/wp\/v2\/product\/45378\/revisions"}],"wp:featuredmedia":[{"embeddable":true,"href":"https:\/\/singuli.wpress.me\/index.php\/wp-json\/wp\/v2\/media\/45379"}],"wp:attachment":[{"href":"https:\/\/singuli.wpress.me\/index.php\/wp-json\/wp\/v2\/media?parent=45378"}],"wp:term":[{"taxonomy":"product_brand","embeddable":true,"href":"https:\/\/singuli.wpress.me\/index.php\/wp-json\/wp\/v2\/product_brand?post=45378"},{"taxonomy":"product_cat","embeddable":true,"href":"https:\/\/singuli.wpress.me\/index.php\/wp-json\/wp\/v2\/product_cat?post=45378"},{"taxonomy":"product_tag","embeddable":true,"href":"https:\/\/singuli.wpress.me\/index.php\/wp-json\/wp\/v2\/product_tag?post=45378"}],"curies":[{"name":"wp","href":"https:\/\/api.w.org\/{rel}","templated":true}]}}