{"id":45384,"date":"2026-04-20T12:40:20","date_gmt":"2026-04-20T12:40:20","guid":{"rendered":"https:\/\/singuli.wpress.me\/index.php\/proizvod\/domo-do9056c-xl-toster\/"},"modified":"2026-04-21T00:27:30","modified_gmt":"2026-04-21T00:27:30","slug":"domo-do9056c-xl-toster","status":"publish","type":"product","link":"https:\/\/singuli.wpress.me\/index.php\/proizvod\/domo-do9056c-xl-toster\/","title":{"rendered":"DOMO DO9056C XL , toster"},"content":{"rendered":"<p>Toster Domo XL DO9056C omogu\u0107uje pripremu toplog sendvi\u010da \u010dak iu XL veli\u010dini. Plo\u010da je posebno dizajnirana za XL veli\u010dinu sendvi\u010da, \u0161to vam daje 50% vi\u0161e povr\u0161ine za pe\u010denje u odnosu na klasi\u010dni toster. Zahvaljuju\u0107i neprianjaju\u0107em sloju, sendvi\u010d se ne\u0107e lijepiti za tanjur. A hladno tijelo zna\u010di da ne\u0107ete ope\u0107i prste izvana. Kada zavr\u0161ite s kori\u0161tenjem Domo XL tostera, lako ga je spremiti. Jednostavno zatvorite poklopac i stavite ga u kuhinjski o maro u uspravnom polo\u017eaju kako bi zauzeo manje prostora.<\/p>\n","protected":false},"excerpt":{"rendered":"<p>Premaz protiv lijepljenja<br \/>\nMo\u017ee se pohraniti uspravno, \u0161to \u0161tedi prostor<br \/>\nNoge protiv klizanja i spremi\u0161te za kabele<\/p>\n","protected":false},"featured_media":45385,"template":"","meta":{"_seopress_robots_primary_cat":"","_seopress_titles_title":"","_seopress_titles_desc":"","_seopress_robots_index":"","iawp_total_views":0},"product_brand":[255],"product_cat":[266,265,160],"product_tag":[],"class_list":{"0":"post-45384","1":"product","2":"type-product","3":"status-publish","4":"has-post-thumbnail","6":"product_brand-domo","7":"product_cat-aparati-za-kuhanje-265","8":"product_cat-kuhinjski-aparati-160","9":"product_cat-mali-kucanski-aparati","11":"first","12":"outofstock","13":"shipping-taxable","14":"purchasable","15":"product-type-simple"},"_links":{"self":[{"href":"https:\/\/singuli.wpress.me\/index.php\/wp-json\/wp\/v2\/product\/45384","targetHints":{"allow":["GET"]}}],"collection":[{"href":"https:\/\/singuli.wpress.me\/index.php\/wp-json\/wp\/v2\/product"}],"about":[{"href":"https:\/\/singuli.wpress.me\/index.php\/wp-json\/wp\/v2\/types\/product"}],"version-history":[{"count":0,"href":"https:\/\/singuli.wpress.me\/index.php\/wp-json\/wp\/v2\/product\/45384\/revisions"}],"wp:featuredmedia":[{"embeddable":true,"href":"https:\/\/singuli.wpress.me\/index.php\/wp-json\/wp\/v2\/media\/45385"}],"wp:attachment":[{"href":"https:\/\/singuli.wpress.me\/index.php\/wp-json\/wp\/v2\/media?parent=45384"}],"wp:term":[{"taxonomy":"product_brand","embeddable":true,"href":"https:\/\/singuli.wpress.me\/index.php\/wp-json\/wp\/v2\/product_brand?post=45384"},{"taxonomy":"product_cat","embeddable":true,"href":"https:\/\/singuli.wpress.me\/index.php\/wp-json\/wp\/v2\/product_cat?post=45384"},{"taxonomy":"product_tag","embeddable":true,"href":"https:\/\/singuli.wpress.me\/index.php\/wp-json\/wp\/v2\/product_tag?post=45384"}],"curies":[{"name":"wp","href":"https:\/\/api.w.org\/{rel}","templated":true}]}}