{"id":45394,"date":"2026-04-20T12:40:23","date_gmt":"2026-04-20T12:40:23","guid":{"rendered":"https:\/\/singuli.wpress.me\/index.php\/proizvod\/domo-do9204ks-brusilica-za-nozeve-elektricna\/"},"modified":"2026-04-20T12:40:24","modified_gmt":"2026-04-20T12:40:24","slug":"domo-do9204ks-brusilica-za-nozeve-elektricna","status":"publish","type":"product","link":"https:\/\/singuli.wpress.me\/index.php\/proizvod\/domo-do9204ks-brusilica-za-nozeve-elektricna\/","title":{"rendered":"DOMO DO9204KS, brusilica za no\u017eeve, elektri\u010dna"},"content":{"rendered":"<p>S elektri\u010dnim o\u0161trilom no\u017eeva Domo DO9204KS mo\u017eete jednostavno nao\u0161triti svaki no\u017e, ne samo u kuhinji. Brusne plo\u010de se nalaze ispod fiksnog poklopca s utorima za vo\u0111enje kako bi se o\u0161trica precizno vodila pod ispravnim kutom. O\u0161trenje je vrlo jednostavno i svatko Brusni kamen sadr\u017ei finu i grubu brusnu plo\u010du, \u0161to omogu\u0107uje precizno o\u0161trenje rubova no\u017eeva prema va\u0161im zahtjevima.<\/p>\n","protected":false},"excerpt":{"rendered":"<p>Sustav o\u0161trenja s 2 brusna kamena ( bru\u0161enje i poliranje)<br \/>\nS vodilicom no\u017ea koja no\u017eeve postavlja u savr\u0161en kut o\u0161trenja<br \/>\nNoge protiv klizanja<\/p>\n","protected":false},"featured_media":45395,"template":"","meta":{"_seopress_robots_primary_cat":"","_seopress_titles_title":"","_seopress_titles_desc":"","_seopress_robots_index":"","iawp_total_views":0},"product_brand":[255],"product_cat":[192,267],"product_tag":[],"class_list":{"0":"post-45394","1":"product","2":"type-product","3":"status-publish","4":"has-post-thumbnail","6":"product_brand-domo","7":"product_cat-aparati-za-osobnu-njegu","8":"product_cat-zdravstveni-uredaji-192","10":"first","11":"outofstock","12":"shipping-taxable","13":"purchasable","14":"product-type-simple"},"_links":{"self":[{"href":"https:\/\/singuli.wpress.me\/index.php\/wp-json\/wp\/v2\/product\/45394","targetHints":{"allow":["GET"]}}],"collection":[{"href":"https:\/\/singuli.wpress.me\/index.php\/wp-json\/wp\/v2\/product"}],"about":[{"href":"https:\/\/singuli.wpress.me\/index.php\/wp-json\/wp\/v2\/types\/product"}],"version-history":[{"count":0,"href":"https:\/\/singuli.wpress.me\/index.php\/wp-json\/wp\/v2\/product\/45394\/revisions"}],"wp:featuredmedia":[{"embeddable":true,"href":"https:\/\/singuli.wpress.me\/index.php\/wp-json\/wp\/v2\/media\/45395"}],"wp:attachment":[{"href":"https:\/\/singuli.wpress.me\/index.php\/wp-json\/wp\/v2\/media?parent=45394"}],"wp:term":[{"taxonomy":"product_brand","embeddable":true,"href":"https:\/\/singuli.wpress.me\/index.php\/wp-json\/wp\/v2\/product_brand?post=45394"},{"taxonomy":"product_cat","embeddable":true,"href":"https:\/\/singuli.wpress.me\/index.php\/wp-json\/wp\/v2\/product_cat?post=45394"},{"taxonomy":"product_tag","embeddable":true,"href":"https:\/\/singuli.wpress.me\/index.php\/wp-json\/wp\/v2\/product_tag?post=45394"}],"curies":[{"name":"wp","href":"https:\/\/api.w.org\/{rel}","templated":true}]}}