{"id":45405,"date":"2026-04-20T12:40:28","date_gmt":"2026-04-20T12:40:28","guid":{"rendered":"https:\/\/singuli.wpress.me\/index.php\/proizvod\/medex-hijaluronska-kiselina-u-kapsuli-40-kapsula-x-100mg-40-kom\/"},"modified":"2026-04-20T12:40:28","modified_gmt":"2026-04-20T12:40:28","slug":"medex-hijaluronska-kiselina-u-kapsuli-40-kapsula-x-100mg-40-kom","status":"publish","type":"product","link":"https:\/\/singuli.wpress.me\/index.php\/proizvod\/medex-hijaluronska-kiselina-u-kapsuli-40-kapsula-x-100mg-40-kom\/","title":{"rendered":"MEDEX, hijaluronska kiselina u kapsuli, 40 kapsula x 100mg, 40\u00a0kom"},"content":{"rendered":"<p>Hijaluronska kiselina  u kapsulama. Poma\u017ee smanjiti bore, pobolj\u0161ati napetost i elasti\u010dnost ko\u017ee.<\/p>\n<p>Uzmite ih  zajedno s obrokom s 2 dl vode. Preporu\u010dujemo redovitu uporabu od najmanje 30 dana. Jedno pakiranje je dovoljno za 20 dana primjene.<\/p>\n<p>Preporu\u010dena dnevna doza su 2 kapsule. Hijaluronska kiselina \u0161irokog spektra ExceptionHYAL\u00ae Star (5\u20133.000 kDa ) = 200 mg<\/p>\n","protected":false},"excerpt":{"rendered":"<p>Poma\u017ee smanjiti bore<br \/>\nPobolj\u0161ava napetost i elasti\u010dnost ko\u017ee<br \/>\nPreporu\u010dena dnevna doza su 2 kapsule<\/p>\n","protected":false},"featured_media":45406,"template":"","meta":{"_seopress_robots_primary_cat":"","_seopress_titles_title":"","_seopress_titles_desc":"","_seopress_robots_index":"","iawp_total_views":0},"product_brand":[415],"product_cat":[268,278],"product_tag":[],"class_list":{"0":"post-45405","1":"product","2":"type-product","3":"status-publish","4":"has-post-thumbnail","6":"product_brand-medex","7":"product_cat-kozmetika-2","8":"product_cat-njega-tijela-268","10":"first","11":"outofstock","12":"shipping-taxable","13":"purchasable","14":"product-type-simple"},"_links":{"self":[{"href":"https:\/\/singuli.wpress.me\/index.php\/wp-json\/wp\/v2\/product\/45405","targetHints":{"allow":["GET"]}}],"collection":[{"href":"https:\/\/singuli.wpress.me\/index.php\/wp-json\/wp\/v2\/product"}],"about":[{"href":"https:\/\/singuli.wpress.me\/index.php\/wp-json\/wp\/v2\/types\/product"}],"version-history":[{"count":0,"href":"https:\/\/singuli.wpress.me\/index.php\/wp-json\/wp\/v2\/product\/45405\/revisions"}],"wp:featuredmedia":[{"embeddable":true,"href":"https:\/\/singuli.wpress.me\/index.php\/wp-json\/wp\/v2\/media\/45406"}],"wp:attachment":[{"href":"https:\/\/singuli.wpress.me\/index.php\/wp-json\/wp\/v2\/media?parent=45405"}],"wp:term":[{"taxonomy":"product_brand","embeddable":true,"href":"https:\/\/singuli.wpress.me\/index.php\/wp-json\/wp\/v2\/product_brand?post=45405"},{"taxonomy":"product_cat","embeddable":true,"href":"https:\/\/singuli.wpress.me\/index.php\/wp-json\/wp\/v2\/product_cat?post=45405"},{"taxonomy":"product_tag","embeddable":true,"href":"https:\/\/singuli.wpress.me\/index.php\/wp-json\/wp\/v2\/product_tag?post=45405"}],"curies":[{"name":"wp","href":"https:\/\/api.w.org\/{rel}","templated":true}]}}