{"id":45409,"date":"2026-04-20T12:40:29","date_gmt":"2026-04-20T12:40:29","guid":{"rendered":"https:\/\/singuli.wpress.me\/index.php\/proizvod\/becutan-omeksivac-2-l\/"},"modified":"2026-04-21T00:27:30","modified_gmt":"2026-04-21T00:27:30","slug":"becutan-omeksivac-2-l","status":"publish","type":"product","link":"https:\/\/singuli.wpress.me\/index.php\/proizvod\/becutan-omeksivac-2-l\/","title":{"rendered":"BECUTAN, omek\u0161iva\u010d, 2\u00a0l"},"content":{"rendered":"<p>Novi Becutan omek\u0161iva\u010d odje\u0107e s laganom formulom oboga\u0107enom ekstraktom aloe vere savr\u0161en je izbor za njegu dje\u010djeg rublja. Njegova uravnote\u017eena struktura oplemenjuje tkanine, pru\u017eaju\u0107i im iznimnu meko\u0107u i nje\u017ean osje\u0107aj svje\u017eine. Zahvaljuju\u0107i blagotvornom djelovanju aloe vere, ovaj omek\u0161iva\u010d je pogodan i za osobe s najosjetljivijom ko\u017eom, \u0161to potvr\u0111uju i provedeni dermatolo\u0161ki testovi. Mo\u017ee se rabiti za strojno i ru\u010dno pranje u \u0161irokom rasponu temperatura, od 30 do 90 \u00b0C.<\/p>\n","protected":false},"excerpt":{"rendered":"<p>Prirodni ekstrakt biljke osigurava dodatnu njegu i \u010dini proizvod pogodnim za osjetljivu ko\u017eu<br \/>\nPosebna formula koja prodire u vlakna, \u010dine\u0107i odje\u0107u mekanom na dodir i dugotrajno svje\u017eom<br \/>\nU\u010dinkovit kod pranja na temperaturama od 30 do 90 \u00b0C, prilago\u0111en svim vrstama rublja<\/p>\n","protected":false},"featured_media":45410,"template":"","meta":{"_seopress_robots_primary_cat":"","_seopress_titles_title":"","_seopress_titles_desc":"","_seopress_robots_index":"","iawp_total_views":0},"product_brand":[803],"product_cat":[283,238],"product_tag":[],"class_list":{"0":"post-45409","1":"product","2":"type-product","3":"status-publish","4":"has-post-thumbnail","6":"product_brand-becutan","7":"product_cat-pranje-rublja-238","8":"product_cat-sve-za-dom","10":"first","11":"instock","12":"shipping-taxable","13":"purchasable","14":"product-type-simple"},"_links":{"self":[{"href":"https:\/\/singuli.wpress.me\/index.php\/wp-json\/wp\/v2\/product\/45409","targetHints":{"allow":["GET"]}}],"collection":[{"href":"https:\/\/singuli.wpress.me\/index.php\/wp-json\/wp\/v2\/product"}],"about":[{"href":"https:\/\/singuli.wpress.me\/index.php\/wp-json\/wp\/v2\/types\/product"}],"version-history":[{"count":0,"href":"https:\/\/singuli.wpress.me\/index.php\/wp-json\/wp\/v2\/product\/45409\/revisions"}],"wp:featuredmedia":[{"embeddable":true,"href":"https:\/\/singuli.wpress.me\/index.php\/wp-json\/wp\/v2\/media\/45410"}],"wp:attachment":[{"href":"https:\/\/singuli.wpress.me\/index.php\/wp-json\/wp\/v2\/media?parent=45409"}],"wp:term":[{"taxonomy":"product_brand","embeddable":true,"href":"https:\/\/singuli.wpress.me\/index.php\/wp-json\/wp\/v2\/product_brand?post=45409"},{"taxonomy":"product_cat","embeddable":true,"href":"https:\/\/singuli.wpress.me\/index.php\/wp-json\/wp\/v2\/product_cat?post=45409"},{"taxonomy":"product_tag","embeddable":true,"href":"https:\/\/singuli.wpress.me\/index.php\/wp-json\/wp\/v2\/product_tag?post=45409"}],"curies":[{"name":"wp","href":"https:\/\/api.w.org\/{rel}","templated":true}]}}