{"id":45413,"date":"2026-04-20T12:40:30","date_gmt":"2026-04-20T12:40:30","guid":{"rendered":"https:\/\/singuli.wpress.me\/index.php\/proizvod\/dr-oetker-puding-panna-cotta-124-g\/"},"modified":"2026-04-20T12:40:30","modified_gmt":"2026-04-20T12:40:30","slug":"dr-oetker-puding-panna-cotta-124-g","status":"publish","type":"product","link":"https:\/\/singuli.wpress.me\/index.php\/proizvod\/dr-oetker-puding-panna-cotta-124-g\/","title":{"rendered":"DR. OETKER, puding, panna cotta , 124\u00a0g"},"content":{"rendered":"<p>Dr. Oetker Panna Cotta priprema se prema originalnoj talijanskoj recepturi sasvim jednostavno, bez kuhanja! Pomije\u0161a se s mlijekom i slatkim vrhnjem, stavi da se ohladi i u\u017eivanje u pravom talijanskom okusu, u vlastitom domu, mo\u017ee po\u010deti. Nemojte zaboraviti i ukusan preljev od \u0161umskog vo\u0107a koji \u0107e obogatiti svaki zalogaj. Razmazite sebe, svoju obitelj i goste ovim desertnim specijalitetom.<\/p>\n","protected":false},"excerpt":{"rendered":"<p>Prema originalnoj talijanskoj recepturi<br \/>\nJednostavna priprema<br \/>\n\u010cuvati na hladnom i suhom mjestu<\/p>\n","protected":false},"featured_media":45414,"template":"","meta":{"_seopress_robots_primary_cat":"","_seopress_titles_title":"","_seopress_titles_desc":"","_seopress_robots_index":"","iawp_total_views":0},"product_brand":[328],"product_cat":[261,270],"product_tag":[],"class_list":{"0":"post-45413","1":"product","2":"type-product","3":"status-publish","4":"has-post-thumbnail","6":"product_brand-dr-oetker","7":"product_cat-hrana-i-pice","8":"product_cat-slasticarstvo-261","10":"first","11":"outofstock","12":"shipping-taxable","13":"purchasable","14":"product-type-simple"},"_links":{"self":[{"href":"https:\/\/singuli.wpress.me\/index.php\/wp-json\/wp\/v2\/product\/45413","targetHints":{"allow":["GET"]}}],"collection":[{"href":"https:\/\/singuli.wpress.me\/index.php\/wp-json\/wp\/v2\/product"}],"about":[{"href":"https:\/\/singuli.wpress.me\/index.php\/wp-json\/wp\/v2\/types\/product"}],"version-history":[{"count":0,"href":"https:\/\/singuli.wpress.me\/index.php\/wp-json\/wp\/v2\/product\/45413\/revisions"}],"wp:featuredmedia":[{"embeddable":true,"href":"https:\/\/singuli.wpress.me\/index.php\/wp-json\/wp\/v2\/media\/45414"}],"wp:attachment":[{"href":"https:\/\/singuli.wpress.me\/index.php\/wp-json\/wp\/v2\/media?parent=45413"}],"wp:term":[{"taxonomy":"product_brand","embeddable":true,"href":"https:\/\/singuli.wpress.me\/index.php\/wp-json\/wp\/v2\/product_brand?post=45413"},{"taxonomy":"product_cat","embeddable":true,"href":"https:\/\/singuli.wpress.me\/index.php\/wp-json\/wp\/v2\/product_cat?post=45413"},{"taxonomy":"product_tag","embeddable":true,"href":"https:\/\/singuli.wpress.me\/index.php\/wp-json\/wp\/v2\/product_tag?post=45413"}],"curies":[{"name":"wp","href":"https:\/\/api.w.org\/{rel}","templated":true}]}}