{"id":45421,"date":"2026-04-20T12:40:36","date_gmt":"2026-04-20T12:40:36","guid":{"rendered":"https:\/\/singuli.wpress.me\/index.php\/proizvod\/lenor-gold-orchid-mirisne-perlice-210-g\/"},"modified":"2026-04-21T00:27:30","modified_gmt":"2026-04-21T00:27:30","slug":"lenor-gold-orchid-mirisne-perlice-210-g","status":"publish","type":"product","link":"https:\/\/singuli.wpress.me\/index.php\/proizvod\/lenor-gold-orchid-mirisne-perlice-210-g\/","title":{"rendered":"LENOR Gold Orchid, mirisne perlice, 210\u00a0g"},"content":{"rendered":"<p>Otkrijte mirisne perlice za rublje Lenor, <span style=\"font-weight: bold\">najnoviji Lenorov proizvod uz koji se osje\u0107ate dobro<\/span>. Za dodatnu svje\u017einu pri svakom pranju (do 12 tjedana u ormaru), Lenor pro\u017eima va\u0161u odje\u0107u mirisom Gold Orchid. <\/p>\n<p>Lenor Gold Orchid pro\u017eet je zavodljivom notom skupocjene vanilije koja uga\u0111a osjetilima i umiruje nemirni duh. <\/p>\n<p>Kombinacijom mirisa mimoze, nota slatkoga od ru\u017ea i kremaste breskve, Lenor Gold Orchid vam pru\u017ea nevjerojatno rasko\u0161an i ugodan do\u017eivljaj. <\/p>\n<p>Mirisne perlice za rublje Lenor Gold Orchid osmi\u0161ljene su kako bi djelovale u savr\u0161enom skladu s omek\u0161iva\u010dem Lenor Gold Orchid. <\/p>\n<p>Svaki za sebe predivni\u2026 zajedno neodoljivi. Osje\u0107am se dobro u Lenoru.<\/p>\n","protected":false},"excerpt":{"rendered":"<p>Jo\u0161 vi\u0161e mirisa koji volite<br \/>\nMirisne perlice za rublje pro\u017eete vanilijom i kombinacijom mirisnih nota mimoze, slatkog od ru\u017ea i kremaste breskve<br \/>\nIntenzivna svje\u017eina pri svakom pranju<\/p>\n","protected":false},"featured_media":45422,"template":"","meta":{"_seopress_robots_primary_cat":"","_seopress_titles_title":"","_seopress_titles_desc":"","_seopress_robots_index":"","iawp_total_views":0},"product_brand":[446],"product_cat":[294,238],"product_tag":[],"class_list":{"0":"post-45421","1":"product","2":"type-product","3":"status-publish","4":"has-post-thumbnail","6":"product_brand-lenor","7":"product_cat-osvjezivaci-zraka-238","8":"product_cat-sve-za-dom","10":"first","11":"outofstock","12":"shipping-taxable","13":"purchasable","14":"product-type-simple"},"_links":{"self":[{"href":"https:\/\/singuli.wpress.me\/index.php\/wp-json\/wp\/v2\/product\/45421","targetHints":{"allow":["GET"]}}],"collection":[{"href":"https:\/\/singuli.wpress.me\/index.php\/wp-json\/wp\/v2\/product"}],"about":[{"href":"https:\/\/singuli.wpress.me\/index.php\/wp-json\/wp\/v2\/types\/product"}],"version-history":[{"count":0,"href":"https:\/\/singuli.wpress.me\/index.php\/wp-json\/wp\/v2\/product\/45421\/revisions"}],"wp:featuredmedia":[{"embeddable":true,"href":"https:\/\/singuli.wpress.me\/index.php\/wp-json\/wp\/v2\/media\/45422"}],"wp:attachment":[{"href":"https:\/\/singuli.wpress.me\/index.php\/wp-json\/wp\/v2\/media?parent=45421"}],"wp:term":[{"taxonomy":"product_brand","embeddable":true,"href":"https:\/\/singuli.wpress.me\/index.php\/wp-json\/wp\/v2\/product_brand?post=45421"},{"taxonomy":"product_cat","embeddable":true,"href":"https:\/\/singuli.wpress.me\/index.php\/wp-json\/wp\/v2\/product_cat?post=45421"},{"taxonomy":"product_tag","embeddable":true,"href":"https:\/\/singuli.wpress.me\/index.php\/wp-json\/wp\/v2\/product_tag?post=45421"}],"curies":[{"name":"wp","href":"https:\/\/api.w.org\/{rel}","templated":true}]}}