{"id":45425,"date":"2026-04-20T12:40:37","date_gmt":"2026-04-20T12:40:37","guid":{"rendered":"https:\/\/singuli.wpress.me\/index.php\/proizvod\/honeywell-granular-carbon-zamjenski-filter-hrf-l710e\/"},"modified":"2026-04-21T00:27:30","modified_gmt":"2026-04-21T00:27:30","slug":"honeywell-granular-carbon-zamjenski-filter-hrf-l710e","status":"publish","type":"product","link":"https:\/\/singuli.wpress.me\/index.php\/proizvod\/honeywell-granular-carbon-zamjenski-filter-hrf-l710e\/","title":{"rendered":"HONEYWELL Granular Carbon, zamjenski filter, HRF-L710E"},"content":{"rendered":"<p>Honeywell filter s aktivnim ugljenom HRF-L710E je dodatak za Honeywell HPA710WE pro\u010di\u0161\u0107iva\u010d zraka<\/p>\n","protected":false},"excerpt":{"rendered":"<p>Preporu\u010duje se zamjena nakon 12 mjeseci<br \/>\nSmanjuje neugodne mirise u ku\u0107anstvu, plinove i pare organskih spojeva<br \/>\nGranularni zamjenski filter s aktivnim ugljenom za Honeywell HPA710WE pro\u010di\u0161\u0107iva\u010d zraka<\/p>\n","protected":false},"featured_media":45426,"template":"","meta":{"_seopress_robots_primary_cat":"","_seopress_titles_title":"","_seopress_titles_desc":"","_seopress_robots_index":"","iawp_total_views":0},"product_brand":[506],"product_cat":[184,160],"product_tag":[],"class_list":{"0":"post-45425","1":"product","2":"type-product","3":"status-publish","4":"has-post-thumbnail","6":"product_brand-honeywell","7":"product_cat-kvaliteta-zraka-i-grijanje","8":"product_cat-mali-kucanski-aparati","10":"first","11":"outofstock","12":"shipping-taxable","13":"purchasable","14":"product-type-simple"},"_links":{"self":[{"href":"https:\/\/singuli.wpress.me\/index.php\/wp-json\/wp\/v2\/product\/45425","targetHints":{"allow":["GET"]}}],"collection":[{"href":"https:\/\/singuli.wpress.me\/index.php\/wp-json\/wp\/v2\/product"}],"about":[{"href":"https:\/\/singuli.wpress.me\/index.php\/wp-json\/wp\/v2\/types\/product"}],"version-history":[{"count":0,"href":"https:\/\/singuli.wpress.me\/index.php\/wp-json\/wp\/v2\/product\/45425\/revisions"}],"wp:featuredmedia":[{"embeddable":true,"href":"https:\/\/singuli.wpress.me\/index.php\/wp-json\/wp\/v2\/media\/45426"}],"wp:attachment":[{"href":"https:\/\/singuli.wpress.me\/index.php\/wp-json\/wp\/v2\/media?parent=45425"}],"wp:term":[{"taxonomy":"product_brand","embeddable":true,"href":"https:\/\/singuli.wpress.me\/index.php\/wp-json\/wp\/v2\/product_brand?post=45425"},{"taxonomy":"product_cat","embeddable":true,"href":"https:\/\/singuli.wpress.me\/index.php\/wp-json\/wp\/v2\/product_cat?post=45425"},{"taxonomy":"product_tag","embeddable":true,"href":"https:\/\/singuli.wpress.me\/index.php\/wp-json\/wp\/v2\/product_tag?post=45425"}],"curies":[{"name":"wp","href":"https:\/\/api.w.org\/{rel}","templated":true}]}}