{"id":45427,"date":"2026-04-20T12:40:37","date_gmt":"2026-04-20T12:40:37","guid":{"rendered":"https:\/\/singuli.wpress.me\/index.php\/proizvod\/dr-oetker-boja-za-kolace-crvena\/"},"modified":"2026-04-21T00:27:30","modified_gmt":"2026-04-21T00:27:30","slug":"dr-oetker-boja-za-kolace-crvena","status":"publish","type":"product","link":"https:\/\/singuli.wpress.me\/index.php\/proizvod\/dr-oetker-boja-za-kolace-crvena\/","title":{"rendered":"DR. OETKER, boja za kola\u010de, crvena"},"content":{"rendered":"<p>Dr. Oetker jestive boje za kola\u010de poma\u017eu vam da vrlo jednostavno obojite bilo koju povr\u0161inu torte i kola\u010da. Mo\u017eete obojiti marcipan, \u0161lag, fondant masu pa \u010dak i odre\u0111ene deserte, napitke, tijesta&#8230; Dr. Oetker jestive boje ne sadr\u017ee AZO boje pa je stoga rezultat pastelna, nje\u017ena crvena boja.<\/p>\n","protected":false},"excerpt":{"rendered":"<p>Vrlo jednostavno obojite bilo koju povr\u0161inu torte i kola\u010da<br \/>\nBez dodatka AZO boja<br \/>\nPlasti\u010dna tubica olak\u0161ava pravilno doziranje i ponovno zatvaranje<\/p>\n","protected":false},"featured_media":45428,"template":"","meta":{"_seopress_robots_primary_cat":"","_seopress_titles_title":"","_seopress_titles_desc":"","_seopress_robots_index":"","iawp_total_views":0},"product_brand":[328],"product_cat":[261,270],"product_tag":[],"class_list":{"0":"post-45427","1":"product","2":"type-product","3":"status-publish","4":"has-post-thumbnail","6":"product_brand-dr-oetker","7":"product_cat-hrana-i-pice","8":"product_cat-slasticarstvo-261","10":"first","11":"outofstock","12":"shipping-taxable","13":"purchasable","14":"product-type-simple"},"_links":{"self":[{"href":"https:\/\/singuli.wpress.me\/index.php\/wp-json\/wp\/v2\/product\/45427","targetHints":{"allow":["GET"]}}],"collection":[{"href":"https:\/\/singuli.wpress.me\/index.php\/wp-json\/wp\/v2\/product"}],"about":[{"href":"https:\/\/singuli.wpress.me\/index.php\/wp-json\/wp\/v2\/types\/product"}],"version-history":[{"count":0,"href":"https:\/\/singuli.wpress.me\/index.php\/wp-json\/wp\/v2\/product\/45427\/revisions"}],"wp:featuredmedia":[{"embeddable":true,"href":"https:\/\/singuli.wpress.me\/index.php\/wp-json\/wp\/v2\/media\/45428"}],"wp:attachment":[{"href":"https:\/\/singuli.wpress.me\/index.php\/wp-json\/wp\/v2\/media?parent=45427"}],"wp:term":[{"taxonomy":"product_brand","embeddable":true,"href":"https:\/\/singuli.wpress.me\/index.php\/wp-json\/wp\/v2\/product_brand?post=45427"},{"taxonomy":"product_cat","embeddable":true,"href":"https:\/\/singuli.wpress.me\/index.php\/wp-json\/wp\/v2\/product_cat?post=45427"},{"taxonomy":"product_tag","embeddable":true,"href":"https:\/\/singuli.wpress.me\/index.php\/wp-json\/wp\/v2\/product_tag?post=45427"}],"curies":[{"name":"wp","href":"https:\/\/api.w.org\/{rel}","templated":true}]}}