{"id":45429,"date":"2026-04-20T12:40:37","date_gmt":"2026-04-20T12:40:37","guid":{"rendered":"https:\/\/singuli.wpress.me\/index.php\/proizvod\/lipton-mango-i-crni-ribiz-vocni-caj-20-vrecica\/"},"modified":"2026-04-20T12:40:37","modified_gmt":"2026-04-20T12:40:37","slug":"lipton-mango-i-crni-ribiz-vocni-caj-20-vrecica","status":"publish","type":"product","link":"https:\/\/singuli.wpress.me\/index.php\/proizvod\/lipton-mango-i-crni-ribiz-vocni-caj-20-vrecica\/","title":{"rendered":"LIPTON mango i crni ribiz, vo\u0107ni \u010daj, 20 vre\u0107ica"},"content":{"rendered":"<p>Svaka \u0161alica <span style=\"font-weight: bold\">Lipton<\/span> \u010daja kuhana je uz pomo\u0107 ki\u0161e, vjetra i sunca, za prepoznatljiv bogat okus i miris. Lipton \u010dajevi se proizvode na odr\u017eiv na\u010din. Svaka \u0161alica Lipton \u010daja ne samo da \u0107e vam uljep\u0161ati dan, ve\u0107 i uljep\u0161ati budu\u0107nost svi Lipton uzgajiva\u010di \u010daja i njihove obitelji te naravno i na\u0161 planet.<\/p>\n<p>Lipton \u010dajevi jedni su od najprodavanijih \u010dajeva na svijetu. Imaju \u0161iroku ponudu pravih, biljnih i vo\u0107nih \u010dajeva.<\/p>\n<p>Mje\u0161avina puna vo\u0107nih u\u017eitaka. Neka vam svako poslijepodne bude pravi praznik. Mango i crni ribiz pru\u017eaju ravnote\u017eu izme\u0111u slatkog okusa manga i trpkosti crnog ribiza.<\/p>\n<p><span style=\"font-weight: bold\">Najbolje upotrijebiti do:<\/span> vidi dno kutije.<\/p>\n<p><span style=\"font-weight: bold\">Lot:<\/span> vidi dno kutije.<\/p>\n<p><span style=\"font-weight: bold\">Na\u010din \u010duvanja:<\/span> \u010cuvati na hladnom i suhom mjestu.<\/p>\n<p><span style=\"font-weight: bold\">Upute za upotrebu:<\/span> Vre\u0107icu \u010daja preliti s 200 ml kipu\u0107e vode i nakon 4-5 minuta izvaditi.<\/p>\n","protected":false},"excerpt":{"rendered":"<p>Aromatizirani vo\u0107ni \u010daj<br \/>\nIntenzitet okusa u svakoj \u0161alici<br \/>\nMje\u0161avina aroma manga i crnog ribiza<\/p>\n","protected":false},"featured_media":45430,"template":"","meta":{"_seopress_robots_primary_cat":"","_seopress_titles_title":"","_seopress_titles_desc":"","_seopress_robots_index":"","iawp_total_views":0},"product_brand":[361],"product_cat":[261,262],"product_tag":[],"class_list":{"0":"post-45429","1":"product","2":"type-product","3":"status-publish","4":"has-post-thumbnail","6":"product_brand-lipton","7":"product_cat-hrana-i-pice","8":"product_cat-sokovi-i-napitci-261","10":"first","11":"outofstock","12":"shipping-taxable","13":"purchasable","14":"product-type-simple"},"_links":{"self":[{"href":"https:\/\/singuli.wpress.me\/index.php\/wp-json\/wp\/v2\/product\/45429","targetHints":{"allow":["GET"]}}],"collection":[{"href":"https:\/\/singuli.wpress.me\/index.php\/wp-json\/wp\/v2\/product"}],"about":[{"href":"https:\/\/singuli.wpress.me\/index.php\/wp-json\/wp\/v2\/types\/product"}],"version-history":[{"count":0,"href":"https:\/\/singuli.wpress.me\/index.php\/wp-json\/wp\/v2\/product\/45429\/revisions"}],"wp:featuredmedia":[{"embeddable":true,"href":"https:\/\/singuli.wpress.me\/index.php\/wp-json\/wp\/v2\/media\/45430"}],"wp:attachment":[{"href":"https:\/\/singuli.wpress.me\/index.php\/wp-json\/wp\/v2\/media?parent=45429"}],"wp:term":[{"taxonomy":"product_brand","embeddable":true,"href":"https:\/\/singuli.wpress.me\/index.php\/wp-json\/wp\/v2\/product_brand?post=45429"},{"taxonomy":"product_cat","embeddable":true,"href":"https:\/\/singuli.wpress.me\/index.php\/wp-json\/wp\/v2\/product_cat?post=45429"},{"taxonomy":"product_tag","embeddable":true,"href":"https:\/\/singuli.wpress.me\/index.php\/wp-json\/wp\/v2\/product_tag?post=45429"}],"curies":[{"name":"wp","href":"https:\/\/api.w.org\/{rel}","templated":true}]}}