{"id":45436,"date":"2026-04-20T12:40:41","date_gmt":"2026-04-20T12:40:41","guid":{"rendered":"https:\/\/singuli.wpress.me\/index.php\/proizvod\/dr-oetker-kakao-mrvice-80-g\/"},"modified":"2026-04-20T12:40:41","modified_gmt":"2026-04-20T12:40:41","slug":"dr-oetker-kakao-mrvice-80-g","status":"publish","type":"product","link":"https:\/\/singuli.wpress.me\/index.php\/proizvod\/dr-oetker-kakao-mrvice-80-g\/","title":{"rendered":"DR. OETKER, kakao mrvice, 80\u00a0g"},"content":{"rendered":"<p>Pomo\u0107u Dr. Oetker Kakao mrvica darujte svojim kola\u010dima i desertima Va\u0161 osobni pe\u010dat. Za jo\u0161 potpuniji u\u017eitak!<\/p>\n","protected":false},"excerpt":{"rendered":"<p>Za jo\u0161 potpuniji u\u017eitak<br \/>\nDarujte svojim kola\u010dima i desertima Va\u0161 osobni pe\u010dat<br \/>\nLako i brzo mo\u017eete ukrasiti svaki desert ili kola\u010d<\/p>\n","protected":false},"featured_media":45437,"template":"","meta":{"_seopress_robots_primary_cat":"","_seopress_titles_title":"","_seopress_titles_desc":"","_seopress_robots_index":"","iawp_total_views":0},"product_brand":[328],"product_cat":[261,270],"product_tag":[],"class_list":{"0":"post-45436","1":"product","2":"type-product","3":"status-publish","4":"has-post-thumbnail","6":"product_brand-dr-oetker","7":"product_cat-hrana-i-pice","8":"product_cat-slasticarstvo-261","10":"first","11":"outofstock","12":"shipping-taxable","13":"purchasable","14":"product-type-simple"},"_links":{"self":[{"href":"https:\/\/singuli.wpress.me\/index.php\/wp-json\/wp\/v2\/product\/45436","targetHints":{"allow":["GET"]}}],"collection":[{"href":"https:\/\/singuli.wpress.me\/index.php\/wp-json\/wp\/v2\/product"}],"about":[{"href":"https:\/\/singuli.wpress.me\/index.php\/wp-json\/wp\/v2\/types\/product"}],"version-history":[{"count":0,"href":"https:\/\/singuli.wpress.me\/index.php\/wp-json\/wp\/v2\/product\/45436\/revisions"}],"wp:featuredmedia":[{"embeddable":true,"href":"https:\/\/singuli.wpress.me\/index.php\/wp-json\/wp\/v2\/media\/45437"}],"wp:attachment":[{"href":"https:\/\/singuli.wpress.me\/index.php\/wp-json\/wp\/v2\/media?parent=45436"}],"wp:term":[{"taxonomy":"product_brand","embeddable":true,"href":"https:\/\/singuli.wpress.me\/index.php\/wp-json\/wp\/v2\/product_brand?post=45436"},{"taxonomy":"product_cat","embeddable":true,"href":"https:\/\/singuli.wpress.me\/index.php\/wp-json\/wp\/v2\/product_cat?post=45436"},{"taxonomy":"product_tag","embeddable":true,"href":"https:\/\/singuli.wpress.me\/index.php\/wp-json\/wp\/v2\/product_tag?post=45436"}],"curies":[{"name":"wp","href":"https:\/\/api.w.org\/{rel}","templated":true}]}}