{"id":45438,"date":"2026-04-20T12:40:41","date_gmt":"2026-04-20T12:40:41","guid":{"rendered":"https:\/\/singuli.wpress.me\/index.php\/proizvod\/helix-ultra-sn-plus-0w20-motorno-ulje-za-osobna-vozila-12x1-l-12-l\/"},"modified":"2026-04-20T12:40:41","modified_gmt":"2026-04-20T12:40:41","slug":"helix-ultra-sn-plus-0w20-motorno-ulje-za-osobna-vozila-12x1-l-12-l","status":"publish","type":"product","link":"https:\/\/singuli.wpress.me\/index.php\/proizvod\/helix-ultra-sn-plus-0w20-motorno-ulje-za-osobna-vozila-12x1-l-12-l\/","title":{"rendered":"HELIX ULTRA SN PLUS 0W20, motorno ulje za osobna vozila, 12&#215;1 l, 12\u00a0l"},"content":{"rendered":"<p>Potpuno sinteti\u010dko motorno ulje &#8211; najnovija generacija jako \u010distih ulja. Shell Helix Ultra SN Plus koristi najnoviju tehnologiju aktivnog \u010di\u0161\u0107enja kako bi osiguralo benzinskim motorima da rade u\u010dinkovito, odr\u017eavaju\u0107i motore tvorni\u010dkim \u010distima. Omogu\u0107uje nenadma\u0161nu za\u0161titu od naslaga i tro\u0161enja. <\/p>\n","protected":false},"excerpt":{"rendered":"<p>Potpuno sinteti\u010dko ulje<br \/>\nAktivno \u010di\u0161\u0107enje motora<br \/>\n\u0160titi od naslaga i tro\u0161enja<\/p>\n","protected":false},"featured_media":45439,"template":"","meta":{"_seopress_robots_primary_cat":"","_seopress_titles_title":"","_seopress_titles_desc":"","_seopress_robots_index":"","iawp_total_views":0},"product_brand":[398],"product_cat":[243,272],"product_tag":[],"class_list":{"0":"post-45438","1":"product","2":"type-product","3":"status-publish","4":"has-post-thumbnail","6":"product_brand-helix","7":"product_cat-automobili-i-motori","8":"product_cat-motorna-ulja-243","10":"first","11":"outofstock","12":"shipping-taxable","13":"purchasable","14":"product-type-simple"},"_links":{"self":[{"href":"https:\/\/singuli.wpress.me\/index.php\/wp-json\/wp\/v2\/product\/45438","targetHints":{"allow":["GET"]}}],"collection":[{"href":"https:\/\/singuli.wpress.me\/index.php\/wp-json\/wp\/v2\/product"}],"about":[{"href":"https:\/\/singuli.wpress.me\/index.php\/wp-json\/wp\/v2\/types\/product"}],"version-history":[{"count":0,"href":"https:\/\/singuli.wpress.me\/index.php\/wp-json\/wp\/v2\/product\/45438\/revisions"}],"wp:featuredmedia":[{"embeddable":true,"href":"https:\/\/singuli.wpress.me\/index.php\/wp-json\/wp\/v2\/media\/45439"}],"wp:attachment":[{"href":"https:\/\/singuli.wpress.me\/index.php\/wp-json\/wp\/v2\/media?parent=45438"}],"wp:term":[{"taxonomy":"product_brand","embeddable":true,"href":"https:\/\/singuli.wpress.me\/index.php\/wp-json\/wp\/v2\/product_brand?post=45438"},{"taxonomy":"product_cat","embeddable":true,"href":"https:\/\/singuli.wpress.me\/index.php\/wp-json\/wp\/v2\/product_cat?post=45438"},{"taxonomy":"product_tag","embeddable":true,"href":"https:\/\/singuli.wpress.me\/index.php\/wp-json\/wp\/v2\/product_tag?post=45438"}],"curies":[{"name":"wp","href":"https:\/\/api.w.org\/{rel}","templated":true}]}}