{"id":45440,"date":"2026-04-20T12:40:42","date_gmt":"2026-04-20T12:40:42","guid":{"rendered":"https:\/\/singuli.wpress.me\/index.php\/proizvod\/raid-multi-sprej-protiv-svih-vrsta-insekata-400-ml\/"},"modified":"2026-04-20T12:40:42","modified_gmt":"2026-04-20T12:40:42","slug":"raid-multi-sprej-protiv-svih-vrsta-insekata-400-ml","status":"publish","type":"product","link":"https:\/\/singuli.wpress.me\/index.php\/proizvod\/raid-multi-sprej-protiv-svih-vrsta-insekata-400-ml\/","title":{"rendered":"RAID Multi, sprej, protiv svih vrsta insekata, 400\u00a0ml"},"content":{"rendered":"<p><span style=\"font-weight: bold\">Raid\u00ae Sprej protiv svih vrsta insekata<\/span> zahvaljuju\u0107i svojoj formuli, brzo ubija sve&nbsp;insekte te pru\u017ea dugotrajnu za\u0161titu za vas i va\u0161u obitelj. <\/p>\n<p>Raid sprej protiv svih vrsta insekata: ubija insekte u nekoliko sekundi, sprejanjem u zrak osloba\u0111a se ugodan i \u010dist miris i mo\u017ee se upotrebljavati u svim prostorijama ku\u0107anstva.<\/p>\n","protected":false},"excerpt":{"rendered":"<p>Sna\u017ena formula<br \/>\nProtiv lete\u0107ih i gmi\u017eu\u0107ih insekata<br \/>\nTrenutno djelovanje<\/p>\n","protected":false},"featured_media":45441,"template":"","meta":{"_seopress_robots_primary_cat":"","_seopress_titles_title":"","_seopress_titles_desc":"","_seopress_robots_index":"","iawp_total_views":0},"product_brand":[457],"product_cat":[268,300],"product_tag":[],"class_list":{"0":"post-45440","1":"product","2":"type-product","3":"status-publish","4":"has-post-thumbnail","6":"product_brand-raid","7":"product_cat-kozmetika-2","8":"product_cat-njega-kose-268","10":"first","11":"instock","12":"shipping-taxable","13":"purchasable","14":"product-type-simple"},"_links":{"self":[{"href":"https:\/\/singuli.wpress.me\/index.php\/wp-json\/wp\/v2\/product\/45440","targetHints":{"allow":["GET"]}}],"collection":[{"href":"https:\/\/singuli.wpress.me\/index.php\/wp-json\/wp\/v2\/product"}],"about":[{"href":"https:\/\/singuli.wpress.me\/index.php\/wp-json\/wp\/v2\/types\/product"}],"version-history":[{"count":0,"href":"https:\/\/singuli.wpress.me\/index.php\/wp-json\/wp\/v2\/product\/45440\/revisions"}],"wp:featuredmedia":[{"embeddable":true,"href":"https:\/\/singuli.wpress.me\/index.php\/wp-json\/wp\/v2\/media\/45441"}],"wp:attachment":[{"href":"https:\/\/singuli.wpress.me\/index.php\/wp-json\/wp\/v2\/media?parent=45440"}],"wp:term":[{"taxonomy":"product_brand","embeddable":true,"href":"https:\/\/singuli.wpress.me\/index.php\/wp-json\/wp\/v2\/product_brand?post=45440"},{"taxonomy":"product_cat","embeddable":true,"href":"https:\/\/singuli.wpress.me\/index.php\/wp-json\/wp\/v2\/product_cat?post=45440"},{"taxonomy":"product_tag","embeddable":true,"href":"https:\/\/singuli.wpress.me\/index.php\/wp-json\/wp\/v2\/product_tag?post=45440"}],"curies":[{"name":"wp","href":"https:\/\/api.w.org\/{rel}","templated":true}]}}