{"id":45446,"date":"2026-04-20T12:40:45","date_gmt":"2026-04-20T12:40:45","guid":{"rendered":"https:\/\/singuli.wpress.me\/index.php\/proizvod\/domo-do333ip-indukcijska-ploca-2x20-cm\/"},"modified":"2026-04-20T12:40:45","modified_gmt":"2026-04-20T12:40:45","slug":"domo-do333ip-indukcijska-ploca-2x20-cm","status":"publish","type":"product","link":"https:\/\/singuli.wpress.me\/index.php\/proizvod\/domo-do333ip-indukcijska-ploca-2x20-cm\/","title":{"rendered":"DOMO DO333IP, indukcijska plo\u010da, 2&#215;20 cm"},"content":{"rendered":"<p>Samostoje\u0107a indukcijska plo\u010da DOMO DO333IP ima 2 zone za kuhanje. Na ovim plo\u010dama za kuhanje mo\u017eete pripremati najukusnija jela, a da ne zauzimate puno prostora. Plo\u010da za kuhanje je zgodna za kampiranje ili u kompaktnoj kuhinji. Za kratko vrijeme mo\u017eete skuhati jednostavnu tjesteninu, ri\u017eoto s tartufima ili chili con carne. Plo\u010da za kuhanje ima 2 plo\u010de za kuhanje promjera 20 centimetara i zagrijava va\u0161e posu\u0111e do 240\u00b0C. Postavite timer na plo\u010du za kuhanje za savr\u0161eno kuhano jaje.<\/p>\n","protected":false},"excerpt":{"rendered":"<p>Visokokvalitetna kerami\u010dka povr\u0161ina<br \/>\nAutomatsko sigurnosno isklju\u010divanje<br \/>\nKoristite samo posu\u0111e prikladno za indukcijsko kuhanje<\/p>\n","protected":false},"featured_media":45447,"template":"","meta":{"_seopress_robots_primary_cat":"","_seopress_titles_title":"","_seopress_titles_desc":"","_seopress_robots_index":"","iawp_total_views":0},"product_brand":[255],"product_cat":[192,267],"product_tag":[],"class_list":{"0":"post-45446","1":"product","2":"type-product","3":"status-publish","4":"has-post-thumbnail","6":"product_brand-domo","7":"product_cat-aparati-za-osobnu-njegu","8":"product_cat-zdravstveni-uredaji-192","10":"first","11":"outofstock","12":"shipping-taxable","13":"purchasable","14":"product-type-simple"},"_links":{"self":[{"href":"https:\/\/singuli.wpress.me\/index.php\/wp-json\/wp\/v2\/product\/45446","targetHints":{"allow":["GET"]}}],"collection":[{"href":"https:\/\/singuli.wpress.me\/index.php\/wp-json\/wp\/v2\/product"}],"about":[{"href":"https:\/\/singuli.wpress.me\/index.php\/wp-json\/wp\/v2\/types\/product"}],"version-history":[{"count":0,"href":"https:\/\/singuli.wpress.me\/index.php\/wp-json\/wp\/v2\/product\/45446\/revisions"}],"wp:featuredmedia":[{"embeddable":true,"href":"https:\/\/singuli.wpress.me\/index.php\/wp-json\/wp\/v2\/media\/45447"}],"wp:attachment":[{"href":"https:\/\/singuli.wpress.me\/index.php\/wp-json\/wp\/v2\/media?parent=45446"}],"wp:term":[{"taxonomy":"product_brand","embeddable":true,"href":"https:\/\/singuli.wpress.me\/index.php\/wp-json\/wp\/v2\/product_brand?post=45446"},{"taxonomy":"product_cat","embeddable":true,"href":"https:\/\/singuli.wpress.me\/index.php\/wp-json\/wp\/v2\/product_cat?post=45446"},{"taxonomy":"product_tag","embeddable":true,"href":"https:\/\/singuli.wpress.me\/index.php\/wp-json\/wp\/v2\/product_tag?post=45446"}],"curies":[{"name":"wp","href":"https:\/\/api.w.org\/{rel}","templated":true}]}}