{"id":45453,"date":"2026-04-20T12:40:46","date_gmt":"2026-04-20T12:40:46","guid":{"rendered":"https:\/\/singuli.wpress.me\/index.php\/proizvod\/pronto-tekucina-za-ciscenje-drvenih-povrsina-750-ml\/"},"modified":"2026-04-20T12:40:47","modified_gmt":"2026-04-20T12:40:47","slug":"pronto-tekucina-za-ciscenje-drvenih-povrsina-750-ml","status":"publish","type":"product","link":"https:\/\/singuli.wpress.me\/index.php\/proizvod\/pronto-tekucina-za-ciscenje-drvenih-povrsina-750-ml\/","title":{"rendered":"PRONTO, teku\u0107ina za \u010di\u0161\u0107enje, drvenih povr\u0161ina, 750\u00a0ml"},"content":{"rendered":"<p>Njeguju\u0107a formula Pronto\u00ae Legno Pulito teku\u0107ine za \u010di\u0161\u0107enje drvenih povr\u0161ina s lako\u0107om uklanja prljav\u0161tinu, nagla\u0161ava prirodnu ljepotu drvenih povr\u0161ina te ne ostavlja ljepljive tragove.<\/p>\n","protected":false},"excerpt":{"rendered":"<p>5 u 1 &#8211; \u010disti, hrani, osvje\u017eava, njeguje i odstranjuje pra\u0161inu<br \/>\nNije potrebno ispirati<br \/>\nNjeguju\u0107a formula<\/p>\n","protected":false},"featured_media":45454,"template":"","meta":{"_seopress_robots_primary_cat":"","_seopress_titles_title":"","_seopress_titles_desc":"","_seopress_robots_index":"","iawp_total_views":0},"product_brand":[815],"product_cat":[274,238],"product_tag":[],"class_list":{"0":"post-45453","1":"product","2":"type-product","3":"status-publish","4":"has-post-thumbnail","6":"product_brand-pronto","7":"product_cat-kucanski-pribor-238","8":"product_cat-sve-za-dom","10":"first","11":"instock","12":"shipping-taxable","13":"purchasable","14":"product-type-simple"},"_links":{"self":[{"href":"https:\/\/singuli.wpress.me\/index.php\/wp-json\/wp\/v2\/product\/45453","targetHints":{"allow":["GET"]}}],"collection":[{"href":"https:\/\/singuli.wpress.me\/index.php\/wp-json\/wp\/v2\/product"}],"about":[{"href":"https:\/\/singuli.wpress.me\/index.php\/wp-json\/wp\/v2\/types\/product"}],"version-history":[{"count":0,"href":"https:\/\/singuli.wpress.me\/index.php\/wp-json\/wp\/v2\/product\/45453\/revisions"}],"wp:featuredmedia":[{"embeddable":true,"href":"https:\/\/singuli.wpress.me\/index.php\/wp-json\/wp\/v2\/media\/45454"}],"wp:attachment":[{"href":"https:\/\/singuli.wpress.me\/index.php\/wp-json\/wp\/v2\/media?parent=45453"}],"wp:term":[{"taxonomy":"product_brand","embeddable":true,"href":"https:\/\/singuli.wpress.me\/index.php\/wp-json\/wp\/v2\/product_brand?post=45453"},{"taxonomy":"product_cat","embeddable":true,"href":"https:\/\/singuli.wpress.me\/index.php\/wp-json\/wp\/v2\/product_cat?post=45453"},{"taxonomy":"product_tag","embeddable":true,"href":"https:\/\/singuli.wpress.me\/index.php\/wp-json\/wp\/v2\/product_tag?post=45453"}],"curies":[{"name":"wp","href":"https:\/\/api.w.org\/{rel}","templated":true}]}}