{"id":45455,"date":"2026-04-20T12:40:47","date_gmt":"2026-04-20T12:40:47","guid":{"rendered":"https:\/\/singuli.wpress.me\/index.php\/proizvod\/becutan-badem-sapun-90-g\/"},"modified":"2026-04-20T12:40:47","modified_gmt":"2026-04-20T12:40:47","slug":"becutan-badem-sapun-90-g","status":"publish","type":"product","link":"https:\/\/singuli.wpress.me\/index.php\/proizvod\/becutan-badem-sapun-90-g\/","title":{"rendered":"BECUTAN badem, sapun, 90\u00a0g"},"content":{"rendered":"<p>Becutan sapun s bademom od 90 g posebno je formuliran za nje\u017eno \u010di\u0161\u0107enje osjetljive ko\u017ee beba od prvih dana \u017eivota. Oboga\u0107en je bademovim uljem koje poma\u017ee u odr\u017eavanju prirodne ravnote\u017ee vlage, ostavljaju\u0107i ko\u017eu mek\u0161om i hidratiziranom nakon svakog kori\u0161tenja. Blaga formula ne sadr\u017ei agresivne kemijske sastojke koji bi mogli iritirati ko\u017eu, \u0161to ga \u010dini idealnim za svakodnevnu kupaonsku rutinu. Proizvod je dermatolo\u0161ki testiran te pru\u017ea bebi siguran i u\u010dinkovit osje\u0107aj svje\u017eine i njege.<\/p>\n","protected":false},"excerpt":{"rendered":"<p>Poma\u017ee u odr\u017eavanju prirodne ravnote\u017ee vlage i hidrataciji ko\u017ee<br \/>\nDermatolo\u0161ki testirana formula pogodna za novoro\u0111en\u010dad i svakodnevnu upotrebu<br \/>\nBlaga formulacija koja sprje\u010dava iritacije i \u010duva osjetljivu bebinu ko\u017eu<\/p>\n","protected":false},"featured_media":45456,"template":"","meta":{"_seopress_robots_primary_cat":"","_seopress_titles_title":"","_seopress_titles_desc":"","_seopress_robots_index":"","iawp_total_views":0},"product_brand":[803],"product_cat":[268,278],"product_tag":[],"class_list":{"0":"post-45455","1":"product","2":"type-product","3":"status-publish","4":"has-post-thumbnail","6":"product_brand-becutan","7":"product_cat-kozmetika-2","8":"product_cat-njega-tijela-268","10":"first","11":"instock","12":"shipping-taxable","13":"purchasable","14":"product-type-simple"},"_links":{"self":[{"href":"https:\/\/singuli.wpress.me\/index.php\/wp-json\/wp\/v2\/product\/45455","targetHints":{"allow":["GET"]}}],"collection":[{"href":"https:\/\/singuli.wpress.me\/index.php\/wp-json\/wp\/v2\/product"}],"about":[{"href":"https:\/\/singuli.wpress.me\/index.php\/wp-json\/wp\/v2\/types\/product"}],"version-history":[{"count":0,"href":"https:\/\/singuli.wpress.me\/index.php\/wp-json\/wp\/v2\/product\/45455\/revisions"}],"wp:featuredmedia":[{"embeddable":true,"href":"https:\/\/singuli.wpress.me\/index.php\/wp-json\/wp\/v2\/media\/45456"}],"wp:attachment":[{"href":"https:\/\/singuli.wpress.me\/index.php\/wp-json\/wp\/v2\/media?parent=45455"}],"wp:term":[{"taxonomy":"product_brand","embeddable":true,"href":"https:\/\/singuli.wpress.me\/index.php\/wp-json\/wp\/v2\/product_brand?post=45455"},{"taxonomy":"product_cat","embeddable":true,"href":"https:\/\/singuli.wpress.me\/index.php\/wp-json\/wp\/v2\/product_cat?post=45455"},{"taxonomy":"product_tag","embeddable":true,"href":"https:\/\/singuli.wpress.me\/index.php\/wp-json\/wp\/v2\/product_tag?post=45455"}],"curies":[{"name":"wp","href":"https:\/\/api.w.org\/{rel}","templated":true}]}}