{"id":45457,"date":"2026-04-20T12:40:47","date_gmt":"2026-04-20T12:40:47","guid":{"rendered":"https:\/\/singuli.wpress.me\/index.php\/proizvod\/tellus-s2-ma-46-hidraulicko-ulje-209-l\/"},"modified":"2026-04-20T12:40:47","modified_gmt":"2026-04-20T12:40:47","slug":"tellus-s2-ma-46-hidraulicko-ulje-209-l","status":"publish","type":"product","link":"https:\/\/singuli.wpress.me\/index.php\/proizvod\/tellus-s2-ma-46-hidraulicko-ulje-209-l\/","title":{"rendered":"TELLUS S2 MA 46, hidrauli\u010dko ulje, 209\u00a0l"},"content":{"rendered":"<p>Detergentno bezpepelno hidrauli\u010dko ulje visokih performansi za kori\u0161tenje u sustavima gdje se tra\u017ei emulgiraju\u0107e ulje. Koriste\u0107i napredne aditive protiv tro\u0161enja oni pru\u017eaju pouzdanu izvedbu u primjenama gdje je mogu\u0107a kontaminacija sa vodom, kao \u0161to su teku\u0107ine za rezanje, gdje je va\u017ena \u010disto\u0107a ili kontrola krutih kontaminanata. Pru\u017ea dodatnu za\u0161titu u izazovnim okru\u017eenjima: sprje\u010dava nakupljanje vode, raspr\u0161uje krute kontaminante, sprje\u010dava koroziju u prisutnosti vode i pru\u017ea performanse protiv habanja s niskim trenjem.<\/p>\n<p>Specifikacija: Arburg (ISO 46), Bosch Rexroth RD 90220-01 (2011), ISO 22-100, Mueller Weingarten (ISO 46), ISO 11158 (HM teku\u0107ine), ASTM D6158-05 (HM teku\u0107ine), DIN 51524-2 (HLP teku\u0107ine).<\/p>\n","protected":false},"excerpt":{"rendered":"<p>Hidrauli\u010dna teku\u0107ina<br \/>\nNa bazi deterd\u017eenta<br \/>\nBez pepela<\/p>\n","protected":false},"featured_media":45458,"template":"","meta":{"_seopress_robots_primary_cat":"","_seopress_titles_title":"","_seopress_titles_desc":"","_seopress_robots_index":"","iawp_total_views":0},"product_brand":[414],"product_cat":[243,276],"product_tag":[],"class_list":{"0":"post-45457","1":"product","2":"type-product","3":"status-publish","4":"has-post-thumbnail","6":"product_brand-tellus","7":"product_cat-automobili-i-motori","8":"product_cat-industrijska-i-specijalna-ulja-243","10":"first","11":"outofstock","12":"shipping-taxable","13":"purchasable","14":"product-type-simple"},"_links":{"self":[{"href":"https:\/\/singuli.wpress.me\/index.php\/wp-json\/wp\/v2\/product\/45457","targetHints":{"allow":["GET"]}}],"collection":[{"href":"https:\/\/singuli.wpress.me\/index.php\/wp-json\/wp\/v2\/product"}],"about":[{"href":"https:\/\/singuli.wpress.me\/index.php\/wp-json\/wp\/v2\/types\/product"}],"version-history":[{"count":0,"href":"https:\/\/singuli.wpress.me\/index.php\/wp-json\/wp\/v2\/product\/45457\/revisions"}],"wp:featuredmedia":[{"embeddable":true,"href":"https:\/\/singuli.wpress.me\/index.php\/wp-json\/wp\/v2\/media\/45458"}],"wp:attachment":[{"href":"https:\/\/singuli.wpress.me\/index.php\/wp-json\/wp\/v2\/media?parent=45457"}],"wp:term":[{"taxonomy":"product_brand","embeddable":true,"href":"https:\/\/singuli.wpress.me\/index.php\/wp-json\/wp\/v2\/product_brand?post=45457"},{"taxonomy":"product_cat","embeddable":true,"href":"https:\/\/singuli.wpress.me\/index.php\/wp-json\/wp\/v2\/product_cat?post=45457"},{"taxonomy":"product_tag","embeddable":true,"href":"https:\/\/singuli.wpress.me\/index.php\/wp-json\/wp\/v2\/product_tag?post=45457"}],"curies":[{"name":"wp","href":"https:\/\/api.w.org\/{rel}","templated":true}]}}