{"id":45461,"date":"2026-04-20T12:40:48","date_gmt":"2026-04-20T12:40:48","guid":{"rendered":"https:\/\/singuli.wpress.me\/index.php\/proizvod\/ariel-color-kapsule-za-pranje-rublja-80-pranja\/"},"modified":"2026-04-20T12:40:48","modified_gmt":"2026-04-20T12:40:48","slug":"ariel-color-kapsule-za-pranje-rublja-80-pranja","status":"publish","type":"product","link":"https:\/\/singuli.wpress.me\/index.php\/proizvod\/ariel-color-kapsule-za-pranje-rublja-80-pranja\/","title":{"rendered":"ARIEL Color, kapsule za pranje rublja, 80 pranja"},"content":{"rendered":"<p>Kapsule Ariel Allin1 Pods Color imaju vi\u0161e odjeljaka u kojima sastojci ostaju odvojeni sve dok ne zapo\u010dne pranje. <\/p>\n<p>U doticaju s vodom folija se potpuno otapa te tako osloba\u0111a mo\u0107ne tehnologije \u010di\u0161\u0107enja koje uklanjaju najrazli\u010ditije mrlje odgovaraju\u0107om dozom deterd\u017eenta.<\/p>\n","protected":false},"excerpt":{"rendered":"<p>Uklanja mrlje, \u010duva boje, osvje\u017eava i \u0161titi tkaninu<br \/>\nOmot je 100 % topiv u vodi<br \/>\nRazvijeno za pranje na niskim temperaturama koriste\u0107u tehnologiju Cool Clean<\/p>\n","protected":false},"featured_media":45462,"template":"","meta":{"_seopress_robots_primary_cat":"","_seopress_titles_title":"","_seopress_titles_desc":"","_seopress_robots_index":"","iawp_total_views":0},"product_brand":[427],"product_cat":[283,238],"product_tag":[],"class_list":{"0":"post-45461","1":"product","2":"type-product","3":"status-publish","4":"has-post-thumbnail","6":"product_brand-ariel","7":"product_cat-pranje-rublja-238","8":"product_cat-sve-za-dom","10":"first","11":"outofstock","12":"shipping-taxable","13":"purchasable","14":"product-type-simple"},"_links":{"self":[{"href":"https:\/\/singuli.wpress.me\/index.php\/wp-json\/wp\/v2\/product\/45461","targetHints":{"allow":["GET"]}}],"collection":[{"href":"https:\/\/singuli.wpress.me\/index.php\/wp-json\/wp\/v2\/product"}],"about":[{"href":"https:\/\/singuli.wpress.me\/index.php\/wp-json\/wp\/v2\/types\/product"}],"version-history":[{"count":0,"href":"https:\/\/singuli.wpress.me\/index.php\/wp-json\/wp\/v2\/product\/45461\/revisions"}],"wp:featuredmedia":[{"embeddable":true,"href":"https:\/\/singuli.wpress.me\/index.php\/wp-json\/wp\/v2\/media\/45462"}],"wp:attachment":[{"href":"https:\/\/singuli.wpress.me\/index.php\/wp-json\/wp\/v2\/media?parent=45461"}],"wp:term":[{"taxonomy":"product_brand","embeddable":true,"href":"https:\/\/singuli.wpress.me\/index.php\/wp-json\/wp\/v2\/product_brand?post=45461"},{"taxonomy":"product_cat","embeddable":true,"href":"https:\/\/singuli.wpress.me\/index.php\/wp-json\/wp\/v2\/product_cat?post=45461"},{"taxonomy":"product_tag","embeddable":true,"href":"https:\/\/singuli.wpress.me\/index.php\/wp-json\/wp\/v2\/product_tag?post=45461"}],"curies":[{"name":"wp","href":"https:\/\/api.w.org\/{rel}","templated":true}]}}