{"id":45477,"date":"2026-04-20T12:40:53","date_gmt":"2026-04-20T12:40:53","guid":{"rendered":"https:\/\/singuli.wpress.me\/index.php\/proizvod\/ambi-pur-osvjezivac-kupaonice-spring-awakening-2x7-5ml\/"},"modified":"2026-04-20T12:40:53","modified_gmt":"2026-04-20T12:40:53","slug":"ambi-pur-osvjezivac-kupaonice-spring-awakening-2x7-5ml","status":"publish","type":"product","link":"https:\/\/singuli.wpress.me\/index.php\/proizvod\/ambi-pur-osvjezivac-kupaonice-spring-awakening-2x7-5ml\/","title":{"rendered":"AMBI PUR, osvje\u017eiva\u010d kupaonice, Spring Awakening, 2&#215;7.5ml"},"content":{"rendered":"<p>Osvje\u017eiva\u010d za kupaonicu Ambi Pur Bathroom uklanja neugodne mirise iz zraka i poma\u017ee sprije\u010diti njihovo zadr\u017eavanje na mekim povr\u0161inama kao \u0161to su ru\u010dnici, kupaonske prostirke i zavjese za tu\u0161 do 45 dana. <\/p>\n<p>Sadr\u017ei neutralizatore neugodnih mirisa u obliku molekula parfema koje se lako ve\u017eu na \u0161irok raspon molekula neugodnih mirisa. Nakon povezivanja, molekule neugodnih mirisa reagiraju i pretvaraju se u nove molekule, mijenjaju\u0107i svoj neugodan miris. Neutralizatori neugodnih mirisa posebno su u\u010dinkoviti pri dugotrajnoj upotrebi kako bi va\u0161a kupaonica bila uvijek spremna za goste. <\/p>\n<p>Ambi Pur Bathroom prakti\u010dan je i jednostavan za upotrebu, dolazi u raznim mirisima, a ne treba struju ni baterije.<\/p>\n<p><img decoding=\"async\" src=\"https:\/\/prod-minio-orbico.nd0.pl\/orbico.ohr\/Piktogrami\/upozorenje.jpg\" alt=\"Upozorenje\" width=\"100\" height=\"100\"> <\/p>\n<p>UPOZORENJA: Nadra\u017euje ko\u017eu. Uzrokuje ozbiljnu iritaciju o\u010diju. Mo\u017ee izazvati alergijsku reakciju ko\u017ee. Otrovno za vodene organizme, s dugotrajnim u\u010dincima. \u010cuvati izvan dohvata djece. <br \/> U SLU\u010cAJU DODIRA S KO\u017dOM: Isprati s puno vode.<br \/> U SLU\u010cAJU DODIRA S O\u010cIMA: Pa\u017eljivo ispirati vodom nekoliko minuta. <br \/> U slu\u010daju zdravstvenih problema nazvati CENTAR ZA KONTROLU OTROVANJA\/lije\u010dnika.<br \/> Osobe koje pate od preosjetljivosti na parfeme trebaju koristiti ovaj proizvod s oprezom. Nakon upotrebe prozra\u010dite prostoriju. \u010cuvajte ambala\u017eu i sigurnosne upute dok ne upotrijebite proizvod.<\/p>\n","protected":false},"excerpt":{"rendered":"<p>Uklanja neugodne mirise i ostavlja lagan i svje\u017e miris<br \/>\nSpre\u010dava zadr\u017eavanje neugodnih mirisa<br \/>\nOstavlja blag i svje\u017e miris<\/p>\n","protected":false},"featured_media":45478,"template":"","meta":{"_seopress_robots_primary_cat":"","_seopress_titles_title":"","_seopress_titles_desc":"","_seopress_robots_index":"","iawp_total_views":0},"product_brand":[447],"product_cat":[243,272],"product_tag":[],"class_list":{"0":"post-45477","1":"product","2":"type-product","3":"status-publish","4":"has-post-thumbnail","6":"product_brand-ambi-pur","7":"product_cat-automobili-i-motori","8":"product_cat-motorna-ulja-243","10":"first","11":"outofstock","12":"shipping-taxable","13":"purchasable","14":"product-type-simple"},"_links":{"self":[{"href":"https:\/\/singuli.wpress.me\/index.php\/wp-json\/wp\/v2\/product\/45477","targetHints":{"allow":["GET"]}}],"collection":[{"href":"https:\/\/singuli.wpress.me\/index.php\/wp-json\/wp\/v2\/product"}],"about":[{"href":"https:\/\/singuli.wpress.me\/index.php\/wp-json\/wp\/v2\/types\/product"}],"version-history":[{"count":0,"href":"https:\/\/singuli.wpress.me\/index.php\/wp-json\/wp\/v2\/product\/45477\/revisions"}],"wp:featuredmedia":[{"embeddable":true,"href":"https:\/\/singuli.wpress.me\/index.php\/wp-json\/wp\/v2\/media\/45478"}],"wp:attachment":[{"href":"https:\/\/singuli.wpress.me\/index.php\/wp-json\/wp\/v2\/media?parent=45477"}],"wp:term":[{"taxonomy":"product_brand","embeddable":true,"href":"https:\/\/singuli.wpress.me\/index.php\/wp-json\/wp\/v2\/product_brand?post=45477"},{"taxonomy":"product_cat","embeddable":true,"href":"https:\/\/singuli.wpress.me\/index.php\/wp-json\/wp\/v2\/product_cat?post=45477"},{"taxonomy":"product_tag","embeddable":true,"href":"https:\/\/singuli.wpress.me\/index.php\/wp-json\/wp\/v2\/product_tag?post=45477"}],"curies":[{"name":"wp","href":"https:\/\/api.w.org\/{rel}","templated":true}]}}