{"id":45479,"date":"2026-04-20T12:40:59","date_gmt":"2026-04-20T12:40:59","guid":{"rendered":"https:\/\/singuli.wpress.me\/index.php\/proizvod\/pampers-active-baby-pelene-velicina-3-6-10kg-90-kom\/"},"modified":"2026-04-20T12:40:59","modified_gmt":"2026-04-20T12:40:59","slug":"pampers-active-baby-pelene-velicina-3-6-10kg-90-kom","status":"publish","type":"product","link":"https:\/\/singuli.wpress.me\/index.php\/proizvod\/pampers-active-baby-pelene-velicina-3-6-10kg-90-kom\/","title":{"rendered":"PAMPERS Active Baby, pelene, veli\u010dina 3, 6-10kg, 90\u00a0kom"},"content":{"rendered":"<p>Zamislite koliko intenzivno bebe osje\u0107aju sve oko sebe. A sad zamislite koliko se neugodno zasigurno osje\u0107aju s vla\u017enom pelenom na ko\u017ei. Zato Pampers ima jedinstven dodatni sloj za brzo upijanje vla\u017enosti, za do 12 sati suhe i za\u0161ti\u0107ene ko\u017ee. To poma\u017ee da va\u0161a beba bude suha i da joj bude udobno cijelu no\u0107 i cijeli dan. <\/p>\n<p>Kao i vama, Pampersu je sigurnost va\u0161e bebe na prvom mjestu: pelene Pampers Active Baby dermatolo\u0161ki su ispitane i ne sadr\u017ee nijedan od mirisnih alergena koje je EU izdvojio kao potencijalno opasne (prema Uredbi EU o kozmeti\u010dkim proizvodima br. 1223\/2009). Odobrili su ih dermatolozi udru\u017eenja Skin Health Alliance. \u017delite li doznati vi\u0161e o komponentama? Posjetite pampers.com.hr<\/p>\n","protected":false},"excerpt":{"rendered":"<p>Do 12 sati za\u0161tite od propu\u0161tanja sa svih strana zahvaljuju\u0107i jedinstvenom sustavu trostruke za\u0161tite<br \/>\nPelene s jedinstvenim dodatnim slojem za trenutno upijanje vla\u017enosti<br \/>\nBrzosu\u0161e\u0107a jezgra koja zadr\u017eava vla\u017enost<\/p>\n","protected":false},"featured_media":45480,"template":"","meta":{"_seopress_robots_primary_cat":"","_seopress_titles_title":"","_seopress_titles_desc":"","_seopress_robots_index":"","iawp_total_views":0},"product_brand":[444],"product_cat":[211,310],"product_tag":[],"class_list":{"0":"post-45479","1":"product","2":"type-product","3":"status-publish","4":"has-post-thumbnail","6":"product_brand-pampers","7":"product_cat-njega-majke-i-djeteta","8":"product_cat-pelene-211","10":"first","11":"outofstock","12":"shipping-taxable","13":"purchasable","14":"product-type-simple"},"_links":{"self":[{"href":"https:\/\/singuli.wpress.me\/index.php\/wp-json\/wp\/v2\/product\/45479","targetHints":{"allow":["GET"]}}],"collection":[{"href":"https:\/\/singuli.wpress.me\/index.php\/wp-json\/wp\/v2\/product"}],"about":[{"href":"https:\/\/singuli.wpress.me\/index.php\/wp-json\/wp\/v2\/types\/product"}],"version-history":[{"count":0,"href":"https:\/\/singuli.wpress.me\/index.php\/wp-json\/wp\/v2\/product\/45479\/revisions"}],"wp:featuredmedia":[{"embeddable":true,"href":"https:\/\/singuli.wpress.me\/index.php\/wp-json\/wp\/v2\/media\/45480"}],"wp:attachment":[{"href":"https:\/\/singuli.wpress.me\/index.php\/wp-json\/wp\/v2\/media?parent=45479"}],"wp:term":[{"taxonomy":"product_brand","embeddable":true,"href":"https:\/\/singuli.wpress.me\/index.php\/wp-json\/wp\/v2\/product_brand?post=45479"},{"taxonomy":"product_cat","embeddable":true,"href":"https:\/\/singuli.wpress.me\/index.php\/wp-json\/wp\/v2\/product_cat?post=45479"},{"taxonomy":"product_tag","embeddable":true,"href":"https:\/\/singuli.wpress.me\/index.php\/wp-json\/wp\/v2\/product_tag?post=45479"}],"curies":[{"name":"wp","href":"https:\/\/api.w.org\/{rel}","templated":true}]}}