{"id":45499,"date":"2026-04-20T12:41:05","date_gmt":"2026-04-20T12:41:05","guid":{"rendered":"https:\/\/singuli.wpress.me\/index.php\/proizvod\/always-dailies-large-extra-protect-dnevni-ulosci-52-kom\/"},"modified":"2026-04-21T00:27:30","modified_gmt":"2026-04-21T00:27:30","slug":"always-dailies-large-extra-protect-dnevni-ulosci-52-kom","status":"publish","type":"product","link":"https:\/\/singuli.wpress.me\/index.php\/proizvod\/always-dailies-large-extra-protect-dnevni-ulosci-52-kom\/","title":{"rendered":"ALWAYS Dailies Large Extra Protect, dnevni ulo\u0161ci, 52\u00a0kom"},"content":{"rendered":"<p>Tra\u017eite li pouzdanu cjelodnevnu za\u0161titu i svje\u017einu, odaberite dnevne ulo\u0161ke Always Dailies Extra Protect Large. Dulji su od varijante Fresh Protect Normal pa, u kombinaciji s mo\u0107nom upijaju\u0107om jezgrom i za\u0161titnim zonama sa strane, pru\u017eaju bolju pokrivenost za jo\u0161 sveobuhvatniju za\u0161titu, posebno kada su u pitanju vaginalni iscjedak ili neredovite mjese\u010dnice. Tu je i tehnologija neutraliziranja neugodnih mirisa za dodatnu dozu samopouzdanja. Uz sve to, dnevni ulo\u0161ci Always Dailies Extra Protect Large izuzetno su nje\u017eni prema ko\u017ei \u0161to su potvrdili i dermatolozi.<\/p>\n","protected":false},"excerpt":{"rendered":"<p>Fleksibilni dnevni ulo\u0161ci za neprimjetnu za\u0161titu<br \/>\n3u1: kontrola neugodnih mirisa, udobnost, suho\u0107a<br \/>\nZa cjelodnevni osje\u0107aj svje\u017eine<\/p>\n","protected":false},"featured_media":45500,"template":"","meta":{"_seopress_robots_primary_cat":"","_seopress_titles_title":"","_seopress_titles_desc":"","_seopress_robots_index":"","iawp_total_views":0},"product_brand":[449],"product_cat":[211,288],"product_tag":[],"class_list":{"0":"post-45499","1":"product","2":"type-product","3":"status-publish","4":"has-post-thumbnail","6":"product_brand-always","7":"product_cat-njega-majke-i-djeteta","8":"product_cat-zenska-higijena-211","10":"first","11":"instock","12":"shipping-taxable","13":"purchasable","14":"product-type-simple"},"_links":{"self":[{"href":"https:\/\/singuli.wpress.me\/index.php\/wp-json\/wp\/v2\/product\/45499","targetHints":{"allow":["GET"]}}],"collection":[{"href":"https:\/\/singuli.wpress.me\/index.php\/wp-json\/wp\/v2\/product"}],"about":[{"href":"https:\/\/singuli.wpress.me\/index.php\/wp-json\/wp\/v2\/types\/product"}],"version-history":[{"count":0,"href":"https:\/\/singuli.wpress.me\/index.php\/wp-json\/wp\/v2\/product\/45499\/revisions"}],"wp:featuredmedia":[{"embeddable":true,"href":"https:\/\/singuli.wpress.me\/index.php\/wp-json\/wp\/v2\/media\/45500"}],"wp:attachment":[{"href":"https:\/\/singuli.wpress.me\/index.php\/wp-json\/wp\/v2\/media?parent=45499"}],"wp:term":[{"taxonomy":"product_brand","embeddable":true,"href":"https:\/\/singuli.wpress.me\/index.php\/wp-json\/wp\/v2\/product_brand?post=45499"},{"taxonomy":"product_cat","embeddable":true,"href":"https:\/\/singuli.wpress.me\/index.php\/wp-json\/wp\/v2\/product_cat?post=45499"},{"taxonomy":"product_tag","embeddable":true,"href":"https:\/\/singuli.wpress.me\/index.php\/wp-json\/wp\/v2\/product_tag?post=45499"}],"curies":[{"name":"wp","href":"https:\/\/api.w.org\/{rel}","templated":true}]}}