{"id":45503,"date":"2026-04-20T12:41:09","date_gmt":"2026-04-20T12:41:09","guid":{"rendered":"https:\/\/singuli.wpress.me\/index.php\/proizvod\/domo-b3971-pekac-kruha\/"},"modified":"2026-04-21T00:27:30","modified_gmt":"2026-04-21T00:27:30","slug":"domo-b3971-pekac-kruha","status":"publish","type":"product","link":"https:\/\/singuli.wpress.me\/index.php\/proizvod\/domo-b3971-pekac-kruha\/","title":{"rendered":"DOMO B3971, peka\u010d kruha"},"content":{"rendered":"<p>Pe\u010denje kruha nikad nije bilo lak\u0161e!<br \/>\nNa vama je ho\u0107ete li preferirati klasi\u010dni p\u0161eni\u010dni kruh ili \u0107ete pripremiti ra\u017eeni, integralni, bezglutenski ili slatki kruh. Aparat ima 18 automatskih programa, tako da svje\u017ei kruh mo\u017eete pripremati na razli\u010dite na\u010dine. Ako ste u \u017eurbi, trebat \u0107e vam program za brzo pe\u010denje. A ako vam nijedan od njih ne odgovara, fino \u0107ete podesiti svoj program. Mo\u017eete birati izme\u0111u 3 razine (svijetla, srednja, tamna). Odgoda po\u010detka omogu\u0107uje odgodu pe\u010denja do 15 sati. Stoga sve pripremite nave\u010der i ujutro se prepustite ukusnom mirisu svje\u017ee pe\u010denog kruha. Zvu\u010dni signal vas upozorava na kraj programa i ako odmah ne isklju\u010dite ure\u0111aj, pe\u010deni kruh ostat \u0107e topao jo\u0161 sat vremena.<br \/>\nPotpuno automatski peka\u010d kruha opremljen je automatskim dodava\u010dem dodatnih sastojaka (npr. raznih sjemenki, ora\u0161astih plodova ili gro\u017e\u0111ica). Jednostavno pokrenete program i vi\u0161e ne morate brinuti. Ure\u0111aj sam mijesi tijesto koje \u0107e se dizati na odgovaraju\u0107oj temperaturi i dodati ostale sastojke u pravo vrijeme. Na kraj pe\u010denja aparat \u0107e vas upozoriti zvu\u010dnim signalom i ako ga ne isklju\u010dite grijat \u0107e vam kruh sat vremena nakon pe\u010denja kako biste ga kasnije mogli uzeti kao svje\u017ee pe\u010denog.<br \/>\nZahvaljuju\u0107i velikom i preglednom LCD ekranu visoke rezolucije, uvijek imate potpuni pregled tijeka pojedinih faza odabranog programa i preostalog vremena do njegovog zavr\u0161etka. Kroz stakleni prozor\u010di\u0107 na poklopcu mo\u017eete jednostavno pratiti i kontrolirati proces pripreme bez potrebe za otvaranjem aparata. Gumbi za brzi odabir olak\u0161avaju pronala\u017eenje naj\u010de\u0161\u0107e kori\u0161tenih programa mije\u0161enja i pe\u010denja.<br \/>\nAko ne odaberete niti jedan od unaprijed postavljenih programa, mo\u017eete detaljno postaviti vlastiti automatski program. S ovim programom mo\u017eete odabrati sve faze od mije\u0161enja do odr\u017eavanja temperature nakon pe\u010denja s precizno\u0161\u0107u do minute.<\/p>\n","protected":false},"excerpt":{"rendered":"<p>18 razli\u010ditih programa pe\u010denja<br \/>\nKontrola korice za svijetlu, srednju ili tamnu koru<br \/>\nTimer do 15 sati<\/p>\n","protected":false},"featured_media":45504,"template":"","meta":{"_seopress_robots_primary_cat":"","_seopress_titles_title":"","_seopress_titles_desc":"","_seopress_robots_index":"","iawp_total_views":0},"product_brand":[255],"product_cat":[266,265,160],"product_tag":[],"class_list":{"0":"post-45503","1":"product","2":"type-product","3":"status-publish","4":"has-post-thumbnail","6":"product_brand-domo","7":"product_cat-aparati-za-kuhanje-265","8":"product_cat-kuhinjski-aparati-160","9":"product_cat-mali-kucanski-aparati","11":"first","12":"instock","13":"shipping-taxable","14":"purchasable","15":"product-type-simple"},"_links":{"self":[{"href":"https:\/\/singuli.wpress.me\/index.php\/wp-json\/wp\/v2\/product\/45503","targetHints":{"allow":["GET"]}}],"collection":[{"href":"https:\/\/singuli.wpress.me\/index.php\/wp-json\/wp\/v2\/product"}],"about":[{"href":"https:\/\/singuli.wpress.me\/index.php\/wp-json\/wp\/v2\/types\/product"}],"version-history":[{"count":0,"href":"https:\/\/singuli.wpress.me\/index.php\/wp-json\/wp\/v2\/product\/45503\/revisions"}],"wp:featuredmedia":[{"embeddable":true,"href":"https:\/\/singuli.wpress.me\/index.php\/wp-json\/wp\/v2\/media\/45504"}],"wp:attachment":[{"href":"https:\/\/singuli.wpress.me\/index.php\/wp-json\/wp\/v2\/media?parent=45503"}],"wp:term":[{"taxonomy":"product_brand","embeddable":true,"href":"https:\/\/singuli.wpress.me\/index.php\/wp-json\/wp\/v2\/product_brand?post=45503"},{"taxonomy":"product_cat","embeddable":true,"href":"https:\/\/singuli.wpress.me\/index.php\/wp-json\/wp\/v2\/product_cat?post=45503"},{"taxonomy":"product_tag","embeddable":true,"href":"https:\/\/singuli.wpress.me\/index.php\/wp-json\/wp\/v2\/product_tag?post=45503"}],"curies":[{"name":"wp","href":"https:\/\/api.w.org\/{rel}","templated":true}]}}