{"id":45511,"date":"2026-04-20T12:41:11","date_gmt":"2026-04-20T12:41:11","guid":{"rendered":"https:\/\/singuli.wpress.me\/index.php\/proizvod\/manner-belvedere-mijesani-keksi-400-g\/"},"modified":"2026-04-20T12:41:11","modified_gmt":"2026-04-20T12:41:11","slug":"manner-belvedere-mijesani-keksi-400-g","status":"publish","type":"product","link":"https:\/\/singuli.wpress.me\/index.php\/proizvod\/manner-belvedere-mijesani-keksi-400-g\/","title":{"rendered":"MANNER Belvedere, mije\u0161ani keksi, 400\u00a0g"},"content":{"rendered":"<p>Klasi\u010dna varijanta za zasla\u0111ivanje popodnevne kave.<\/p>\n<p>Popularna mje\u0161avina kola\u010di\u0107a sastoji se od ukusne selekcije Manner keksa, vafla i raznih peciva, poput keksa s marmeladom i \u010dokoladom (sa ili bez \u0161e\u0107era), pereca i napolitanki, do\u010daravaju\u0107i dugu paletu okusa za svakoga! Belvedere mje\u0161avina keksa dostupna je u prigodnoj vre\u0107ici (400 g).<\/p>\n<p>Dali si znao?<\/p>\n<p>Da rije\u010d &quot;belvedere&quot; potje\u010de iz talijanskog, a jedan od opisnih slovenskih ekvivalenta za nju je izraz &quot;prekrasan pogled&quot;? Izvorno, koncept je pro\u0161iren na podru\u010dje arhitekture. Koristio se za ozna\u010davanje luksuznih zgrada s prekrasnim i \u0161irokim pogledom. Mannerova mje\u0161avina keksa svoje je plemenito ime dobila po be\u010dkoj baroknoj pala\u010di Belvedere s koje posjetiteljima i danas pru\u017ea \u0161armantan pogled na prekrasne vrtove i sredi\u0161te austrijske prijestolnice. Uz Mannerovu mje\u0161avinu Belvedere keksa mo\u017eete u\u017eivati \u200b\u200bu &quot;divnom pogledu&quot; kod ku\u0107e, sami ili u lijepom dru\u0161tvu. <\/p>\n","protected":false},"excerpt":{"rendered":"<p>Klasi\u010dna varijanta za zasla\u0111ivanje va\u0161e popodnevne kave<br \/>\nUkusan izbor kola\u010di\u0107a, vafla i raznih peciva<br \/>\nDolazi u prakti\u010dnom pakiranju<\/p>\n","protected":false},"featured_media":45512,"template":"","meta":{"_seopress_robots_primary_cat":"","_seopress_titles_title":"","_seopress_titles_desc":"","_seopress_robots_index":"","iawp_total_views":0},"product_brand":[810],"product_cat":[261,277],"product_tag":[],"class_list":{"0":"post-45511","1":"product","2":"type-product","3":"status-publish","4":"has-post-thumbnail","6":"product_brand-manner","7":"product_cat-hrana-i-pice","8":"product_cat-slatkisi-i-grickalice-261","10":"first","11":"instock","12":"shipping-taxable","13":"purchasable","14":"product-type-simple"},"_links":{"self":[{"href":"https:\/\/singuli.wpress.me\/index.php\/wp-json\/wp\/v2\/product\/45511","targetHints":{"allow":["GET"]}}],"collection":[{"href":"https:\/\/singuli.wpress.me\/index.php\/wp-json\/wp\/v2\/product"}],"about":[{"href":"https:\/\/singuli.wpress.me\/index.php\/wp-json\/wp\/v2\/types\/product"}],"version-history":[{"count":0,"href":"https:\/\/singuli.wpress.me\/index.php\/wp-json\/wp\/v2\/product\/45511\/revisions"}],"wp:featuredmedia":[{"embeddable":true,"href":"https:\/\/singuli.wpress.me\/index.php\/wp-json\/wp\/v2\/media\/45512"}],"wp:attachment":[{"href":"https:\/\/singuli.wpress.me\/index.php\/wp-json\/wp\/v2\/media?parent=45511"}],"wp:term":[{"taxonomy":"product_brand","embeddable":true,"href":"https:\/\/singuli.wpress.me\/index.php\/wp-json\/wp\/v2\/product_brand?post=45511"},{"taxonomy":"product_cat","embeddable":true,"href":"https:\/\/singuli.wpress.me\/index.php\/wp-json\/wp\/v2\/product_cat?post=45511"},{"taxonomy":"product_tag","embeddable":true,"href":"https:\/\/singuli.wpress.me\/index.php\/wp-json\/wp\/v2\/product_tag?post=45511"}],"curies":[{"name":"wp","href":"https:\/\/api.w.org\/{rel}","templated":true}]}}